{"id":18240,"date":"2025-01-20T14:10:41","date_gmt":"2025-01-20T15:10:41","guid":{"rendered":"https:\/\/guidetotheazores.pt\/product\/mezza-giornata-sentiero-escursionistico-delle-baie-di-agualva\/"},"modified":"2026-01-26T05:25:54","modified_gmt":"2026-01-26T06:25:54","slug":"mezza-giornata-sentiero-escursionistico-della-baia-di-agualva","status":"publish","type":"product","link":"https:\/\/guidetotheazores.pt\/it\/prodotto\/mezza-giornata-sentiero-escursionistico-della-baia-di-agualva\/","title":{"rendered":"Mezza giornata: Sentiero escursionistico Baia di Agualva"},"content":{"rendered":"<h2>Mezza giornata: Sentiero Baias da Agualva<\/h2>\n<p>Include: 4 ore (circa) &#8211; Trasporto &#8211; Pick up e drop off* &#8211; Portoghese, Inglese e Spagnolo &#8211; Minibus\/Minivan<\/p>\n<h3>Partenza:<\/h3>\n<p>Ora: 09h00 AM<\/p>\n<h3>Arrivo:<\/h3>\n<p>Ora: 01h00 PM<\/p>\n<h3>Informazioni sul percorso:<\/h3>\n<p>Categoria: Lineare<br \/>\nDifficolt\u00e0: Facile<br \/>\nEstinzione: 3,8 km<br \/>\nDurata approssimativa: 2h30<\/p>\n<h3>Descrizione<\/h3>\n<p>Scopri con noi l&#8217;impareggiabile bellezza dell&#8217;Agualva Bay Trail! Questo straordinario sentiero \u00e8 perfetto per gli escursionisti di tutti i livelli e non offre solo un&#8217;escursione, ma un&#8217;esperienza straordinaria per gli amanti dell&#8217;avventura che vogliono immergersi nelle meraviglie della natura. Questo sentiero, che si snoda tra i lussureggianti paesaggi dell&#8217;isola di Terceira, ti invita a entrare in contatto con la vibrante flora e fauna locale, rivelando la ricca biodiversit\u00e0 dell&#8217;isola (scopri di pi\u00f9 su <a href=\"https:\/\/guidetotheazores.pt\/it\/isola-di-terceira-lisola-dei-lilla\/\">Terceira, l&#8217;Isola Lilla<\/a>) e il suo fascino accattivante. Lungo il percorso, scoprirai panorami mozzafiato, viste costiere spettacolari e gemme nascoste che ti lasceranno a bocca aperta. Cogli l&#8217;opportunit\u00e0 di catturare momenti incredibili sullo sfondo di paesaggi mozzafiato, dove ogni svolta offre un nuovo ricordo perfetto che aspetta di essere realizzato. Dai sentieri tranquilli alle meraviglie naturali, questo percorso promette di risvegliare i tuoi sensi e ringiovanire il tuo spirito.     <\/p>\n<h3>Cosa \u00e8 incluso?<\/h3>\n<ul>\n<li>Trasporto da e per il sentiero<\/li>\n<li>Autista\/guida professionale certificata;<\/li>\n<li>Assicurazione di responsabilit\u00e0 civile;<\/li>\n<li>Assicurazione personale contro gli infortuni;<\/li>\n<li>*Il prelievo e la consegna avvengono presso gli hotel e le pensioni vicine al centro di Angra do Hero\u00edsmo. Al di fuori di quest&#8217;area \u00e8 possibile, ma \u00e8 previsto un supplemento. <\/li>\n<\/ul>\n<h3>Di cosa dovresti essere consapevole?<\/h3>\n<ul>\n<li>Minimo 2 persone;<\/li>\n<li>I bambini dai 6 ai 10 anni hanno uno sconto del 50%;<\/li>\n<li>Bambini fino a 5 anni gratis;<\/li>\n<li>Indossa calzature adeguate;<\/li>\n<li>Porta con te acqua e crema solare;<\/li>\n<li>Giacca da pioggia o giacca a vento.<\/li>\n<\/ul>\n<h3>Cancellazioni<\/h3>\n<p><!-- x-tinymce\/html --><\/p>\n<p>I clienti riceveranno un rimborso completo o un credito se la cancellazione viene effettuata fino a 24 ore prima dell&#8217;inizio dell&#8217;attivit\u00e0. Per qualsiasi domanda sulle opzioni di cancellazione e rimborso, contattaci. In caso di mancata presentazione, verr\u00e0 addebitato l&#8217;intero importo.  <\/p>\n","protected":false},"excerpt":{"rendered":"<p>Scopri il Sentiero della Baia di Agualva, una tappa obbligata per gli escursionisti e gli amanti della natura di ogni livello. Esplora i paesaggi mozzafiato dell&#8217;isola di Terceira e la vegetazione lussureggiante, creando ricordi indimenticabili lungo il percorso. <\/p>\n","protected":false},"featured_media":19475,"comment_status":"open","ping_status":"closed","template":"","meta":{"_acf_changed":false},"product_brand":[],"product_cat":[19256,637,19257,19271,19269,19278],"product_tag":[19320],"class_list":{"0":"post-18240","1":"product","2":"type-product","3":"status-publish","4":"has-post-thumbnail","6":"product_cat-attivita","7":"product_cat-tutte-le-isole","8":"product_cat-visite-guidate","9":"product_cat-escursioni","10":"product_cat-geoturismo","11":"product_cat-terceira-it","12":"product_tag-isoladiterceira","14":"first","15":"instock","16":"sold-individually","17":"purchasable","18":"product-type-phive_booking"},"acf":[],"_links":{"self":[{"href":"https:\/\/guidetotheazores.pt\/it\/wp-json\/wp\/v2\/product\/18240","targetHints":{"allow":["GET"]}}],"collection":[{"href":"https:\/\/guidetotheazores.pt\/it\/wp-json\/wp\/v2\/product"}],"about":[{"href":"https:\/\/guidetotheazores.pt\/it\/wp-json\/wp\/v2\/types\/product"}],"replies":[{"embeddable":true,"href":"https:\/\/guidetotheazores.pt\/it\/wp-json\/wp\/v2\/comments?post=18240"}],"wp:featuredmedia":[{"embeddable":true,"href":"https:\/\/guidetotheazores.pt\/it\/wp-json\/wp\/v2\/media\/19475"}],"wp:attachment":[{"href":"https:\/\/guidetotheazores.pt\/it\/wp-json\/wp\/v2\/media?parent=18240"}],"wp:term":[{"taxonomy":"product_brand","embeddable":true,"href":"https:\/\/guidetotheazores.pt\/it\/wp-json\/wp\/v2\/product_brand?post=18240"},{"taxonomy":"product_cat","embeddable":true,"href":"https:\/\/guidetotheazores.pt\/it\/wp-json\/wp\/v2\/product_cat?post=18240"},{"taxonomy":"product_tag","embeddable":true,"href":"https:\/\/guidetotheazores.pt\/it\/wp-json\/wp\/v2\/product_tag?post=18240"}],"curies":[{"name":"wp","href":"https:\/\/api.w.org\/{rel}","templated":true}]}}