{"id":18242,"date":"2025-01-20T14:17:33","date_gmt":"2025-01-20T15:17:33","guid":{"rendered":"https:\/\/guidetotheazores.pt\/product\/mezza-giornata-sentiero-escursionistico-misterios-negros\/"},"modified":"2026-01-04T13:14:58","modified_gmt":"2026-01-04T14:14:58","slug":"mezza-giornata-sentiero-escursionistico-misterios-negros","status":"publish","type":"product","link":"https:\/\/guidetotheazores.pt\/it\/prodotto\/mezza-giornata-sentiero-escursionistico-misterios-negros\/","title":{"rendered":"Mezza giornata: Sentiero escursionistico Mist\u00e9rios Negros"},"content":{"rendered":"<h2>Mezza giornata: Sentiero escursionistico Mist\u00e9rios Negros<\/h2>\n<p>Include: 4 ore (circa) &#8211; Trasporto &#8211; Pick up e drop off* &#8211; Portoghese, Inglese e Spagnolo &#8211; Minibus\/Minivan<\/p>\n<h3>Partenza:<\/h3>\n<p>Ora: 09h00 AM<\/p>\n<h3>Arrivo:<\/h3>\n<p>Ora: 01h00 PM<\/p>\n<h3>Informazioni sul percorso:<\/h3>\n<p>Categoria: Circolare<br \/>\nDifficolt\u00e0: Difficile<br \/>\nEstinzione: 4,9 km<br \/>\nDurata circa: 4 ore<\/p>\n<h3>Descrizione<\/h3>\n<p>Scopri l&#8217;incantevole Sentiero dei Misteri Neri sulla magnifica Isola di Terceira! Parti per un&#8217;incredibile avventura che ti porter\u00e0 attraverso paesaggi vulcanici dove ti immergerai nella bellezza unica della &#8220;foresta nuvolosa&#8221; delle Azzorre, un tipo di foresta mistica e lussureggiante che prospera nel clima speciale di queste isole. Ogni passo di questo percorso rivela le meraviglie naturali dell&#8217;isola, offrendo panorami mozzafiato e un&#8217;opportunit\u00e0 impareggiabile di esplorare la sua ricca biodiversit\u00e0. Questo sentiero ti invita a entrare in contatto con l&#8217;ambiente incontaminato dell&#8217;isola di Terceira, dove la bellezza grezza del terreno vulcanico incontra la magia serena della foresta nuvolosa. Che tu sia affascinato da paesaggi aspri, da una vegetazione vibrante o dalla tranquilla armonia della natura, questo viaggio ti lascer\u00e0 ispirato.    <\/p>\n<p>\u00c8 un&#8217;esperienza perfetta per gli avventurieri e gli amanti della natura.<\/p>\n<h3>Cosa \u00e8 incluso?<\/h3>\n<ul>\n<li>Trasporto da e per il sentiero<\/li>\n<li>Autista\/guida professionale certificata;<\/li>\n<li>Assicurazione di responsabilit\u00e0 civile;<\/li>\n<li>Assicurazione personale contro gli infortuni;<\/li>\n<li>*Il prelievo e la consegna avvengono presso gli hotel e le pensioni vicine al centro di Angra do Hero\u00edsmo. Al di fuori di quest&#8217;area \u00e8 possibile, ma \u00e8 previsto un supplemento. <\/li>\n<\/ul>\n<h3>Di cosa dovresti essere consapevole?<\/h3>\n<ul>\n<li>Minimo 2 persone;<\/li>\n<li>I bambini dai 6 ai 10 anni hanno uno sconto del 50%;<\/li>\n<li>Bambini fino a 5 anni gratis;<\/li>\n<li>Indossa calzature adeguate;<\/li>\n<li>Porta con te acqua e crema solare;<\/li>\n<li>Giacca da pioggia o giacca a vento.<\/li>\n<\/ul>\n<h3>Cancellazioni<\/h3>\n<p><!-- x-tinymce\/html --><\/p>\n<p>I clienti riceveranno un rimborso completo o un credito se la cancellazione viene effettuata fino a 24 ore prima dell&#8217;inizio dell&#8217;attivit\u00e0. Per qualsiasi domanda sulle opzioni di cancellazione e rimborso, contattaci. In caso di mancata presentazione, verr\u00e0 addebitato l&#8217;intero importo.  <\/p>\n","protected":false},"excerpt":{"rendered":"<p>Esplora il Sentiero dei Misteri Negros sull&#8217;Isola di Terceira! Cammina attraverso paesaggi vulcanici e l&#8217;incantevole &#8220;foresta nuvolosa&#8221;. Immergiti nella ricca biodiversit\u00e0 dell&#8217;isola e nei suoi panorami mozzafiato!  <\/p>\n","protected":false},"featured_media":19454,"comment_status":"open","ping_status":"closed","template":"","meta":{"_acf_changed":false},"product_brand":[],"product_cat":[19256,637,19257,19271,19269,19278],"product_tag":[19320],"class_list":{"0":"post-18242","1":"product","2":"type-product","3":"status-publish","4":"has-post-thumbnail","6":"product_cat-attivita","7":"product_cat-tutte-le-isole","8":"product_cat-visite-guidate","9":"product_cat-escursioni","10":"product_cat-geoturismo","11":"product_cat-terceira-it","12":"product_tag-isoladiterceira","14":"first","15":"instock","16":"virtual","17":"sold-individually","18":"taxable","19":"purchasable","20":"product-type-phive_booking"},"acf":[],"_links":{"self":[{"href":"https:\/\/guidetotheazores.pt\/it\/wp-json\/wp\/v2\/product\/18242","targetHints":{"allow":["GET"]}}],"collection":[{"href":"https:\/\/guidetotheazores.pt\/it\/wp-json\/wp\/v2\/product"}],"about":[{"href":"https:\/\/guidetotheazores.pt\/it\/wp-json\/wp\/v2\/types\/product"}],"replies":[{"embeddable":true,"href":"https:\/\/guidetotheazores.pt\/it\/wp-json\/wp\/v2\/comments?post=18242"}],"wp:featuredmedia":[{"embeddable":true,"href":"https:\/\/guidetotheazores.pt\/it\/wp-json\/wp\/v2\/media\/19454"}],"wp:attachment":[{"href":"https:\/\/guidetotheazores.pt\/it\/wp-json\/wp\/v2\/media?parent=18242"}],"wp:term":[{"taxonomy":"product_brand","embeddable":true,"href":"https:\/\/guidetotheazores.pt\/it\/wp-json\/wp\/v2\/product_brand?post=18242"},{"taxonomy":"product_cat","embeddable":true,"href":"https:\/\/guidetotheazores.pt\/it\/wp-json\/wp\/v2\/product_cat?post=18242"},{"taxonomy":"product_tag","embeddable":true,"href":"https:\/\/guidetotheazores.pt\/it\/wp-json\/wp\/v2\/product_tag?post=18242"}],"curies":[{"name":"wp","href":"https:\/\/api.w.org\/{rel}","templated":true}]}}