{"id":18243,"date":"2025-01-20T14:23:45","date_gmt":"2025-01-20T15:23:45","guid":{"rendered":"https:\/\/guidetotheazores.pt\/product\/mezza-giornata-sentiero-escursionistico-passagem-das-bestas-con-degustazione-di-formaggio\/"},"modified":"2026-01-04T13:14:22","modified_gmt":"2026-01-04T14:14:22","slug":"mezza-giornata-sentiero-escursionistico-passagem-das-bestas-con-degustazione-di-formaggio","status":"publish","type":"product","link":"https:\/\/guidetotheazores.pt\/it\/prodotto\/mezza-giornata-sentiero-escursionistico-passagem-das-bestas-con-degustazione-di-formaggio\/","title":{"rendered":"Mezza giornata: Sentiero escursionistico Passagem das Bestas con degustazione di formaggio"},"content":{"rendered":"<h2>Sentiero Passagem das Bestas con degustazione di formaggi<\/h2>\n<p>Include: 4 ore (circa) &#8211; Degustazione di formaggi &#8211; Pick up e drop off* &#8211; Portoghese, inglese e spagnolo &#8211; Minibus\/Minivan<\/p>\n<h3>Partenza:<\/h3>\n<p>Ora: 09h00 AM<\/p>\n<h3>Arrivo:<\/h3>\n<p>Ora: 01h00 PM<\/p>\n<h3>Informazioni sul percorso:<\/h3>\n<p>Categoria: Circolare<br \/>\nDifficolt\u00e0: Media<br \/>\nEstinzione: 4 km<br \/>\nDurata approssimativa: 2h30<\/p>\n<h3>Descrizione<\/h3>\n<p>Scopri l&#8217;affascinante percorso circolare nella Caldeira de Guilherme Moniz, un&#8217;area geologica protetta ricca di foreste macaronesiche e torbiere che sostengono le falde acquifere di questo complesso vulcanico di 23.000 anni! Il sentiero inizia vicino al parcheggio e ti porta attraverso antichi campi di lava e sentieri scavati dai carri trainati dai buoi che un tempo recuperavano la legna dalla caldera. Prosegui attraverso paesaggi mozzafiato, attraversando una foresta di cedri e scorgendo il Vulcano Cinco Picos, la caldera pi\u00f9 grande delle Azzorre.  <\/p>\n<p>Abbiamo concluso il nostro tour con una visita al mercato dei prodotti regionali e una degustazione di formaggi, presso Quinta dos A\u00e7ores.<\/p>\n<h3>Cosa \u00e8 incluso?<\/h3>\n<ul>\n<li>Trasporto da e per il percorso;<\/li>\n<li>Autista\/guida professionale certificata;<\/li>\n<li>Assicurazione di responsabilit\u00e0 civile;<\/li>\n<li>Assicurazione personale contro gli infortuni;<\/li>\n<li>*Il prelievo e la consegna avvengono presso gli hotel e le pensioni vicine al centro di Angra do Hero\u00edsmo. Al di fuori di quest&#8217;area \u00e8 possibile, ma \u00e8 previsto un supplemento. <\/li>\n<\/ul>\n<h3>Di cosa dovresti essere consapevole?<\/h3>\n<ul>\n<li>Minimo 2 persone;<\/li>\n<li>I bambini dai 6 ai 10 anni hanno uno sconto del 50%;<\/li>\n<li>Bambini fino a 5 anni gratis;<\/li>\n<li>Indossa calzature adeguate;<\/li>\n<li>Porta con te acqua e crema solare;<\/li>\n<li>Giacca da pioggia o giacca a vento.<\/li>\n<\/ul>\n<h3>Cancellazioni<\/h3>\n<p><!-- x-tinymce\/html --><\/p>\n<p>I clienti riceveranno un rimborso completo o un credito se la cancellazione viene effettuata fino a 24 ore prima dell&#8217;inizio dell&#8217;attivit\u00e0. Per qualsiasi domanda sulle opzioni di cancellazione e rimborso, contattaci. In caso di mancata presentazione, verr\u00e0 addebitato l&#8217;intero importo.  <\/p>\n","protected":false},"excerpt":{"rendered":"<p>Lasciati abbagliare da questo tour nei dintorni di Caldeira Guilherme Moniz. Goditi gli impressionanti paesaggi di una delle zone pi\u00f9 belle dell&#8217;isola. Termina con una degustazione di formaggi di produzione locale.  <\/p>\n","protected":false},"featured_media":19436,"comment_status":"open","ping_status":"closed","template":"","meta":{"_acf_changed":false},"product_brand":[],"product_cat":[19256,637,19257,19271,19269,19278],"product_tag":[19320],"class_list":{"0":"post-18243","1":"product","2":"type-product","3":"status-publish","4":"has-post-thumbnail","6":"product_cat-attivita","7":"product_cat-tutte-le-isole","8":"product_cat-visite-guidate","9":"product_cat-escursioni","10":"product_cat-geoturismo","11":"product_cat-terceira-it","12":"product_tag-isoladiterceira","14":"first","15":"instock","16":"virtual","17":"sold-individually","18":"taxable","19":"purchasable","20":"product-type-phive_booking"},"acf":[],"_links":{"self":[{"href":"https:\/\/guidetotheazores.pt\/it\/wp-json\/wp\/v2\/product\/18243","targetHints":{"allow":["GET"]}}],"collection":[{"href":"https:\/\/guidetotheazores.pt\/it\/wp-json\/wp\/v2\/product"}],"about":[{"href":"https:\/\/guidetotheazores.pt\/it\/wp-json\/wp\/v2\/types\/product"}],"replies":[{"embeddable":true,"href":"https:\/\/guidetotheazores.pt\/it\/wp-json\/wp\/v2\/comments?post=18243"}],"wp:featuredmedia":[{"embeddable":true,"href":"https:\/\/guidetotheazores.pt\/it\/wp-json\/wp\/v2\/media\/19436"}],"wp:attachment":[{"href":"https:\/\/guidetotheazores.pt\/it\/wp-json\/wp\/v2\/media?parent=18243"}],"wp:term":[{"taxonomy":"product_brand","embeddable":true,"href":"https:\/\/guidetotheazores.pt\/it\/wp-json\/wp\/v2\/product_brand?post=18243"},{"taxonomy":"product_cat","embeddable":true,"href":"https:\/\/guidetotheazores.pt\/it\/wp-json\/wp\/v2\/product_cat?post=18243"},{"taxonomy":"product_tag","embeddable":true,"href":"https:\/\/guidetotheazores.pt\/it\/wp-json\/wp\/v2\/product_tag?post=18243"}],"curies":[{"name":"wp","href":"https:\/\/api.w.org\/{rel}","templated":true}]}}