{"id":18874,"date":"2025-05-15T21:39:01","date_gmt":"2025-05-15T22:39:01","guid":{"rendered":"https:\/\/guidetotheazores.pt\/product\/principiante-di-sup\/"},"modified":"2026-01-04T12:54:14","modified_gmt":"2026-01-04T13:54:14","slug":"principiante-di-sup","status":"publish","type":"product","link":"https:\/\/guidetotheazores.pt\/it\/prodotto\/principiante-di-sup\/","title":{"rendered":"Stand Up Paddle (SUP) per principianti"},"content":{"rendered":"<p>Il livello Principiante \u00e8 adatto a chi vuole avvicinarsi per la prima volta a questa attivit\u00e0 avventurosa. Il livello \u00e8 caratterizzato da una bassa difficolt\u00e0 e da aree facilmente accessibili, dove imparerai le tecniche principali e le regole di sicurezza. <\/p>\n<p>Include:<\/p>\n<ul class=\"include\">\n<li><span dir=\"auto\">Pick up e drop off presso l&#8217;alloggio;<\/span><\/li>\n<li><i class=\"input-icon field-icon fa\"><\/i><span dir=\"auto\">Attrezzature specializzate;<\/span><\/li>\n<li><i class=\"input-icon field-icon fa\"><\/i><span dir=\"auto\">Accompagnamento della guida;<\/span><\/li>\n<li><i class=\"input-icon field-icon fa\"><\/i><span dir=\"auto\">Spuntino;<\/span><\/li>\n<li><i class=\"input-icon field-icon fa\"><\/i><span dir=\"auto\">Sicuro.<\/span><\/li>\n<\/ul>\n","protected":false},"excerpt":{"rendered":"<p>Il livello Principiante \u00e8 adatto a chi vuole avvicinarsi per la prima volta a questa attivit\u00e0 avventurosa. Il livello \u00e8 caratterizzato da una bassa difficolt\u00e0 e da aree facilmente accessibili, dove imparerai le tecniche principali e le regole di sicurezza. <\/p>\n","protected":false},"featured_media":18871,"comment_status":"open","ping_status":"closed","template":"","meta":{"_acf_changed":false},"product_brand":[],"product_cat":[19256,637,19278],"product_tag":[19320],"class_list":{"0":"post-18874","1":"product","2":"type-product","3":"status-publish","4":"has-post-thumbnail","6":"product_cat-attivita","7":"product_cat-tutte-le-isole","8":"product_cat-terceira-it","9":"product_tag-isoladiterceira","11":"first","12":"instock","13":"virtual","14":"sold-individually","15":"taxable","16":"purchasable","17":"product-type-phive_booking"},"acf":[],"_links":{"self":[{"href":"https:\/\/guidetotheazores.pt\/it\/wp-json\/wp\/v2\/product\/18874","targetHints":{"allow":["GET"]}}],"collection":[{"href":"https:\/\/guidetotheazores.pt\/it\/wp-json\/wp\/v2\/product"}],"about":[{"href":"https:\/\/guidetotheazores.pt\/it\/wp-json\/wp\/v2\/types\/product"}],"replies":[{"embeddable":true,"href":"https:\/\/guidetotheazores.pt\/it\/wp-json\/wp\/v2\/comments?post=18874"}],"wp:featuredmedia":[{"embeddable":true,"href":"https:\/\/guidetotheazores.pt\/it\/wp-json\/wp\/v2\/media\/18871"}],"wp:attachment":[{"href":"https:\/\/guidetotheazores.pt\/it\/wp-json\/wp\/v2\/media?parent=18874"}],"wp:term":[{"taxonomy":"product_brand","embeddable":true,"href":"https:\/\/guidetotheazores.pt\/it\/wp-json\/wp\/v2\/product_brand?post=18874"},{"taxonomy":"product_cat","embeddable":true,"href":"https:\/\/guidetotheazores.pt\/it\/wp-json\/wp\/v2\/product_cat?post=18874"},{"taxonomy":"product_tag","embeddable":true,"href":"https:\/\/guidetotheazores.pt\/it\/wp-json\/wp\/v2\/product_tag?post=18874"}],"curies":[{"name":"wp","href":"https:\/\/api.w.org\/{rel}","templated":true}]}}