{"id":18876,"date":"2025-05-13T05:47:34","date_gmt":"2025-05-13T06:47:34","guid":{"rendered":"https:\/\/guidetotheazores.pt\/product\/4-picchi-4-vulcani\/"},"modified":"2026-01-04T13:10:45","modified_gmt":"2026-01-04T14:10:45","slug":"4-picchi-4-vulcani","status":"publish","type":"product","link":"https:\/\/guidetotheazores.pt\/it\/prodotto\/4-picchi-4-vulcani\/","title":{"rendered":"4 picchi, 4 vulcani"},"content":{"rendered":"<p>Nel corso di questa esperienza, scoprirai l&#8217;isola di Terceira e i principali fenomeni vulcanici che l&#8217;hanno plasmata, che oggi ospitano paesaggi mozzafiato &#8211; come l&#8217;Algar do Carv\u00e3o, l&#8217;unico vulcano al mondo che pu\u00f2 essere visitato a piedi.<\/p>\n<p>Dove un tempo passavano antiche eruzioni, prospera ancora una delle pi\u00f9 antiche e ultime foreste autoctone d&#8217;Europa: la foresta Laurissilva di Macaronesia, una foresta misteriosa e umida ricca di specie endemiche.<\/p>\n<p>Questo viaggio \u00e8 alla ricerca del pi\u00f9 grande tesoro naturale dell&#8217;isola, esplorando uno dei pi\u00f9 grandi parchi naturali delle Azzorre, che fa parte del &#8220;Geoparco delle Azzorre&#8221;. Il tour si svolge in furgone, con brevi percorsi a piedi lungo il percorso. <\/p>\n","protected":false},"excerpt":{"rendered":"<p>Nel corso di questa esperienza, scoprirai l&#8217;isola di Terceira e i principali fenomeni vulcanici che l&#8217;hanno plasmata, che oggi ospitano paesaggi mozzafiato &#8211; come l&#8217;Algar do Carv\u00e3o, l&#8217;unico vulcano al mondo che pu\u00f2 essere visitato a piedi.<\/p>\n","protected":false},"featured_media":18846,"comment_status":"open","ping_status":"closed","template":"","meta":{"_acf_changed":false},"product_brand":[],"product_cat":[19256,637,19257,19278],"product_tag":[19320],"class_list":{"0":"post-18876","1":"product","2":"type-product","3":"status-publish","4":"has-post-thumbnail","6":"product_cat-attivita","7":"product_cat-tutte-le-isole","8":"product_cat-visite-guidate","9":"product_cat-terceira-it","10":"product_tag-isoladiterceira","12":"first","13":"instock","14":"virtual","15":"sold-individually","16":"taxable","17":"purchasable","18":"product-type-phive_booking"},"acf":[],"_links":{"self":[{"href":"https:\/\/guidetotheazores.pt\/it\/wp-json\/wp\/v2\/product\/18876","targetHints":{"allow":["GET"]}}],"collection":[{"href":"https:\/\/guidetotheazores.pt\/it\/wp-json\/wp\/v2\/product"}],"about":[{"href":"https:\/\/guidetotheazores.pt\/it\/wp-json\/wp\/v2\/types\/product"}],"replies":[{"embeddable":true,"href":"https:\/\/guidetotheazores.pt\/it\/wp-json\/wp\/v2\/comments?post=18876"}],"wp:featuredmedia":[{"embeddable":true,"href":"https:\/\/guidetotheazores.pt\/it\/wp-json\/wp\/v2\/media\/18846"}],"wp:attachment":[{"href":"https:\/\/guidetotheazores.pt\/it\/wp-json\/wp\/v2\/media?parent=18876"}],"wp:term":[{"taxonomy":"product_brand","embeddable":true,"href":"https:\/\/guidetotheazores.pt\/it\/wp-json\/wp\/v2\/product_brand?post=18876"},{"taxonomy":"product_cat","embeddable":true,"href":"https:\/\/guidetotheazores.pt\/it\/wp-json\/wp\/v2\/product_cat?post=18876"},{"taxonomy":"product_tag","embeddable":true,"href":"https:\/\/guidetotheazores.pt\/it\/wp-json\/wp\/v2\/product_tag?post=18876"}],"curies":[{"name":"wp","href":"https:\/\/api.w.org\/{rel}","templated":true}]}}