{"id":19889,"date":"2026-01-06T08:29:44","date_gmt":"2026-01-06T09:29:44","guid":{"rendered":"https:\/\/guidetotheazores.pt\/product\/safari-di-un-giorno-intero-in-4x4-sete-cidades-e-lagoa-do-fogo\/"},"modified":"2026-01-26T05:22:37","modified_gmt":"2026-01-26T06:22:37","slug":"safari-di-un-giorno-intero-in-4x4-sete-cidades-e-lagoa-do-fogo","status":"publish","type":"product","link":"https:\/\/guidetotheazores.pt\/it\/prodotto\/safari-di-un-giorno-intero-in-4x4-sete-cidades-e-lagoa-do-fogo\/","title":{"rendered":"Safari di un giorno intero in 4&#215;4: Sete Cidades e Lagoa do Fogo"},"content":{"rendered":"<h2 data-start=\"273\" data-end=\"469\">Esplora le meraviglie di Sete Cidades e Lagoa Do Fogo con un tour di un giorno intero in 4\u00d74!<\/h2>\n<p class=\"\" data-start=\"273\" data-end=\"469\">Esplora i drammatici paesaggi vulcanici e le meraviglie naturali di S\u00e3o Miguel in questo tour in jeep di un&#8217;intera giornata, che combina due delle attrazioni pi\u00f9 iconiche dell&#8217;isola: <strong data-start=\"430\" data-end=\"446\">Sete Cidades<\/strong> e <strong data-start=\"451\" data-end=\"468\">Lagoa do Fogo<\/strong>.<\/p>\n<p class=\"\" data-start=\"471\" data-end=\"840\">Inizieremo la giornata a <strong data-start=\"491\" data-end=\"508\">Ponta Delgada<\/strong>, dirigendoci verso ovest per visitare il <strong data-start=\"532\" data-end=\"561\">Miradouro da Vista do Rei<\/strong>, dove potrai ammirare la famosa vista panoramica dei laghi gemelli all&#8217;interno del cratere vulcanico di Sete Cidades (scopri di pi\u00f9 sulla <a href=\"https:\/\/guidetotheazores.pt\/emerald-and-azure-twins-the-magic-of-sete-cidades\/\">magia dei laghi gemelli<\/a>). Da l\u00ec, scendiamo verso le rive della <strong data-start=\"709\" data-end=\"735\">Lagoa das Sete Cidades<\/strong> ed esploriamo il tranquillo villaggio di <strong data-start=\"772\" data-end=\"788\">Sete Cidades<\/strong>, dove si trova la pittoresca <strong data-start=\"814\" data-end=\"839\">Igreja de S\u00e3o Nicolau<\/strong>. <\/p>\n<p class=\"\" data-start=\"842\" data-end=\"1141\">Continuando il viaggio, passeremo accanto allo storico acquedotto di <strong data-start=\"890\" data-end=\"915\">Muro das Nove Janelas<\/strong> e ci dirigeremo verso la costa frastagliata vicino a <strong data-start=\"967\" data-end=\"978\">Capelas<\/strong>, che offre viste sull&#8217;oceano e formazioni rocciose vulcaniche. Ci fermeremo anche alla <strong data-start=\"1050\" data-end=\"1070\">Mulher do Capote<\/strong>, una distilleria locale dove potrai assaggiare i liquori tradizionali delle Azzorre. <\/p>\n<p class=\"\" data-start=\"1143\" data-end=\"1444\">Dopo una rilassante <strong data-start=\"1160\" data-end=\"1175\">pausa pranzo<\/strong>, ci dirigiamo verso <strong data-start=\"1196\" data-end=\"1214\">Ribeira Grande<\/strong>, la citt\u00e0 settentrionale dell&#8217;isola nota per il suo fascino storico e l&#8217;attivit\u00e0 geotermica. Da l\u00ec, visiteremo la scenografica <strong data-start=\"1329\" data-end=\"1359\">cascata Salto do Cabrito<\/strong>, nascosta nel lussureggiante interno dell&#8217;isola: una gemma nascosta perfetta per gli amanti della natura. <\/p>\n<p>Concludiamo la giornata con un&#8217;escursione in auto fino alla <strong data-start=\"158\" data-end=\"190\">Lagoa do Fogo (Lago di Fuoco)<\/strong>, uno dei laghi craterici pi\u00f9 belli e incontaminati dell&#8217;isola. Circondato da ripidi pendii e foreste autoctone, \u00e8 un luogo tranquillo con una vista mozzafiato sul lago e sull&#8217;isola. Dal <strong data-start=\"382\" data-end=\"414\">Miradouro do Pico da Barrosa<\/strong>, potrai ammirare uno dei migliori punti panoramici di S\u00e3o Miguel prima di tornare a <strong data-start=\"488\" data-end=\"505\">Ponta Delgada<\/strong>.  <\/p>\n<p class=\"\" data-start=\"1143\" data-end=\"1444\"><strong>Puoi programmare il pranzo direttamente con l&#8217;autista della jeep.<\/strong><\/p>\n<p>Al Safari Azores crediamo che il modo migliore per vivere S\u00e3o Miguel sia fuori dai sentieri battuti. Le nostre esperte guide locali ti accompagnano in avventure in jeep 4\u00d74 attraverso laghi craterici, cascate, scogliere costiere e villaggi incantevoli, condividendo le storie e le tradizioni dell&#8217;isola lungo il percorso. <\/p>\n<p>Grazie a piccoli gruppi, al servizio di prelievo dall&#8217;hotel e a un tocco personale, ogni tour \u00e8 pensato per offrirti un&#8217;esperienza rilassante, autentica e indimenticabile. Lascia che ti portiamo fuori dai sentieri battuti e ti mostriamo la vera bellezza delle Azzorre. <\/p>\n<p>&nbsp;<\/p>\n","protected":false},"excerpt":{"rendered":"<h2 data-start=\"273\" data-end=\"469\">Esplora le meraviglie di Sete Cidades e Lagoa Do Fogo con un tour di un giorno intero in 4\u00d74!<\/h2>\n<p class=\"\" data-start=\"273\" data-end=\"469\">Esplora i drammatici paesaggi vulcanici e le meraviglie naturali di S\u00e3o Miguel in questo tour in jeep di un&#8217;intera giornata, che combina due delle attrazioni pi\u00f9 iconiche dell&#8217;isola: <strong data-start=\"430\" data-end=\"446\">Sete Cidades<\/strong> e <strong data-start=\"451\" data-end=\"468\">Lagoa do Fogo<\/strong>.<\/p>\n","protected":false},"featured_media":19856,"comment_status":"open","ping_status":"closed","template":"","meta":{"_acf_changed":false},"product_brand":[],"product_cat":[19256,19305,637,19257,422],"product_tag":[19323],"class_list":{"0":"post-19889","1":"product","2":"type-product","3":"status-publish","4":"has-post-thumbnail","6":"product_cat-attivita","7":"product_cat-sao-miguel-it","8":"product_cat-tutte-le-isole","9":"product_cat-visite-guidate","10":"product_cat-tour-packages","11":"product_tag-isoladisanmiguel","13":"first","14":"instock","15":"virtual","16":"sold-individually","17":"taxable","18":"purchasable","19":"product-type-phive_booking"},"acf":[],"_links":{"self":[{"href":"https:\/\/guidetotheazores.pt\/it\/wp-json\/wp\/v2\/product\/19889","targetHints":{"allow":["GET"]}}],"collection":[{"href":"https:\/\/guidetotheazores.pt\/it\/wp-json\/wp\/v2\/product"}],"about":[{"href":"https:\/\/guidetotheazores.pt\/it\/wp-json\/wp\/v2\/types\/product"}],"replies":[{"embeddable":true,"href":"https:\/\/guidetotheazores.pt\/it\/wp-json\/wp\/v2\/comments?post=19889"}],"wp:featuredmedia":[{"embeddable":true,"href":"https:\/\/guidetotheazores.pt\/it\/wp-json\/wp\/v2\/media\/19856"}],"wp:attachment":[{"href":"https:\/\/guidetotheazores.pt\/it\/wp-json\/wp\/v2\/media?parent=19889"}],"wp:term":[{"taxonomy":"product_brand","embeddable":true,"href":"https:\/\/guidetotheazores.pt\/it\/wp-json\/wp\/v2\/product_brand?post=19889"},{"taxonomy":"product_cat","embeddable":true,"href":"https:\/\/guidetotheazores.pt\/it\/wp-json\/wp\/v2\/product_cat?post=19889"},{"taxonomy":"product_tag","embeddable":true,"href":"https:\/\/guidetotheazores.pt\/it\/wp-json\/wp\/v2\/product_tag?post=19889"}],"curies":[{"name":"wp","href":"https:\/\/api.w.org\/{rel}","templated":true}]}}