{"id":24213,"date":"2026-05-07T06:51:43","date_gmt":"2026-05-07T07:51:43","guid":{"rendered":"https:\/\/guidetotheazores.pt\/product\/tour-a-piedi-della-citta-di-ponta-delgada\/"},"modified":"2026-05-07T06:51:43","modified_gmt":"2026-05-07T07:51:43","slug":"tour-a-piedi-della-citta-di-ponta-delgada","status":"publish","type":"product","link":"https:\/\/guidetotheazores.pt\/it\/prodotto\/tour-a-piedi-della-citta-di-ponta-delgada\/","title":{"rendered":"Tour a piedi della citt\u00e0 di Ponta Delgada"},"content":{"rendered":"<div class=\"subsection\" data-v-68eac83b=\"\">\n<div class=\"content-builder-markdown-view\" data-v-316d1a1e=\"\" data-v-68eac83b=\"\">\n<p>Entra nella storia della nostra citt\u00e0. Questo tour intimo a piedi ti porta al di l\u00e0 delle guide e nei vicoli acciottolati e negli angoli storici dove vivono le leggende. Guidato da un esperto del posto, ascolterai i racconti dei secoli passati, scoprirai le meraviglie architettoniche nascoste in bella vista e sentirai il ritmo vibrante della vita quotidiana. \u00c8 pi\u00f9 di un tour: \u00e8 una connessione autentica con l&#8217;anima della citt\u00e0.   <\/p>\n<\/div>\n<\/div>\n<div class=\"subsection\" data-v-68eac83b=\"\"><span class=\"fh-text fh-text--body-lg fh-text--bold block\" data-v-3872b9c5=\"\" data-v-68eac83b=\"\">Cosa \u00e8 incluso<\/span><\/p>\n<div class=\"content-builder-markdown-view\" data-v-316d1a1e=\"\" data-v-68eac83b=\"\">\n<ul>\n<li>Guida turistica<\/li>\n<li>Assicurazione<\/li>\n<\/ul>\n<\/div>\n<\/div>\n<div class=\"subsection\" data-v-68eac83b=\"\"><span class=\"fh-text fh-text--body-lg fh-text--bold block\" data-v-3872b9c5=\"\" data-v-68eac83b=\"\">Cosa non \u00e8 incluso<\/span><\/p>\n<div class=\"content-builder-markdown-view\" data-v-316d1a1e=\"\" data-v-68eac83b=\"\">\n<ul>\n<li>Mance<\/li>\n<li>Pasti, snack e bevande<\/li>\n<\/ul>\n<\/div>\n<\/div>\n<div class=\"subsection\" data-v-68eac83b=\"\"><span class=\"fh-text fh-text--body-lg fh-text--bold block\" data-v-3872b9c5=\"\" data-v-68eac83b=\"\">Itinerario<\/span><\/p>\n<div class=\"content-builder-markdown-view\" data-v-316d1a1e=\"\" data-v-68eac83b=\"\">\n<ul>\n<li>Punto d&#8217;incontro alle porte della citt\u00e0 di Ponta Delgada. Cerca la guida turistica con la Tshirt flowtours con la bandiera e il logo. <\/li>\n<\/ul>\n<\/div>\n<\/div>\n<div class=\"subsection\" data-v-68eac83b=\"\"><span class=\"fh-text fh-text--body-lg fh-text--bold block\" data-v-3872b9c5=\"\" data-v-68eac83b=\"\">Punti salienti<\/span><\/p>\n<div class=\"content-builder-markdown-view\" data-v-316d1a1e=\"\" data-v-68eac83b=\"\">\n<p>Guide locali esperte: Scopri la citt\u00e0 attraverso gli occhi di persone appassionate del posto, che condividono storie di insider e gemme nascoste che non troverai nelle guide.<\/p>\n<p>Punti di riferimento iconici e vicoli nascosti: Scopri le attrazioni imperdibili e poi addentrati in strade e piazze affascinanti e meno conosciute.<\/p>\n<p>Narrazione coinvolgente: Vai oltre i fatti e le date: ascolta i racconti accattivanti della storia, della cultura e delle leggende della citt\u00e0.<\/p>\n<p>Perfetto per tutti i tipi di passo: Goditi un&#8217;andatura rilassata con ampie possibilit\u00e0 di scattare foto, fare domande e immergerti nell&#8217;atmosfera.<\/p>\n<p>Esperienza in piccolo gruppo: Approfitta di un tour personalizzato in cui potrai interagire facilmente con la tua guida e i tuoi compagni di viaggio.<\/p>\n<p>Orientamento e raccomandazioni: Ottieni una fantastica panoramica della citt\u00e0, oltre a preziosi consigli per il resto del tuo soggiorno, dalla ristorazione all&#8217;esplorazione.<\/p>\n<\/div>\n<\/div>\n","protected":false},"excerpt":{"rendered":"<p>Entra nella storia della nostra citt\u00e0. Questo tour intimo a piedi ti porta al di l\u00e0 delle guide e nei vicoli acciottolati e negli angoli storici dove vivono le leggende. Guidato da un esperto del posto, ascolterai i racconti dei secoli passati, scoprirai le meraviglie architettoniche nascoste in bella vista e sentirai il ritmo vibrante della vita quotidiana. \u00c8 pi\u00f9 di un tour: \u00e8 una connessione autentica con l&#8217;anima della citt\u00e0.<br \/>\n&nbsp;<\/p>\n<p><script src=\"https:\/\/fareharbor.com\/embeds\/script\/calendar\/flowtours\/items\/645510\/?asn=fhdn-eur&amp;asn-ref=guidetotheazores&amp;ref=guidetotheazores&amp;bookable-only=yes&amp;full-items=yes&amp;marketplace=yes&amp;flow=no&amp;branding=no\"><\/script><\/p>\n<p>Durata &#8211; 3 ore<br \/>\nPunto d&#8217;incontro &#8211; Porte della citt\u00e0 di Ponta Delgada<br \/>\nGruppo &#8211; 20 persone<\/p>\n","protected":false},"featured_media":24199,"comment_status":"closed","ping_status":"closed","template":"","meta":{"_acf_changed":false},"product_brand":[],"product_cat":[19256,19305,637,19257],"product_tag":[19323],"class_list":{"0":"post-24213","1":"product","2":"type-product","3":"status-publish","4":"has-post-thumbnail","6":"product_cat-attivita","7":"product_cat-sao-miguel-it","8":"product_cat-tutte-le-isole","9":"product_cat-visite-guidate","10":"product_tag-isoladisanmiguel","12":"first","13":"instock","14":"taxable","15":"shipping-taxable","16":"product-type-external"},"acf":[],"_links":{"self":[{"href":"https:\/\/guidetotheazores.pt\/it\/wp-json\/wp\/v2\/product\/24213","targetHints":{"allow":["GET"]}}],"collection":[{"href":"https:\/\/guidetotheazores.pt\/it\/wp-json\/wp\/v2\/product"}],"about":[{"href":"https:\/\/guidetotheazores.pt\/it\/wp-json\/wp\/v2\/types\/product"}],"replies":[{"embeddable":true,"href":"https:\/\/guidetotheazores.pt\/it\/wp-json\/wp\/v2\/comments?post=24213"}],"wp:featuredmedia":[{"embeddable":true,"href":"https:\/\/guidetotheazores.pt\/it\/wp-json\/wp\/v2\/media\/24199"}],"wp:attachment":[{"href":"https:\/\/guidetotheazores.pt\/it\/wp-json\/wp\/v2\/media?parent=24213"}],"wp:term":[{"taxonomy":"product_brand","embeddable":true,"href":"https:\/\/guidetotheazores.pt\/it\/wp-json\/wp\/v2\/product_brand?post=24213"},{"taxonomy":"product_cat","embeddable":true,"href":"https:\/\/guidetotheazores.pt\/it\/wp-json\/wp\/v2\/product_cat?post=24213"},{"taxonomy":"product_tag","embeddable":true,"href":"https:\/\/guidetotheazores.pt\/it\/wp-json\/wp\/v2\/product_tag?post=24213"}],"curies":[{"name":"wp","href":"https:\/\/api.w.org\/{rel}","templated":true}]}}