{"id":24265,"date":"2026-05-07T07:18:26","date_gmt":"2026-05-07T08:18:26","guid":{"rendered":"https:\/\/guidetotheazores.pt\/product\/tour-safari-4x4-lago-di-fuoco-mezza-giornata\/"},"modified":"2026-05-07T07:18:26","modified_gmt":"2026-05-07T08:18:26","slug":"tour-safari-4x4-lago-di-fuoco-mezza-giornata","status":"publish","type":"product","link":"https:\/\/guidetotheazores.pt\/it\/prodotto\/tour-safari-4x4-lago-di-fuoco-mezza-giornata\/","title":{"rendered":"Tour Safari 4&#215;4 &#8211; Lago di Fuoco | Mezza giornata"},"content":{"rendered":"<div class=\"subsection\" data-v-68eac83b=\"\">\n<div class=\"content-builder-markdown-view\" data-v-316d1a1e=\"\" data-v-68eac83b=\"\">\n<p>Scopri il cuore di S\u00e3o Miguel con questo emozionante Lagoa do Fogo Jeep Tour, dove ti aspettano paesaggi mozzafiato e gemme nascoste. A differenza dei tour tradizionali, questa avventura ti porta fuori dalle strade convenzionali per vivere da vicino le meraviglie geotermiche e la natura incontaminata dell&#8217;isola.<br \/>\nPartendo da Ponta Delgada, percorriamo la panoramica costa meridionale, passando per spiagge vulcaniche e le scintillanti acque blu del mare delle Azzorre. La nostra prima tappa \u00e8 la F\u00e1brica de Cer\u00e2mica Vieira, dove potrai assistere alla tradizionale lavorazione artigianale delle ceramiche di argilla, famose come Lou\u00e7a da Lagoa.<br \/>\nSuccessivamente, ci dirigeremo verso la spiaggia di Santa B\u00e1rbara, un&#8217;impressionante costa di sabbia nera e una destinazione di livello mondiale per il surf. Proseguendo verso Ribeira Grande, esploreremo il suo affascinante centro storico prima di dirigerci verso il punto panoramico di Ponta do Cintr\u00e3o, che offre una vista spettacolare della costa settentrionale dell&#8217;isola e delle sue maestose scogliere.<br \/>\nDa qui, la vera avventura inizia con l&#8217;ascesa alla montagna Lagoa do Fogo, percorrendo sentieri sterrati e percorsi acquatici in jeep. Lungo il percorso, faremo una sosta facoltativa al Parco Naturale di Caldeira Velha, un paradiso lussureggiante di flora endemica, dove potrai rilassarti nelle sue piscine termali naturali, riscaldate a 38\u00b0C.<br \/>\nInfine, raggiungeremo l&#8217;iconica Lagoa do Fogo, una delle meraviglie naturali pi\u00f9 sorprendenti di S\u00e3o Miguel e riserva protetta dal 1974. Dal Pico da Barrosa, potrai godere di una vista panoramica del lago craterico e degli ampi paesaggi che si estendono fino alla costa meridionale.<br \/>\nQuesto coinvolgente tour in jeep promette un viaggio indimenticabile, mescolando avventura, natura e cultura, il tutto in compagnia delle nostre guide esperte, che ti garantiranno un&#8217;esperienza indimenticabile!     <\/p>\n<\/div>\n<\/div>\n<div class=\"subsection\" data-v-68eac83b=\"\"><span class=\"fh-text fh-text--body-lg fh-text--bold block\" data-v-3872b9c5=\"\" data-v-68eac83b=\"\">Cosa \u00e8 incluso<\/span><\/p>\n<div class=\"content-builder-markdown-view\" data-v-316d1a1e=\"\" data-v-68eac83b=\"\">\n<ul>\n<li>Le tariffe includono la guida<\/li>\n<li>Operatore turistico autorizzato<\/li>\n<li>Assicurazione di responsabilit\u00e0 civile e professionale<\/li>\n<\/ul>\n<\/div>\n<\/div>\n<div class=\"subsection\" data-v-68eac83b=\"\"><span class=\"fh-text fh-text--body-lg fh-text--bold block\" data-v-3872b9c5=\"\" data-v-68eac83b=\"\">Itinerario<\/span><\/p>\n<div class=\"content-builder-markdown-view\" data-v-316d1a1e=\"\" data-v-68eac83b=\"\">\n<ul>\n<li>Ponta Delgada<\/li>\n<li>Cer\u00e2mica Vieira (Opcional)<\/li>\n<li>Miradouro do Pico da Barrosa<\/li>\n<li>Miradouro Da Lagoa do Fogo<\/li>\n<li>Centro de Interpreta\u00e7\u00e3o Ambiental Caldeira Velha (Opzionale)<\/li>\n<li>Ponta do Cintr\u00e3o<\/li>\n<li>Degustazione di Licores (opzionale)<\/li>\n<li>Ponta Delgada<\/li>\n<\/ul>\n<\/div>\n<\/div>\n","protected":false},"excerpt":{"rendered":"<p>Scopri il cuore di S\u00e3o Miguel con questo emozionante Lagoa do Fogo Jeep Tour, dove ti aspettano paesaggi mozzafiato e gemme nascoste. A differenza dei tour tradizionali, questa avventura ti porta fuori dalle strade convenzionali per conoscere da vicino le meraviglie geotermiche e la natura incontaminata dell&#8217;isola.<br \/>\n&nbsp;<\/p>\n<p><script src=\"https:\/\/fareharbor.com\/embeds\/script\/calendar\/azorestrailsofnature\/items\/179069\/?asn=fhdn-eur&amp;asn-ref=guidetotheazores&amp;ref=guidetotheazores&amp;bookable-only=yes&amp;full-items=yes&amp;marketplace=yes&amp;flow=no&amp;branding=no\"><\/script><\/p>\n<p>Durata &#8211; Circa 3,5 ore<br \/>\nPunto d&#8217;incontro &#8211; Pick-up e drop off in hotel a Ponta Delgada<\/p>\n","protected":false},"featured_media":24246,"comment_status":"closed","ping_status":"closed","template":"","meta":{"_acf_changed":false},"product_brand":[],"product_cat":[19256,19305,637,19257],"product_tag":[19323],"class_list":{"0":"post-24265","1":"product","2":"type-product","3":"status-publish","4":"has-post-thumbnail","6":"product_cat-attivita","7":"product_cat-sao-miguel-it","8":"product_cat-tutte-le-isole","9":"product_cat-visite-guidate","10":"product_tag-isoladisanmiguel","12":"first","13":"instock","14":"taxable","15":"shipping-taxable","16":"product-type-external"},"acf":[],"_links":{"self":[{"href":"https:\/\/guidetotheazores.pt\/it\/wp-json\/wp\/v2\/product\/24265","targetHints":{"allow":["GET"]}}],"collection":[{"href":"https:\/\/guidetotheazores.pt\/it\/wp-json\/wp\/v2\/product"}],"about":[{"href":"https:\/\/guidetotheazores.pt\/it\/wp-json\/wp\/v2\/types\/product"}],"replies":[{"embeddable":true,"href":"https:\/\/guidetotheazores.pt\/it\/wp-json\/wp\/v2\/comments?post=24265"}],"wp:featuredmedia":[{"embeddable":true,"href":"https:\/\/guidetotheazores.pt\/it\/wp-json\/wp\/v2\/media\/24246"}],"wp:attachment":[{"href":"https:\/\/guidetotheazores.pt\/it\/wp-json\/wp\/v2\/media?parent=24265"}],"wp:term":[{"taxonomy":"product_brand","embeddable":true,"href":"https:\/\/guidetotheazores.pt\/it\/wp-json\/wp\/v2\/product_brand?post=24265"},{"taxonomy":"product_cat","embeddable":true,"href":"https:\/\/guidetotheazores.pt\/it\/wp-json\/wp\/v2\/product_cat?post=24265"},{"taxonomy":"product_tag","embeddable":true,"href":"https:\/\/guidetotheazores.pt\/it\/wp-json\/wp\/v2\/product_tag?post=24265"}],"curies":[{"name":"wp","href":"https:\/\/api.w.org\/{rel}","templated":true}]}}