{"id":24301,"date":"2026-05-07T12:03:20","date_gmt":"2026-05-07T13:03:20","guid":{"rendered":"https:\/\/guidetotheazores.pt\/?post_type=product&#038;p=24301"},"modified":"2026-05-08T05:13:50","modified_gmt":"2026-05-08T06:13:50","slug":"snorkeling-costiero-copy","status":"publish","type":"product","link":"https:\/\/guidetotheazores.pt\/it\/prodotto\/snorkeling-costiero-copy\/","title":{"rendered":"Battesimo subacqueo"},"content":{"rendered":"<p>Se ti trovi in un luogo dove le immersioni sono una delle attivit\u00e0 pi\u00f9 popolari, perch\u00e9 non provare? Non dimenticherai mai il primo respiro sott&#8217;acqua! <\/p>\n<p>Mentre sei ancora a terra avrai una rapida lezione sul funzionamento di tutte le attrezzature e sui segnali utilizzati per la comunicazione subacquea. Successivamente ti immergerai con una guida subacquea sempre al tuo fianco, che si prender\u00e0 cura di te in ogni fase dell&#8217;immersione. <\/p>\n<p>Le Azzorre sono senza dubbio una delle migliori destinazioni per le <strong>immersioni subacquee <\/strong>di tutto l&#8217;Atlantico. La nostra stagione subacquea va da aprile a ottobre. Offriamo pi\u00f9 di 20 diversi punti di immersione intorno alle isole Faial e Pico per soddisfare tutte le preferenze e i livelli di esperienza.  <\/p>\n<p>Di solito ci immergiamo intorno all&#8217;area marina protetta di &#8220;Monte da Guia&#8221;, dove si trova la maggior parte dei nostri spot. Per arrivarci, utilizziamo i nostri zodiac. Si trovano a soli 5-15 minuti di distanza dal nostro centro immersioni. La temperatura del mare oscilla tra i 68 e i 75 F (20-24\u00baC) nei mesi estivi, pertanto le mute da 5 o 7 mm sono adatte alla maggior parte dei subacquei.   <\/p>\n<p>La vita marina costiera intorno alle isole di Faial e Pico \u00e8 incredibile. Potrai vedere molti curiosi pesci ago grigio<em>(Balistes carolinensis<\/em>), grandi cernie<em>(Epinephelus marginatus<\/em>), pesci pappagallo mediterranei<em>(Sparisoma cretense<\/em>), polpi e murene che si nascondono tra le rocce e diverse specie di piccoli e colorati nudibranchi, oltre ad altre forme di vita marina. <\/p>\n<p>&nbsp;<\/p>\n","protected":false},"excerpt":{"rendered":"<p>Se ti trovi in un luogo dove le immersioni sono una delle attivit\u00e0 pi\u00f9 popolari, perch\u00e9 non provare? Non dimenticherai mai il primo respiro sott&#8217;acqua! <\/p>\n<p>Mentre sei ancora a terra avrai una rapida lezione sul funzionamento di tutte le attrezzature e sui segnali utilizzati per la comunicazione subacquea. Successivamente ti immergerai con una guida subacquea sempre al tuo fianco, che si prender\u00e0 cura di te in ogni fase dell&#8217;immersione. <\/p>\n<p>&nbsp;<\/p>\n<p><script src=\"https:\/\/fareharbor.com\/embeds\/script\/calendar\/norbertodiver\/items\/189757\/?asn=fhdn-eur&amp;asn-ref=guidetotheazores&amp;ref=guidetotheazores&amp;bookable-only=yes&amp;full-items=yes&amp;marketplace=yes&amp;flow=no&amp;branding=no\"><\/script><\/p>\n<p>&nbsp;<\/p>\n","protected":false},"featured_media":24317,"comment_status":"closed","ping_status":"closed","template":"","meta":{"_acf_changed":false},"product_brand":[],"product_cat":[19256,638,19268,637],"product_tag":[19332],"class_list":{"0":"post-24301","1":"product","2":"type-product","3":"status-publish","4":"has-post-thumbnail","6":"product_cat-attivita","7":"product_cat-faial-it","8":"product_cat-immersioni","9":"product_cat-tutte-le-isole","10":"product_tag-isoladifaial","12":"first","13":"instock","14":"taxable","15":"shipping-taxable","16":"product-type-external"},"acf":[],"_links":{"self":[{"href":"https:\/\/guidetotheazores.pt\/it\/wp-json\/wp\/v2\/product\/24301","targetHints":{"allow":["GET"]}}],"collection":[{"href":"https:\/\/guidetotheazores.pt\/it\/wp-json\/wp\/v2\/product"}],"about":[{"href":"https:\/\/guidetotheazores.pt\/it\/wp-json\/wp\/v2\/types\/product"}],"replies":[{"embeddable":true,"href":"https:\/\/guidetotheazores.pt\/it\/wp-json\/wp\/v2\/comments?post=24301"}],"wp:featuredmedia":[{"embeddable":true,"href":"https:\/\/guidetotheazores.pt\/it\/wp-json\/wp\/v2\/media\/24317"}],"wp:attachment":[{"href":"https:\/\/guidetotheazores.pt\/it\/wp-json\/wp\/v2\/media?parent=24301"}],"wp:term":[{"taxonomy":"product_brand","embeddable":true,"href":"https:\/\/guidetotheazores.pt\/it\/wp-json\/wp\/v2\/product_brand?post=24301"},{"taxonomy":"product_cat","embeddable":true,"href":"https:\/\/guidetotheazores.pt\/it\/wp-json\/wp\/v2\/product_cat?post=24301"},{"taxonomy":"product_tag","embeddable":true,"href":"https:\/\/guidetotheazores.pt\/it\/wp-json\/wp\/v2\/product_tag?post=24301"}],"curies":[{"name":"wp","href":"https:\/\/api.w.org\/{rel}","templated":true}]}}