{"id":24748,"date":"2026-05-09T05:56:39","date_gmt":"2026-05-09T06:56:39","guid":{"rendered":"https:\/\/guidetotheazores.pt\/product\/tour-di-sao-jorge-di-una-giornata-intera\/"},"modified":"2026-05-09T05:56:39","modified_gmt":"2026-05-09T06:56:39","slug":"tour-di-sao-jorge-di-una-giornata-intera","status":"publish","type":"product","link":"https:\/\/guidetotheazores.pt\/it\/prodotto\/tour-di-sao-jorge-di-una-giornata-intera\/","title":{"rendered":"Tour di S\u00e3o Jorge di una giornata intera"},"content":{"rendered":"<div class=\"flex justify-between py-4 cursor-pointer\" data-v-c46ac7a2=\"\">\n<div class=\"heading-left\" data-v-c46ac7a2=\"\">\n<div class=\"fh-title fh-title--display-xl\" data-v-9d6554c3=\"\" data-v-c46ac7a2=\"\">\n<h1 class=\"fh-text fh-text--display-xl fh-text--medium\" data-v-3872b9c5=\"\" data-v-9d6554c3=\"\">Dettagli dell&#8217;attivit\u00e0<\/h1>\n<\/div>\n<\/div>\n<div data-v-c46ac7a2=\"\"><\/div>\n<\/div>\n<div class=\"content pb-4\" data-v-c46ac7a2=\"\">\n<div class=\"subsection\" data-v-a5b16f77=\"\">\n<div class=\"content-builder-markdown-view\" data-v-316d1a1e=\"\" data-v-a5b16f77=\"\">\n<p>Scopri la bellezza selvaggia di S\u00e3o Jorge, dove gli imponenti Faj\u00e3s incontrano l&#8217;Atlantico in paesaggi mozzafiato. Assapora il suo rinomato formaggio, esplora la pi\u00f9 grande piantagione di caff\u00e8 d&#8217;Europa e immergiti nella ricca cultura dell&#8217;isola. Ti aspetta un viaggio indimenticabile tra natura, sapori e tradizioni.  <\/p>\n<\/div>\n<\/div>\n<div class=\"subsection\" data-v-a5b16f77=\"\">\n<div class=\"block\" data-v-a5b16f77=\"\"><span class=\"fh-text fh-text--body-lg fh-text--bold\" data-v-3872b9c5=\"\" data-v-a5b16f77=\"\">Cosa \u00e8 incluso<\/span><\/div>\n<div class=\"content-builder-markdown-view\" data-v-316d1a1e=\"\" data-v-a5b16f77=\"\">\n<p>\u2714 Guida professionale<br \/>\n\u2714 Trasporto a terra<br \/>\n\u2714 Pranzo in ristorante<br \/>\n\u2714 Degustazione del formaggio S\u00e3o Jorge (fabbrica chiusa nei fine settimana e nei giorni festivi)<br \/>\n\u2714 Visita alla chiesa di Manadas (chiusa il luned\u00ec e la domenica mattina &#8211; orari di culto)<br \/>\n\u2714 Assicurazione personale Allianz\u00ae contro gli infortuni<\/p>\n<\/div>\n<\/div>\n<div class=\"subsection\" data-v-a5b16f77=\"\">\n<div class=\"block\" data-v-a5b16f77=\"\"><span class=\"fh-text fh-text--body-lg fh-text--bold\" data-v-3872b9c5=\"\" data-v-a5b16f77=\"\">Cosa non \u00e8 incluso<\/span><\/div>\n<div class=\"content-builder-markdown-view\" data-v-316d1a1e=\"\" data-v-a5b16f77=\"\">\n<p>x Biglietti per il traghetto<br \/>\nx Pick-up e drop-off disponibili su richiesta e soggetti a disponibilit\u00e0<\/p>\n<\/div>\n<\/div>\n<div class=\"subsection\" data-v-a5b16f77=\"\">\n<div class=\"block\" data-v-a5b16f77=\"\"><span class=\"fh-text fh-text--body-lg fh-text--bold\" data-v-3872b9c5=\"\" data-v-a5b16f77=\"\">Punti salienti<\/span><\/div>\n<div class=\"content-builder-markdown-view\" data-v-316d1a1e=\"\" data-v-a5b16f77=\"\">\n<ul>\n<li>Formaggio S\u00e3o Jorge<\/li>\n<li>Faj\u00e3s di lava<\/li>\n<li>Paesaggi naturali<\/li>\n<li>Luoghi segreti<\/li>\n<\/ul>\n<\/div>\n<\/div>\n<\/div>\n","protected":false},"excerpt":{"rendered":"<p>Scopri la bellezza selvaggia di S\u00e3o Jorge, dove gli imponenti Faj\u00e3s incontrano l&#8217;Atlantico in paesaggi mozzafiato. Assapora il suo rinomato formaggio, esplora la pi\u00f9 grande piantagione di caff\u00e8 d&#8217;Europa e immergiti nella ricca cultura dell&#8217;isola. Ti aspetta un viaggio indimenticabile tra natura, sapori e tradizioni.  <\/p>\n<p><script src=\"https:\/\/fareharbor.com\/embeds\/script\/calendar\/tripixazores\/items\/634957\/?asn=fhdn-eur&amp;asn-ref=guidetotheazores&amp;ref=guidetotheazores&amp;bookable-only=yes&amp;full-items=yes&amp;marketplace=yes&amp;flow=no&amp;branding=no\"><\/script><\/p>\n<div class=\"flex items-start gap-4 mb-4 last:mb-0\" data-v-a5b16f77=\"\">\n<div class=\"min-w-0 flex-1\"><span class=\"fh-text fh-text--body-sm fh-text--medium\" data-v-3872b9c5=\"\">Durata: <\/span>8 ore<\/div>\n<\/div>\n<div class=\"flex items-start gap-4 mb-4 last:mb-0\" data-v-a5b16f77=\"\">\n<div class=\"mt-1 shrink-0\"><\/div>\n<div class=\"min-w-0 flex-1\"><span class=\"fh-text fh-text--body-sm fh-text--medium\" data-v-3872b9c5=\"\">Punto d&#8217;incontro: <\/span>Ufficio Tripix delle Azzorre<\/div>\n<\/div>\n","protected":false},"featured_media":24633,"comment_status":"closed","ping_status":"closed","template":"","meta":{"_acf_changed":false},"product_brand":[],"product_cat":[19256,19347,637,19257],"product_tag":[19575],"class_list":{"0":"post-24748","1":"product","2":"type-product","3":"status-publish","4":"has-post-thumbnail","6":"product_cat-attivita","7":"product_cat-sao-jorge","8":"product_cat-tutte-le-isole","9":"product_cat-visite-guidate","10":"product_tag-saojorgeisland","12":"first","13":"instock","14":"taxable","15":"shipping-taxable","16":"product-type-external"},"acf":[],"_links":{"self":[{"href":"https:\/\/guidetotheazores.pt\/it\/wp-json\/wp\/v2\/product\/24748","targetHints":{"allow":["GET"]}}],"collection":[{"href":"https:\/\/guidetotheazores.pt\/it\/wp-json\/wp\/v2\/product"}],"about":[{"href":"https:\/\/guidetotheazores.pt\/it\/wp-json\/wp\/v2\/types\/product"}],"replies":[{"embeddable":true,"href":"https:\/\/guidetotheazores.pt\/it\/wp-json\/wp\/v2\/comments?post=24748"}],"wp:featuredmedia":[{"embeddable":true,"href":"https:\/\/guidetotheazores.pt\/it\/wp-json\/wp\/v2\/media\/24633"}],"wp:attachment":[{"href":"https:\/\/guidetotheazores.pt\/it\/wp-json\/wp\/v2\/media?parent=24748"}],"wp:term":[{"taxonomy":"product_brand","embeddable":true,"href":"https:\/\/guidetotheazores.pt\/it\/wp-json\/wp\/v2\/product_brand?post=24748"},{"taxonomy":"product_cat","embeddable":true,"href":"https:\/\/guidetotheazores.pt\/it\/wp-json\/wp\/v2\/product_cat?post=24748"},{"taxonomy":"product_tag","embeddable":true,"href":"https:\/\/guidetotheazores.pt\/it\/wp-json\/wp\/v2\/product_tag?post=24748"}],"curies":[{"name":"wp","href":"https:\/\/api.w.org\/{rel}","templated":true}]}}