{"id":24817,"date":"2026-05-10T07:11:13","date_gmt":"2026-05-10T08:11:13","guid":{"rendered":"https:\/\/guidetotheazores.pt\/product\/charter-speciale-2-giorni-1-notte\/"},"modified":"2026-05-10T07:11:13","modified_gmt":"2026-05-10T08:11:13","slug":"charter-speciale-2-giorni-1-notte","status":"publish","type":"product","link":"https:\/\/guidetotheazores.pt\/it\/prodotto\/charter-speciale-2-giorni-1-notte\/","title":{"rendered":"Charter speciale &#8211; 2 giorni\/1 notte"},"content":{"rendered":"<p>Descrizione<br \/>\nCon o senza il nostro skipper a bordo, vieni a provare il piacere di navigare lungo la nostra costa fino a Vila da Povoa\u00e7\u00e3o, passando per l&#8217;isolotto di Vila Franca e le nostre spiagge. Pernottamento a bordo nel porto turistico di Povoa\u00e7\u00e3o. <\/p>\n<p>Una meravigliosa gita in barca di circa 40 miglia nautiche che pu\u00f2 essere goduta dalle 10 di sabato fino al tardo pomeriggio di domenica.<\/p>\n<p>Perfetto per le famiglie &#8211; Adatto a tutti &#8211; Fino a 4 persone &#8211; Naviga lungo la nostra splendida costa!<\/p>\n<p>Highlights<br \/>\nBarca privata<\/p>\n<p>Incluso<br \/>\nSkipper (opzionale)<br \/>\nDue cabine doppie<br \/>\nBiancheria da letto e asciugamani<br \/>\nAssicurazione<br \/>\nCarburante<br \/>\nTasse per il porto turistico<br \/>\nTassa per la pulizia della barca<br \/>\nInformazioni importanti<br \/>\nTutti i giorni della settimana: partenza alle ore 10, arrivo il giorno successivo alle ore 18<\/p>\n<p>Punto di incontro alla Marina &#8211; Marina Ponta Delgada<\/p>\n<p>Durata: Partenza alle 10:00 e arrivo il giorno successivo alle 18:00.<\/p>\n","protected":false},"excerpt":{"rendered":"<p>Con o senza il nostro skipper a bordo, vieni a provare il piacere di navigare lungo la nostra costa fino a Vila da Povoa\u00e7\u00e3o, passando per l&#8217;isolotto di Vila Franca e le nostre spiagge. Pernottamento a bordo nel porto turistico di Povoa\u00e7\u00e3o. <\/p>\n<p><script src=\"https:\/\/fareharbor.com\/embeds\/script\/calendar\/sail4sailing\/items\/472760\/?asn=fhdn-eur&amp;asn-ref=guidetotheazores&amp;ref=guidetotheazores&amp;bookable-only=yes&amp;full-items=yes&amp;marketplace=yes&amp;flow=no&amp;branding=no\"><\/script><\/p>\n<p>Punto di incontro: Marina &#8211; Marina Ponta Delgada<\/p>\n<p>Durata: partenza alle 10.00 e arrivo il giorno successivo alle 18.00<\/p>\n<p>Fino a 4 persone<\/p>\n","protected":false},"featured_media":24788,"comment_status":"closed","ping_status":"closed","template":"","meta":{"_acf_changed":false},"product_brand":[19591],"product_cat":[19256,19305,637,19273],"product_tag":[19323],"class_list":{"0":"post-24817","1":"product","2":"type-product","3":"status-publish","4":"has-post-thumbnail","6":"product_brand-sao-miguel","7":"product_cat-attivita","8":"product_cat-sao-miguel-it","9":"product_cat-tutte-le-isole","10":"product_cat-vela","11":"product_tag-isoladisanmiguel","13":"first","14":"instock","15":"taxable","16":"shipping-taxable","17":"product-type-external"},"acf":[],"_links":{"self":[{"href":"https:\/\/guidetotheazores.pt\/it\/wp-json\/wp\/v2\/product\/24817","targetHints":{"allow":["GET"]}}],"collection":[{"href":"https:\/\/guidetotheazores.pt\/it\/wp-json\/wp\/v2\/product"}],"about":[{"href":"https:\/\/guidetotheazores.pt\/it\/wp-json\/wp\/v2\/types\/product"}],"replies":[{"embeddable":true,"href":"https:\/\/guidetotheazores.pt\/it\/wp-json\/wp\/v2\/comments?post=24817"}],"wp:featuredmedia":[{"embeddable":true,"href":"https:\/\/guidetotheazores.pt\/it\/wp-json\/wp\/v2\/media\/24788"}],"wp:attachment":[{"href":"https:\/\/guidetotheazores.pt\/it\/wp-json\/wp\/v2\/media?parent=24817"}],"wp:term":[{"taxonomy":"product_brand","embeddable":true,"href":"https:\/\/guidetotheazores.pt\/it\/wp-json\/wp\/v2\/product_brand?post=24817"},{"taxonomy":"product_cat","embeddable":true,"href":"https:\/\/guidetotheazores.pt\/it\/wp-json\/wp\/v2\/product_cat?post=24817"},{"taxonomy":"product_tag","embeddable":true,"href":"https:\/\/guidetotheazores.pt\/it\/wp-json\/wp\/v2\/product_tag?post=24817"}],"curies":[{"name":"wp","href":"https:\/\/api.w.org\/{rel}","templated":true}]}}