{"id":25139,"date":"2026-05-13T13:47:00","date_gmt":"2026-05-13T14:47:00","guid":{"rendered":"https:\/\/guidetotheazores.pt\/product\/sentiero-dei-4-laghi-con-pranzo\/"},"modified":"2026-05-13T13:47:00","modified_gmt":"2026-05-13T14:47:00","slug":"sentiero-dei-4-laghi-con-pranzo","status":"publish","type":"product","link":"https:\/\/guidetotheazores.pt\/it\/prodotto\/sentiero-dei-4-laghi-con-pranzo\/","title":{"rendered":"Sentiero dei 4 laghi con pranzo"},"content":{"rendered":"<p>Dettagli attivit\u00e0<br \/>\nQuesto percorso ti porta sull&#8217;altopiano centrale, dove la natura si rivela nella sua forma pi\u00f9 pura.<\/p>\n<p>Partiamo dal punto panoramico di Lagoas Negra e Comprida, che offre ampie vedute su due dei paesaggi pi\u00f9 famosi dell&#8217;isola. Poi ci dirigeremo verso la Lagoa Seca e la Lagoa Branca, un&#8217;area tranquilla e ricca di uccelli migratori e autoctoni. <\/p>\n<p>Lungo il percorso, attraversiamo aree verdi e terreni pi\u00f9 rocciosi, con l&#8217;oceano sempre presente che modella il paesaggio.<\/p>\n<p>La parte finale del percorso prevede una discesa fino a Faj\u00e3 Grande, la parrocchia pi\u00f9 occidentale d&#8217;Europa, presso la famosa cascata Po\u00e7o do Bacalhau: un ottimo punto di sosta e la possibilit\u00e0 di fare un tuffo nella cascata.<\/p>\n<p>E per concludere la giornata, verr\u00e0 servito un delizioso pranzo all&#8217;insegna della cultura locale.<\/p>\n<p>Un&#8217;esperienza pensata per chi cerca la natura, la semplicit\u00e0 e momenti che rimarranno per sempre.<\/p>\n<p>Cosa \u00e8 incluso<br \/>\nGuida locale<br \/>\nTrasferimento dal negozio Experience OC<br \/>\nPranzo locale con una bevanda inclusa (un bicchiere di succo di frutta o di vino, o una bottiglia d&#8217;acqua da 33 ml)<br \/>\nAssicurazione<\/p>\n<p>Cosa non \u00e8 incluso<br \/>\nSpese personali<br \/>\nBevande extra o articoli non menzionati<br \/>\nAttrezzatura personale per le escursioni<br \/>\nMance (facoltative)<\/p>\n<p>Itinerario<br \/>\nInizio della passeggiata presso il punto panoramico Lagoas Negra e Comprida<br \/>\nPassaggio da Lagoa Seca<br \/>\nArea di birdwatching a Lagoa Branca<br \/>\nPasseggiata attraverso l&#8217;altopiano centrale dell&#8217;isola<br \/>\nDiscesa attraverso la parete rocciosa Faj\u00e3 Grande<br \/>\nFine dell&#8217;attivit\u00e0 a Po\u00e7o do Bacalhau, con possibilit\u00e0 di nuotare<br \/>\nPranzo<\/p>\n<p>Highlights<br \/>\nSentiero che attraversa l&#8217;altopiano centrale dell&#8217;isola di Flores, a stretto contatto con la natura<\/p>\n<p>Vista su Lagoas Negra, Comprida, Seca e Branca<\/p>\n<p>Un luogo privilegiato per il birdwatching<\/p>\n<p>Percorso che offre una variet\u00e0 di paesaggi, che vanno dalle aree verdi ai terreni rocciosi<\/p>\n<p>Discesa a Faj\u00e3 Grande, il villaggio pi\u00f9 occidentale d&#8217;Europa<\/p>\n<p>Termina al Po\u00e7o do Bacalhau, ideale per una pausa e una nuotata (tempo permettendo).<\/p>\n","protected":false},"excerpt":{"rendered":"<p>Questo percorso ti porta all&#8217;altopiano centrale, dove la natura si rivela nella sua forma pi\u00f9 pura.<\/p>\n<p>Partiamo dal punto panoramico di Lagoas Negra e Comprida, che offre ampie vedute su due dei paesaggi pi\u00f9 famosi dell&#8217;isola. Poi ci dirigeremo verso la Lagoa Seca e la Lagoa Branca, un&#8217;area tranquilla e ricca di uccelli migratori e autoctoni. <\/p>\n<p><script src=\"https:\/\/fareharbor.com\/embeds\/script\/calendar\/experienceoc\/items\/127182\/?asn=fhdn-eur&amp;asn-ref=guidetotheazores&amp;ref=guidetotheazores&amp;bookable-only=yes&amp;full-items=yes&amp;marketplace=yes&amp;flow=no&amp;branding=no\"><\/script><\/p>\n<p>Durata: 4 ore<\/p>\n<p>Punto d&#8217;incontro: Esperienza OC<\/p>\n<p>Cancellazioni: per cancellazioni effettuate con meno di 72 ore di anticipo verr\u00e0 addebitato il 100% dell&#8217;importo totale.<\/p>\n","protected":false},"featured_media":25130,"comment_status":"closed","ping_status":"closed","template":"","meta":{"_acf_changed":false},"product_brand":[19603],"product_cat":[19256,19292,637,19257],"product_tag":[19330],"class_list":{"0":"post-25139","1":"product","2":"type-product","3":"status-publish","4":"has-post-thumbnail","6":"product_brand-flores","7":"product_cat-attivita","8":"product_cat-flores-it","9":"product_cat-tutte-le-isole","10":"product_cat-visite-guidate","11":"product_tag-isoladiflores","13":"first","14":"instock","15":"taxable","16":"shipping-taxable","17":"product-type-external"},"acf":[],"_links":{"self":[{"href":"https:\/\/guidetotheazores.pt\/it\/wp-json\/wp\/v2\/product\/25139","targetHints":{"allow":["GET"]}}],"collection":[{"href":"https:\/\/guidetotheazores.pt\/it\/wp-json\/wp\/v2\/product"}],"about":[{"href":"https:\/\/guidetotheazores.pt\/it\/wp-json\/wp\/v2\/types\/product"}],"replies":[{"embeddable":true,"href":"https:\/\/guidetotheazores.pt\/it\/wp-json\/wp\/v2\/comments?post=25139"}],"wp:featuredmedia":[{"embeddable":true,"href":"https:\/\/guidetotheazores.pt\/it\/wp-json\/wp\/v2\/media\/25130"}],"wp:attachment":[{"href":"https:\/\/guidetotheazores.pt\/it\/wp-json\/wp\/v2\/media?parent=25139"}],"wp:term":[{"taxonomy":"product_brand","embeddable":true,"href":"https:\/\/guidetotheazores.pt\/it\/wp-json\/wp\/v2\/product_brand?post=25139"},{"taxonomy":"product_cat","embeddable":true,"href":"https:\/\/guidetotheazores.pt\/it\/wp-json\/wp\/v2\/product_cat?post=25139"},{"taxonomy":"product_tag","embeddable":true,"href":"https:\/\/guidetotheazores.pt\/it\/wp-json\/wp\/v2\/product_tag?post=25139"}],"curies":[{"name":"wp","href":"https:\/\/api.w.org\/{rel}","templated":true}]}}