{"id":25147,"date":"2026-05-13T10:09:20","date_gmt":"2026-05-13T11:09:20","guid":{"rendered":"https:\/\/guidetotheazores.pt\/product\/tour-di-mezza-giornata-cascate-e-nord-nuoto-opzionale-al-poco-do-bacalhau\/"},"modified":"2026-05-13T10:09:20","modified_gmt":"2026-05-13T11:09:20","slug":"tour-di-mezza-giornata-cascate-e-nord-nuoto-opzionale-al-poco-do-bacalhau","status":"publish","type":"product","link":"https:\/\/guidetotheazores.pt\/it\/prodotto\/tour-di-mezza-giornata-cascate-e-nord-nuoto-opzionale-al-poco-do-bacalhau\/","title":{"rendered":"Tour di mezza giornata &#8211; Cascate e Nord &#8211; nuoto opzionale al Po\u00e7o do Bacalhau"},"content":{"rendered":"<p>Dettagli del tour<br \/>\nIn questo tour di mezza giornata esploreremo il lato nord dell&#8217;Isola di Flores, un&#8217;area costellata di punti panoramici che si affacciano sull&#8217;Atlantico, tra cui l&#8217;Isola Corvo, e le cascate che danno il nome all&#8217;isola.<\/p>\n<p>L&#8217;itinerario fa tappa in luoghi emblematici come il punto panoramico di Alagoa, Ponta Ruiva, Ilh\u00e9u Furado e Ponta Delgada, oltre all&#8217;iconica cascata Po\u00e7o da Ribeira do Ferreiro e all&#8217;affascinante Faj\u00e3 Grande. \u00c8 il modo ideale per vivere l&#8217;essenza naturale e tranquilla di Flores, con il tempo di scattare foto, godersi il paesaggio e persino fare un tuffo rinfrescante nel Po\u00e7o do Bacalhau. <\/p>\n<p>Questo tour \u00e8 pensato per chi arriva sull&#8217;isola con poco tempo a disposizione e vuole vedere i punti salienti del nord. Pu\u00f2 essere effettuato in una mattinata o in un pomeriggio, offrendo un&#8217;esperienza completa e senza fretta. <\/p>\n<p>Cosa \u00e8 incluso<br \/>\nTrasporto di andata e ritorno dal tuo alloggio, cos\u00ec non dovrai preoccuparti di spostarti.<\/p>\n<p>Una guida locale che conosce la storia, la cultura e la natura dell&#8217;isola.<\/p>\n<p>Sosta nei principali punti panoramici e di interesse del lato nord.<\/p>\n<p>Tempo libero per scattare foto e godersi il paesaggio a tuo piacimento.<\/p>\n<p>Fermati a Po\u00e7o do Bacalhau con la possibilit\u00e0 di fare una nuotata.<\/p>\n<p>Assicurazione di responsabilit\u00e0 civile e infortuni personali.<\/p>\n<p>Cosa non \u00e8 incluso<br \/>\nCibo e bevande durante il tour.<\/p>\n<p>Oggetti personali come costumi da bagno o asciugamani.<\/p>\n<p>Spese personali in strutture locali.<\/p>\n<p>Servizi aggiuntivi non menzionati come inclusi.<\/p>\n<p>Itinerario<br \/>\nUn tour completo, organizzato in modo che tu possa goderti ogni momento senza preoccupazioni.<\/p>\n<p>Punto panoramico di Alagoa<br \/>\nPonta Ruiva (museo + punto panoramico di Ilh\u00e9u Furado)<br \/>\nPunto panoramico di Ponta Delgada<br \/>\nPo\u00e7o da Ribeira do Ferreiro &#8211; Facile passeggiata di circa 1. 5 km Faj\u00e3 Grande, Po\u00e7o do Bacalhau con il tempo di fare foto e anche di fare un tuffo nel Po\u00e7o do Bacalhau.5 km<br \/>\nFaj\u00e3 Grande,<br \/>\nPo\u00e7o do Bacalhau con il tempo di scattare foto e fare un tuffo nel Po\u00e7o do Bacalhau.<br \/>\nPonta da Faj\u00e3.<br \/>\nPunti salienti<br \/>\nEsplora il meglio della costa settentrionale di Flores in solo mezza giornata.<\/p>\n<p>Punti panoramici con vista sull&#8217;Atlantico e sull&#8217;Isola di Corvo.<\/p>\n<p>Visita siti iconici come il Po\u00e7o da Ribeira do Ferreiro e Faj\u00e3 Grande.<\/p>\n<p>Scopri le suggestive formazioni rocciose come Alagoa e Ponta Ruiva.<\/p>\n<p>\u00c8 il momento di un tuffo rinfrescante nel Po\u00e7o do Bacalhau.<\/p>\n<p>Esperienza accompagnata da guide locali che conoscono la storia e la natura dell&#8217;isola.<\/p>\n<p>Tour organizzato in modo da permetterti di sfruttare al meglio l&#8217;isola, anche con poco tempo a disposizione.<\/p>\n","protected":false},"excerpt":{"rendered":"<p>In questo tour di mezza giornata esploreremo il lato nord dell&#8217;isola di Flores, un&#8217;area costellata di punti panoramici che si affacciano sull&#8217;Atlantico, tra cui l&#8217;isola di Corvo, e le cascate che danno il nome all&#8217;isola.<\/p>\n<p><script src=\"https:\/\/fareharbor.com\/embeds\/script\/calendar\/experienceoc\/items\/127199\/?asn=fhdn-eur&amp;asn-ref=guidetotheazores&amp;ref=guidetotheazores&amp;bookable-only=yes&amp;full-items=yes&amp;marketplace=yes&amp;flow=no&amp;branding=no\"><\/script><\/p>\n<p>Durata: 4 ore<\/p>\n<p>Punto d&#8217;incontro: Negozio Experience OC<\/p>\n<p>Disponibile in: Inglese, spagnolo, francese<\/p>\n<p>Cancellazioni: per cancellazioni effettuate con meno di 72 ore di anticipo verr\u00e0 addebitato il 100% dell&#8217;importo totale.<\/p>\n","protected":false},"featured_media":25087,"comment_status":"closed","ping_status":"closed","template":"","meta":{"_acf_changed":false},"product_brand":[19603],"product_cat":[19256,19292,637,19257],"product_tag":[19330],"class_list":{"0":"post-25147","1":"product","2":"type-product","3":"status-publish","4":"has-post-thumbnail","6":"product_brand-flores","7":"product_cat-attivita","8":"product_cat-flores-it","9":"product_cat-tutte-le-isole","10":"product_cat-visite-guidate","11":"product_tag-isoladiflores","13":"first","14":"instock","15":"taxable","16":"shipping-taxable","17":"product-type-external"},"acf":[],"_links":{"self":[{"href":"https:\/\/guidetotheazores.pt\/it\/wp-json\/wp\/v2\/product\/25147","targetHints":{"allow":["GET"]}}],"collection":[{"href":"https:\/\/guidetotheazores.pt\/it\/wp-json\/wp\/v2\/product"}],"about":[{"href":"https:\/\/guidetotheazores.pt\/it\/wp-json\/wp\/v2\/types\/product"}],"replies":[{"embeddable":true,"href":"https:\/\/guidetotheazores.pt\/it\/wp-json\/wp\/v2\/comments?post=25147"}],"wp:featuredmedia":[{"embeddable":true,"href":"https:\/\/guidetotheazores.pt\/it\/wp-json\/wp\/v2\/media\/25087"}],"wp:attachment":[{"href":"https:\/\/guidetotheazores.pt\/it\/wp-json\/wp\/v2\/media?parent=25147"}],"wp:term":[{"taxonomy":"product_brand","embeddable":true,"href":"https:\/\/guidetotheazores.pt\/it\/wp-json\/wp\/v2\/product_brand?post=25147"},{"taxonomy":"product_cat","embeddable":true,"href":"https:\/\/guidetotheazores.pt\/it\/wp-json\/wp\/v2\/product_cat?post=25147"},{"taxonomy":"product_tag","embeddable":true,"href":"https:\/\/guidetotheazores.pt\/it\/wp-json\/wp\/v2\/product_tag?post=25147"}],"curies":[{"name":"wp","href":"https:\/\/api.w.org\/{rel}","templated":true}]}}