{"id":25155,"date":"2026-05-13T09:17:51","date_gmt":"2026-05-13T10:17:51","guid":{"rendered":"https:\/\/guidetotheazores.pt\/product\/canyoning-ad-alem-inferior-livello-1\/"},"modified":"2026-05-13T09:17:51","modified_gmt":"2026-05-13T10:17:51","slug":"canyoning-ad-alem-inferior-livello-1","status":"publish","type":"product","link":"https:\/\/guidetotheazores.pt\/it\/prodotto\/canyoning-ad-alem-inferior-livello-1\/","title":{"rendered":"Canyoning ad Al\u00e9m Inferior &#8211; Livello 1"},"content":{"rendered":"<p>Dettagli attivit\u00e0<br \/>\nGoditi un&#8217;esperienza intensa e unica nel cuore di uno dei paesaggi pi\u00f9 mozzafiato di Flores.<br \/>\nValanga<\/p>\n<p>Questo percorso di canyoning combina natura, storia e avventura, con discese impegnative, acqua impetuosa e scenari che possono essere visti solo dall&#8217;interno del canyon.<\/p>\n<p>Durante il tour affronterai 7 discese in corda doppia, la pi\u00f9 lunga delle quali \u00e8 di 16 metri, sempre accompagnato da una guida certificata che ti garantir\u00e0 sicurezza e orientamento in ogni fase.<\/p>\n<p>Con una durata media di 4 ore, questa attivit\u00e0 \u00e8 perfetta per chi cerca emozioni, un contatto diretto con la natura e un&#8217;esperienza memorabile sull&#8217;isola.<\/p>\n<p>Cosa \u00e8 incluso<br \/>\nGuida certificata ed esperta per tutto il percorso<\/p>\n<p>Kit completo per il canyoning (tuta termica, casco, scarpe e attrezzatura tecnica)<\/p>\n<p>Assicurazione attivit\u00e0<\/p>\n<p>Foto dell&#8217;esperienza<\/p>\n<p>Acqua e uno spuntino leggero<\/p>\n<p>Cosa non \u00e8 incluso<br \/>\nTrasporto al punto d&#8217;incontro<br \/>\nAsciugamano<\/p>\n<p>Itinerario<br \/>\nCheck-in presso il Negozio Experience OC<\/p>\n<p>Highlights<br \/>\nEsplorazione di uno dei paesaggi pi\u00f9 suggestivi dell&#8217;isola di Flores<\/p>\n<p>7 discese in corda doppia lungo il percorso, tra cui una di 16 metri<\/p>\n<p>Contatto diretto con la natura e con le formazioni uniche del canyon<\/p>\n<p>Un&#8217;avventura dinamica e sicura, accompagnata da una guida certificata<\/p>\n<p>Un&#8217;esperienza di 4 ore ricca di emozioni e scenari memorabili<\/p>\n<p>Ideale per chi \u00e8 alla ricerca di sfide e avventure nel cuore dell&#8217;isola<\/p>\n","protected":false},"excerpt":{"rendered":"<p>Vivi un&#8217;esperienza intensa e unica nel cuore di uno dei paesaggi pi\u00f9 mozzafiato di Flores:<br \/>\nAvalanche. Questo percorso di canyoning combina natura, storia e avventura, con discese impegnative, acqua impetuosa e scenari che si possono ammirare solo dall&#8217;interno del canyon. <\/p>\n<p><script src=\"https:\/\/fareharbor.com\/embeds\/script\/calendar\/experienceoc\/items\/202246\/?asn=fhdn-eur&amp;asn-ref=guidetotheazores&amp;ref=guidetotheazores&amp;bookable-only=yes&amp;full-items=yes&amp;marketplace=yes&amp;flow=no&amp;branding=no\"><\/script><\/p>\n<p>Durata: 4 ore<\/p>\n<p>Punto d&#8217;incontro: Negozio Experience OC<\/p>\n<p>Disponibile in: Inglese, Spagnolo<\/p>\n<p>Cancellazioni: per cancellazioni effettuate con meno di 72 ore di anticipo verr\u00e0 addebitato il 100% dell&#8217;importo totale.<\/p>\n<p>Et\u00e0: 8+<\/p>\n","protected":false},"featured_media":25050,"comment_status":"closed","ping_status":"closed","template":"","meta":{"_acf_changed":false},"product_brand":[19603],"product_cat":[19256,19267,19292,637],"product_tag":[19330],"class_list":{"0":"post-25155","1":"product","2":"type-product","3":"status-publish","4":"has-post-thumbnail","6":"product_brand-flores","7":"product_cat-attivita","8":"product_cat-canyoning-it","9":"product_cat-flores-it","10":"product_cat-tutte-le-isole","11":"product_tag-isoladiflores","13":"first","14":"instock","15":"taxable","16":"shipping-taxable","17":"product-type-external"},"acf":[],"_links":{"self":[{"href":"https:\/\/guidetotheazores.pt\/it\/wp-json\/wp\/v2\/product\/25155","targetHints":{"allow":["GET"]}}],"collection":[{"href":"https:\/\/guidetotheazores.pt\/it\/wp-json\/wp\/v2\/product"}],"about":[{"href":"https:\/\/guidetotheazores.pt\/it\/wp-json\/wp\/v2\/types\/product"}],"replies":[{"embeddable":true,"href":"https:\/\/guidetotheazores.pt\/it\/wp-json\/wp\/v2\/comments?post=25155"}],"wp:featuredmedia":[{"embeddable":true,"href":"https:\/\/guidetotheazores.pt\/it\/wp-json\/wp\/v2\/media\/25050"}],"wp:attachment":[{"href":"https:\/\/guidetotheazores.pt\/it\/wp-json\/wp\/v2\/media?parent=25155"}],"wp:term":[{"taxonomy":"product_brand","embeddable":true,"href":"https:\/\/guidetotheazores.pt\/it\/wp-json\/wp\/v2\/product_brand?post=25155"},{"taxonomy":"product_cat","embeddable":true,"href":"https:\/\/guidetotheazores.pt\/it\/wp-json\/wp\/v2\/product_cat?post=25155"},{"taxonomy":"product_tag","embeddable":true,"href":"https:\/\/guidetotheazores.pt\/it\/wp-json\/wp\/v2\/product_tag?post=25155"}],"curies":[{"name":"wp","href":"https:\/\/api.w.org\/{rel}","templated":true}]}}