{"id":25332,"date":"2026-05-14T09:36:09","date_gmt":"2026-05-14T10:36:09","guid":{"rendered":"https:\/\/guidetotheazores.pt\/product\/nordeste\/"},"modified":"2026-05-14T09:36:09","modified_gmt":"2026-05-14T10:36:09","slug":"nordeste","status":"publish","type":"product","link":"https:\/\/guidetotheazores.pt\/it\/prodotto\/nordeste\/","title":{"rendered":"Nordeste"},"content":{"rendered":"<p>\u00c8 il momento di esplorare il bellissimo villaggio di Nordeste con punti panoramici che scaldano il cuore, parchi naturali, paesaggi indimenticabili e invitanti cascate coperte dalla vegetazione macaronesica.<\/p>\n<p><strong>Luoghi di sosta selezionati:<\/strong><\/p>\n<ul>\n<li>Punto di vista Sta Iria View<\/li>\n<li>Fabbrica di t\u00e8 di Gorreana (Ribeira Grande)<\/li>\n<li>Parco naturale di Ribeira dos Caldeir\u00f5es (Nordeste)<\/li>\n<li>Punto di vista Vigia das Baleias; (Algarvia)<\/li>\n<li>Vila do Nordeste ( visita del centro )<\/li>\n<li>Punto di vista Ponta do Arnel (Nordeste)<\/li>\n<li>Punto di vista Vista dos Barcos (Nordeste)<\/li>\n<li>Punto di vista Ponta do Sossego (Nordeste)<\/li>\n<li>Punto di vista Ponta da Madrugada (Nordeste)<\/li>\n<li>\u00c0gua Retorta (Passaggio)<\/li>\n<li>Punto di vista P\u00f4r-do-Sol (Povoa\u00e7\u00e3o)<\/li>\n<li>Vila da Povoa\u00e7\u00e3o (visita del centro)<\/li>\n<\/ul>\n<p><strong>RITIRO GRATUITO<\/strong><\/p>\n<p>9:00 Pick up in hotel<\/p>\n<p>DROP OFF<br \/>\n17:00 \/ 18:00 Arrivo all&#8217;hotel \/ Stessa partenza<\/p>\n<p>&nbsp;<\/p>\n","protected":false},"excerpt":{"rendered":"<p>Tempo per esplorare il bellissimo villaggio di Nordeste con punti panoramici che scaldano il cuore, parchi naturali, paesaggi indimenticabili e invitanti cascate coperte dalla vegetazione macaronesica.<\/p>\n<p><script src=\"https:\/\/fareharbor.com\/embeds\/script\/calendar\/intothewildazorestours\/items\/124745\/?asn=fhdn-eur&amp;asn-ref=guidetotheazores&amp;ref=guidetotheazores&amp;bookable-only=yes&amp;full-items=yes&amp;marketplace=yes&amp;flow=no&amp;branding=no\"><\/script><\/p>\n<p>Durata: Giornata intera 8 ore<\/p>\n<p>9:00 am Pick up presso l&#8217;hotel<\/p>\n<p>DROP OFF<br \/>\n17:00 \/ 18:00 Arrivo in hotel \/ Stessa partenza<\/p>\n","protected":false},"featured_media":25237,"comment_status":"closed","ping_status":"closed","template":"","meta":{"_acf_changed":false},"product_brand":[19591],"product_cat":[19256,19305,637,19257],"product_tag":[19323],"class_list":{"0":"post-25332","1":"product","2":"type-product","3":"status-publish","4":"has-post-thumbnail","6":"product_brand-sao-miguel","7":"product_cat-attivita","8":"product_cat-sao-miguel-it","9":"product_cat-tutte-le-isole","10":"product_cat-visite-guidate","11":"product_tag-isoladisanmiguel","13":"first","14":"instock","15":"taxable","16":"shipping-taxable","17":"product-type-external"},"acf":[],"_links":{"self":[{"href":"https:\/\/guidetotheazores.pt\/it\/wp-json\/wp\/v2\/product\/25332","targetHints":{"allow":["GET"]}}],"collection":[{"href":"https:\/\/guidetotheazores.pt\/it\/wp-json\/wp\/v2\/product"}],"about":[{"href":"https:\/\/guidetotheazores.pt\/it\/wp-json\/wp\/v2\/types\/product"}],"replies":[{"embeddable":true,"href":"https:\/\/guidetotheazores.pt\/it\/wp-json\/wp\/v2\/comments?post=25332"}],"wp:featuredmedia":[{"embeddable":true,"href":"https:\/\/guidetotheazores.pt\/it\/wp-json\/wp\/v2\/media\/25237"}],"wp:attachment":[{"href":"https:\/\/guidetotheazores.pt\/it\/wp-json\/wp\/v2\/media?parent=25332"}],"wp:term":[{"taxonomy":"product_brand","embeddable":true,"href":"https:\/\/guidetotheazores.pt\/it\/wp-json\/wp\/v2\/product_brand?post=25332"},{"taxonomy":"product_cat","embeddable":true,"href":"https:\/\/guidetotheazores.pt\/it\/wp-json\/wp\/v2\/product_cat?post=25332"},{"taxonomy":"product_tag","embeddable":true,"href":"https:\/\/guidetotheazores.pt\/it\/wp-json\/wp\/v2\/product_tag?post=25332"}],"curies":[{"name":"wp","href":"https:\/\/api.w.org\/{rel}","templated":true}]}}