{"id":25336,"date":"2026-05-14T12:24:21","date_gmt":"2026-05-14T13:24:21","guid":{"rendered":"https:\/\/guidetotheazores.pt\/product\/tour-di-furnas-mezza-giornata\/"},"modified":"2026-05-14T12:24:21","modified_gmt":"2026-05-14T13:24:21","slug":"tour-di-furnas-mezza-giornata","status":"publish","type":"product","link":"https:\/\/guidetotheazores.pt\/it\/prodotto\/tour-di-furnas-mezza-giornata\/","title":{"rendered":"Tour di Furnas &#8211; Mezza giornata"},"content":{"rendered":"<h2>Circa<\/h2>\n<p>Scopri e immergi il tuo corpo nelle sorgenti calde geotermiche delle Azzorre la sera o la mattina, durante una sorta di incantevole avventura romantica nel luogo pi\u00f9 esotico della terra.<\/p>\n<p>Inoltre, nella regione del distretto di Furnas potrai gustare un&#8217;esclusiva ricetta all&#8217;antica, gustosa ma sana, preparata sotto terra utilizzando il vapore acqueo proveniente dal vulcano Furnas.<\/p>\n<p><strong>Luoghi di sosta selezionati:<\/strong><\/p>\n<ul>\n<li>Punto di vista St\u00aa Iria (Ribeira Grande)<\/li>\n<li>Visita la piantagione di t\u00e8 pi\u00f9 antica d&#8217;Europa di Gorreana (Ribeira Grande)<\/li>\n<li>Punto di vista Pico do Ferro (Furnas, Vila da Povoa\u00e7\u00e3o)<\/li>\n<li>Visita la Lagoa das Furnas (Furnas, Vila da Povoa\u00e7\u00e3o)<\/li>\n<li>Visita le Caldeiras das Furnas (Furnas, Vila da Povoa\u00e7\u00e3o)<\/li>\n<li>Terra Nostra (opzionale) (Furnas, Vila da Povoa\u00e7\u00e3o) o Po\u00e7a da Dona Beija (opzionale) (Furnas, Vila da Povoa\u00e7\u00e3o)<\/li>\n<\/ul>\n<p><strong>RITIRO GRATUITO<\/strong><\/p>\n<p>9:00 o 14:00 Pick up in hotel con la possibilit\u00e0 di partire presto per godersi l&#8217;alba. 7:00. <\/p>\n<p>DROP OFF<br \/>\n13:30 \/ 18:30 Arrivo in hotel \/ Stessa partenza<\/p>\n<p>Leggi le informazioni sulle dipendenze<\/p>\n","protected":false},"excerpt":{"rendered":"<p>Scopri e immergi il tuo corpo nelle sorgenti calde geotermiche delle Azzorre la sera o la mattina, durante una sorta di incantevole avventura romantica nel luogo pi\u00f9 esotico della terra.<\/p>\n<p><script src=\"https:\/\/fareharbor.com\/embeds\/script\/calendar\/intothewildazorestours\/items\/124746\/?asn=fhdn-eur&amp;asn-ref=guidetotheazores&amp;ref=guidetotheazores&amp;bookable-only=yes&amp;full-items=yes&amp;marketplace=yes&amp;flow=no&amp;branding=no\"><\/script><\/p>\n<p><em>Visita guidata di mezza giornata Furnas<\/em><\/p>\n<p>Durata: mezza giornata 5 ore<\/p>\n","protected":false},"featured_media":25253,"comment_status":"closed","ping_status":"closed","template":"","meta":{"_acf_changed":false},"product_brand":[19591],"product_cat":[19256,19305,637,19257],"product_tag":[19323],"class_list":{"0":"post-25336","1":"product","2":"type-product","3":"status-publish","4":"has-post-thumbnail","6":"product_brand-sao-miguel","7":"product_cat-attivita","8":"product_cat-sao-miguel-it","9":"product_cat-tutte-le-isole","10":"product_cat-visite-guidate","11":"product_tag-isoladisanmiguel","13":"first","14":"instock","15":"taxable","16":"shipping-taxable","17":"product-type-external"},"acf":[],"_links":{"self":[{"href":"https:\/\/guidetotheazores.pt\/it\/wp-json\/wp\/v2\/product\/25336","targetHints":{"allow":["GET"]}}],"collection":[{"href":"https:\/\/guidetotheazores.pt\/it\/wp-json\/wp\/v2\/product"}],"about":[{"href":"https:\/\/guidetotheazores.pt\/it\/wp-json\/wp\/v2\/types\/product"}],"replies":[{"embeddable":true,"href":"https:\/\/guidetotheazores.pt\/it\/wp-json\/wp\/v2\/comments?post=25336"}],"wp:featuredmedia":[{"embeddable":true,"href":"https:\/\/guidetotheazores.pt\/it\/wp-json\/wp\/v2\/media\/25253"}],"wp:attachment":[{"href":"https:\/\/guidetotheazores.pt\/it\/wp-json\/wp\/v2\/media?parent=25336"}],"wp:term":[{"taxonomy":"product_brand","embeddable":true,"href":"https:\/\/guidetotheazores.pt\/it\/wp-json\/wp\/v2\/product_brand?post=25336"},{"taxonomy":"product_cat","embeddable":true,"href":"https:\/\/guidetotheazores.pt\/it\/wp-json\/wp\/v2\/product_cat?post=25336"},{"taxonomy":"product_tag","embeddable":true,"href":"https:\/\/guidetotheazores.pt\/it\/wp-json\/wp\/v2\/product_tag?post=25336"}],"curies":[{"name":"wp","href":"https:\/\/api.w.org\/{rel}","templated":true}]}}