{"id":25340,"date":"2026-05-14T12:39:39","date_gmt":"2026-05-14T13:39:39","guid":{"rendered":"https:\/\/guidetotheazores.pt\/product\/sete-cidades-e-lagoa-do-fogo-giornata-intera-tour-privato\/"},"modified":"2026-05-14T12:39:39","modified_gmt":"2026-05-14T13:39:39","slug":"sete-cidades-e-lagoa-do-fogo-giornata-intera-tour-privato","status":"publish","type":"product","link":"https:\/\/guidetotheazores.pt\/it\/prodotto\/sete-cidades-e-lagoa-do-fogo-giornata-intera-tour-privato\/","title":{"rendered":"Sete Cidades e Lagoa do Fogo giornata intera &#8211; Tour privato"},"content":{"rendered":"<h2>Circa<\/h2>\n<p>In questa visita, vedrai il lato ovest, la prospettiva mozzafiato di Sete Cidades e Vista do Rei, che ti offrir\u00e0 la vista dell&#8217;irresistibile Lago Blu e Verde insieme alla seducente parrocchia civile di Sete Cidades, la vista della montagna Lagoa do Fogo, per finire con il magico bagno nelle acque termali per una giornata indimenticabile in paradiso.<\/p>\n<p>Vivi un&#8217;avventura di 8 ore passando per Sete Cidades e Lagoa do Fogo. Parti dal tuo alloggio e parti alla scoperta di una delle sette meraviglie del Portogallo. Inizieremo con un viaggio verso la parte settentrionale dell&#8217;isola, passando per diversi punti panoramici situati a Pico do Carv\u00e3o, Lagoa do Can\u00e1rio, Grota do Inferno e Vista do Rei, dove potrai godere di una delle viste pi\u00f9 belle di fronte ai due laghi di Sete Cidades, oltre a visitare la sua parrocchia nel centro.  <\/p>\n<p>Dopo pranzo, ci recheremo al punto panoramico situato al Pico da Barrosa (il secondo punto pi\u00f9 alto dell&#8217;isola). \u00c8 prevista anche una sosta in alcuni punti panoramici lungo la discesa della montagna fino a raggiungere la Caldeira Velha (antica sorgente calda), dove potrai fare dei bagni termali. In seguito, visiteremo la fabbrica Mulher do Capote, dove avrai la possibilit\u00e0 di assaggiare i nostri liquori.  <\/p>\n<p>La nostra avventura continua con la spiaggia di Santa B\u00e1rbara, a Ribeira Grande, e alla fine visiteremo la piantagione di ananas di Faj\u00e3 de Baixo, a Ponta Delgada.<\/p>\n<p><strong>Luoghi di sosta selezionati:<\/strong><\/p>\n<ul>\n<li>Visita alla piantagione di ananas del punto di vista (Faj\u00e3 de Baixo, Ponta Delgada)<\/li>\n<li>Punto di vista Carv\u00e3o (Sete Cidades, Ponta Delgada)<\/li>\n<li>Punto di vista Lagoa do Can\u00e1rio (Sete Cidades, Ponta Delgada)<\/li>\n<li>Punto di vista Grota do Inferno (Sete Cidades, Ponta Delgada)<\/li>\n<li>Punto di vista Vista do Rei (Sete Cidades, Ponta Delgada)<\/li>\n<li>Punto di vista Cerrado das Freiras (Sete Cidades, Ponta Delgada)<\/li>\n<li>Punto di vista Lagoa do Santiago (Sete Cidades, Ponta Delgada)<\/li>\n<li>Visita alla Lagoa das Sete Cidades (centro)<\/li>\n<li>Punto di vista Pico da Barrosa (Ribeira Grande)<\/li>\n<li>Punto di vista Lagoa do Fogo (Ribeira Grande)<\/li>\n<li>Bagno termale Caldeira Velha HOT Springs (facoltativo) (Ribeira Grande)<\/li>\n<li>Visita alla fabbrica di liquori Mulher do Capote (Ribeira Grande)<\/li>\n<li>Visita la spiaggia di Santa B\u00e1rbara (Ribeira Grande)<\/li>\n<\/ul>\n<p><strong>RITIRO GRATUITO<\/strong><\/p>\n<p>9:00 Pick up in hotel con la possibilit\u00e0 di partire presto per godersi l&#8217;alba. 7:00. <\/p>\n<p>DROP OFF<br \/>\n17:00 Arrivo in Hotel \/ Stessa partenza<\/p>\n","protected":false},"excerpt":{"rendered":"<p>In questa visita, vedrai il lato ovest, la prospettiva mozzafiato di Sete Cidades e Vista do Rei, che ti permetter\u00e0 di ammirare l&#8217;irresistibile Lago Blu e Verde insieme alla seducente parrocchia civile di Sete Cidades, la vista della montagna Lagoa do Fogo, per finire con il magico bagno nelle acque termali per una giornata indimenticabile in paradiso.<\/p>\n<p><script src=\"https:\/\/fareharbor.com\/embeds\/script\/calendar\/intothewildazorestours\/items\/124750\/?asn=fhdn-eur&amp;asn-ref=guidetotheazores&amp;ref=guidetotheazores&amp;bookable-only=yes&amp;full-items=yes&amp;marketplace=yes&amp;flow=no&amp;branding=no\"><\/script><\/p>\n<p>Gruppo: massimo 8 pax<\/p>\n<p>Durata: giornata intera 8 ore<\/p>\n","protected":false},"featured_media":25269,"comment_status":"closed","ping_status":"closed","template":"","meta":{"_acf_changed":false},"product_brand":[19591],"product_cat":[19256,19305,637,19257],"product_tag":[19323],"class_list":{"0":"post-25340","1":"product","2":"type-product","3":"status-publish","4":"has-post-thumbnail","6":"product_brand-sao-miguel","7":"product_cat-attivita","8":"product_cat-sao-miguel-it","9":"product_cat-tutte-le-isole","10":"product_cat-visite-guidate","11":"product_tag-isoladisanmiguel","13":"first","14":"instock","15":"taxable","16":"shipping-taxable","17":"product-type-external"},"acf":[],"_links":{"self":[{"href":"https:\/\/guidetotheazores.pt\/it\/wp-json\/wp\/v2\/product\/25340","targetHints":{"allow":["GET"]}}],"collection":[{"href":"https:\/\/guidetotheazores.pt\/it\/wp-json\/wp\/v2\/product"}],"about":[{"href":"https:\/\/guidetotheazores.pt\/it\/wp-json\/wp\/v2\/types\/product"}],"replies":[{"embeddable":true,"href":"https:\/\/guidetotheazores.pt\/it\/wp-json\/wp\/v2\/comments?post=25340"}],"wp:featuredmedia":[{"embeddable":true,"href":"https:\/\/guidetotheazores.pt\/it\/wp-json\/wp\/v2\/media\/25269"}],"wp:attachment":[{"href":"https:\/\/guidetotheazores.pt\/it\/wp-json\/wp\/v2\/media?parent=25340"}],"wp:term":[{"taxonomy":"product_brand","embeddable":true,"href":"https:\/\/guidetotheazores.pt\/it\/wp-json\/wp\/v2\/product_brand?post=25340"},{"taxonomy":"product_cat","embeddable":true,"href":"https:\/\/guidetotheazores.pt\/it\/wp-json\/wp\/v2\/product_cat?post=25340"},{"taxonomy":"product_tag","embeddable":true,"href":"https:\/\/guidetotheazores.pt\/it\/wp-json\/wp\/v2\/product_tag?post=25340"}],"curies":[{"name":"wp","href":"https:\/\/api.w.org\/{rel}","templated":true}]}}