{"id":25344,"date":"2026-05-14T12:47:22","date_gmt":"2026-05-14T13:47:22","guid":{"rendered":"https:\/\/guidetotheazores.pt\/product\/esperienza-notturna-di-furnas\/"},"modified":"2026-05-14T12:47:22","modified_gmt":"2026-05-14T13:47:22","slug":"esperienza-notturna-di-furnas","status":"publish","type":"product","link":"https:\/\/guidetotheazores.pt\/it\/prodotto\/esperienza-notturna-di-furnas\/","title":{"rendered":"Esperienza notturna di Furnas"},"content":{"rendered":"<div class=\"subsection\" data-v-a5b16f77=\"\">\n<div class=\"content-builder-markdown-view\" data-v-316d1a1e=\"\" data-v-a5b16f77=\"\">\n<h2><em>Esperienza notturna a Furnas con bagno termale e cena inclusa<\/em><\/h2>\n<p>Scopri e immergi il tuo corpo nelle sorgenti calde geotermiche della Furnas Valley di notte, durante un&#8217;incantevole avventura romantica sotto le stelle. Inoltre, nel quartiere di Furnas potrai gustare un&#8217;esclusiva ricetta all&#8217;antica, gustosa ma sana, preparata sotto terra utilizzando il vapore acqueo proveniente dai geyser del vulcano Furnas. <\/p>\n<p><strong>Luoghi di sosta selezionati:<\/strong><\/p>\n<ul>\n<li>Visita le Caldeiras das Furnas (Furnas, Vila da Povoa\u00e7\u00e3o)<\/li>\n<li>Visita la Lagoa das Furnas (Furnas, Vila da Povoa\u00e7\u00e3o)<\/li>\n<li>Fai il bagno e cura la tua mente nelle sorgenti termali di Po\u00e7a da Dona Beija (incluso nel pacchetto) (Furnas, Vila da Povoa\u00e7\u00e3o)<\/li>\n<li>Mangia il famoso Cozido di Furnas (incluso nel pacchetto) (Furnas, Vila da Povoa\u00e7\u00e3o)<\/li>\n<\/ul>\n<p><strong>RITIRO GRATUITO<\/strong><\/p>\n<p>6:00 PM Ritiro presso l&#8217;hotel o qualsiasi altra struttura residenziale nei dintorni di Ponta Delgada<\/p>\n<p>DROP OFF<br \/>\n11:30 PM \/ 12:00 AM Arrivo in hotel \/ Stessa partenza<\/p>\n<\/div>\n<\/div>\n<div class=\"subsection\" data-v-a5b16f77=\"\">\n<div class=\"block\" data-v-a5b16f77=\"\"><span class=\"fh-text fh-text--body-lg fh-text--bold\" data-v-3872b9c5=\"\" data-v-a5b16f77=\"\">Cosa \u00e8 incluso<\/span><\/div>\n<div class=\"content-builder-markdown-view\" data-v-316d1a1e=\"\" data-v-a5b16f77=\"\">\n<ul>\n<li>Guida locale\/autista<\/li>\n<li>Cena, bevande alcoliche, dessert e caff\u00e8 o t\u00e8.<\/li>\n<li>Biglietto d&#8217;ingresso alle terme incluso (Po\u00e7a da Beija)<\/li>\n<li>Passeggiata naturalistica guidata (adattata alle capacit\u00e0 degli ospiti del van)<\/li>\n<li>Pick-up e drop-off all&#8217;interno della citt\u00e0 di Ponta Delgada<\/li>\n<li>Assicurazione<\/li>\n<li>Veicolo con aria condizionata<\/li>\n<\/ul>\n<\/div>\n<\/div>\n<div class=\"subsection\" data-v-a5b16f77=\"\">\n<div class=\"block\" data-v-a5b16f77=\"\"><span class=\"fh-text fh-text--body-lg fh-text--bold\" data-v-3872b9c5=\"\" data-v-a5b16f77=\"\">Cosa non \u00e8 incluso<\/span><\/div>\n<div class=\"content-builder-markdown-view\" data-v-316d1a1e=\"\" data-v-a5b16f77=\"\">\n<ul>\n<li>Affitto di armadietti\/doccia calda (opzionale ma disponibile)<\/li>\n<li>Asciugamani\/Costume da bagno<\/li>\n<\/ul>\n<\/div>\n<\/div>\n","protected":false},"excerpt":{"rendered":"<p>Assisti e immergi il tuo corpo nelle sorgenti calde geotermiche della Furnas Valley di notte, durante una sorta di incantevole avventura romantica sotto le stelle.<\/p>\n<p><script src=\"https:\/\/fareharbor.com\/embeds\/script\/calendar\/intothewildazorestours\/items\/124749\/?asn=fhdn-eur&amp;asn-ref=guidetotheazores&amp;ref=guidetotheazores&amp;bookable-only=yes&amp;full-items=yes&amp;marketplace=yes&amp;flow=no&amp;branding=no\"><\/script><\/p>\n<div class=\"flex items-start gap-4 mb-4 last:mb-0\" data-v-a5b16f77=\"\">\n<div class=\"min-w-0 flex-1\"><span class=\"fh-text fh-text--body-sm fh-text--medium\" data-v-3872b9c5=\"\">Durata: <\/span>6 h \/ 6h 30<\/div>\n<\/div>\n<div class=\"flex items-start gap-4 mb-4 last:mb-0\" data-v-a5b16f77=\"\">\n<div class=\"mt-1 shrink-0\"><\/div>\n<div class=\"min-w-0 flex-1\"><span class=\"fh-text fh-text--body-sm fh-text--medium\" data-v-3872b9c5=\"\">Punto d&#8217;incontro: <\/span>Pick up presso l&#8217;hotel o qualsiasi altra struttura residenziale nei dintorni di Ponta Delgada.<\/div>\n<\/div>\n","protected":false},"featured_media":25285,"comment_status":"closed","ping_status":"closed","template":"","meta":{"_acf_changed":false},"product_brand":[19591],"product_cat":[19256,19305,637,19257],"product_tag":[19323],"class_list":{"0":"post-25344","1":"product","2":"type-product","3":"status-publish","4":"has-post-thumbnail","6":"product_brand-sao-miguel","7":"product_cat-attivita","8":"product_cat-sao-miguel-it","9":"product_cat-tutte-le-isole","10":"product_cat-visite-guidate","11":"product_tag-isoladisanmiguel","13":"first","14":"instock","15":"taxable","16":"shipping-taxable","17":"product-type-external"},"acf":[],"_links":{"self":[{"href":"https:\/\/guidetotheazores.pt\/it\/wp-json\/wp\/v2\/product\/25344","targetHints":{"allow":["GET"]}}],"collection":[{"href":"https:\/\/guidetotheazores.pt\/it\/wp-json\/wp\/v2\/product"}],"about":[{"href":"https:\/\/guidetotheazores.pt\/it\/wp-json\/wp\/v2\/types\/product"}],"replies":[{"embeddable":true,"href":"https:\/\/guidetotheazores.pt\/it\/wp-json\/wp\/v2\/comments?post=25344"}],"wp:featuredmedia":[{"embeddable":true,"href":"https:\/\/guidetotheazores.pt\/it\/wp-json\/wp\/v2\/media\/25285"}],"wp:attachment":[{"href":"https:\/\/guidetotheazores.pt\/it\/wp-json\/wp\/v2\/media?parent=25344"}],"wp:term":[{"taxonomy":"product_brand","embeddable":true,"href":"https:\/\/guidetotheazores.pt\/it\/wp-json\/wp\/v2\/product_brand?post=25344"},{"taxonomy":"product_cat","embeddable":true,"href":"https:\/\/guidetotheazores.pt\/it\/wp-json\/wp\/v2\/product_cat?post=25344"},{"taxonomy":"product_tag","embeddable":true,"href":"https:\/\/guidetotheazores.pt\/it\/wp-json\/wp\/v2\/product_tag?post=25344"}],"curies":[{"name":"wp","href":"https:\/\/api.w.org\/{rel}","templated":true}]}}