{"id":25352,"date":"2026-05-14T13:03:32","date_gmt":"2026-05-14T14:03:32","guid":{"rendered":"https:\/\/guidetotheazores.pt\/product\/tour-privato-di-furnas-di-una-giornata-intera\/"},"modified":"2026-05-14T13:03:32","modified_gmt":"2026-05-14T14:03:32","slug":"tour-privato-di-furnas-di-una-giornata-intera","status":"publish","type":"product","link":"https:\/\/guidetotheazores.pt\/it\/prodotto\/tour-privato-di-furnas-di-una-giornata-intera\/","title":{"rendered":"Tour privato di Furnas di una giornata intera"},"content":{"rendered":"<p>Scopri la costa meridionale dell&#8217;isola di Sao Miguel, scoprendo paesaggi come l&#8217;isola di Vila Franca (nota per le immersioni Red Bull), assaggia le famose torte Queijadas da Vila e visita la cappella di Nossa Sra da Paz.<\/p>\n<p>Avvicinandoti al piccolo villaggio di Furnas, potrai ammirare la tranquilla Lagoa da Furnas, dove potrai vedere le famosissime vasche di vapore in cui gli abitanti del luogo preparano un pasto noto come Cozido das Furnas che verr\u00e0 offerto ai clienti.<\/p>\n<p>Fai un bagno caldo e salutare nelle famose sorgenti termali di Furnas, rilassandoti all&#8217;interno, circondato da uno scenario unico di un ambiente riposante e naturale, che a sua volta ti riempir\u00e0 il cuore di ricordi delle Azzorre.<\/p>\n<p><strong>Luoghi di sosta selezionati:<\/strong><\/p>\n<ul>\n<li>Punto di vista Pis\u00e3o<\/li>\n<li>Isolotto (Vista da Vila Franca)<\/li>\n<li>Ermida da Nossa Senhora da Paz (Vila Franca)<\/li>\n<li>Lagoa das Furnas (Furnas, Vila da Povoa\u00e7\u00e3o)<\/li>\n<li>Caldeiras das Furnas (Furnas, Vila da Povoa\u00e7\u00e3o)<\/li>\n<li>Terra Nostra (opzionale) o Bagno termale Po\u00e7a da Dona Beija (opzionale) (Furnas, Vila da Povoa\u00e7\u00e3o)<\/li>\n<li>Punto di vista Pico do Ferro (Furnas, Vila da Povoa\u00e7\u00e3o)<\/li>\n<li>Visita la fabbrica di t\u00e8 di Gorreana (Ribeira Grande)<\/li>\n<li>Punto di vista Sta Iria<\/li>\n<\/ul>\n<p><strong>RITIRO GRATUITO<\/strong><\/p>\n<p>9:00 Pick up in hotel con la possibilit\u00e0 di partire presto per godersi l&#8217;alba. 7:00. <\/p>\n<p>DROP OFF<br \/>\n17:00 Arrivo in Hotel \/ Stessa partenza<\/p>\n","protected":false},"excerpt":{"rendered":"<p>Scopri la costa meridionale dell&#8217;isola di Sao Miguel, introducendo paesaggi come l&#8217;isola di Vila Franca, (nota per le immersioni Red Bull), assaggia le famose torte Queijadas da Vila e visita la cappella di Nossa Sra da Paz.<\/p>\n<p><script src=\"https:\/\/fareharbor.com\/embeds\/script\/calendar\/intothewildazorestours\/items\/124751\/?asn=fhdn-eur&amp;asn-ref=guidetotheazores&amp;ref=guidetotheazores&amp;bookable-only=yes&amp;full-items=yes&amp;marketplace=yes&amp;flow=no&amp;branding=no\"><\/script><\/p>\n<p>Gruppo di massimo 8 persone<\/p>\n<p>Durata: giornata intera 8 ore<\/p>\n","protected":false},"featured_media":25312,"comment_status":"closed","ping_status":"closed","template":"","meta":{"_acf_changed":false},"product_brand":[19591],"product_cat":[19256,19305,637,19257],"product_tag":[19323],"class_list":{"0":"post-25352","1":"product","2":"type-product","3":"status-publish","4":"has-post-thumbnail","6":"product_brand-sao-miguel","7":"product_cat-attivita","8":"product_cat-sao-miguel-it","9":"product_cat-tutte-le-isole","10":"product_cat-visite-guidate","11":"product_tag-isoladisanmiguel","13":"first","14":"instock","15":"taxable","16":"shipping-taxable","17":"product-type-external"},"acf":[],"_links":{"self":[{"href":"https:\/\/guidetotheazores.pt\/it\/wp-json\/wp\/v2\/product\/25352","targetHints":{"allow":["GET"]}}],"collection":[{"href":"https:\/\/guidetotheazores.pt\/it\/wp-json\/wp\/v2\/product"}],"about":[{"href":"https:\/\/guidetotheazores.pt\/it\/wp-json\/wp\/v2\/types\/product"}],"replies":[{"embeddable":true,"href":"https:\/\/guidetotheazores.pt\/it\/wp-json\/wp\/v2\/comments?post=25352"}],"wp:featuredmedia":[{"embeddable":true,"href":"https:\/\/guidetotheazores.pt\/it\/wp-json\/wp\/v2\/media\/25312"}],"wp:attachment":[{"href":"https:\/\/guidetotheazores.pt\/it\/wp-json\/wp\/v2\/media?parent=25352"}],"wp:term":[{"taxonomy":"product_brand","embeddable":true,"href":"https:\/\/guidetotheazores.pt\/it\/wp-json\/wp\/v2\/product_brand?post=25352"},{"taxonomy":"product_cat","embeddable":true,"href":"https:\/\/guidetotheazores.pt\/it\/wp-json\/wp\/v2\/product_cat?post=25352"},{"taxonomy":"product_tag","embeddable":true,"href":"https:\/\/guidetotheazores.pt\/it\/wp-json\/wp\/v2\/product_tag?post=25352"}],"curies":[{"name":"wp","href":"https:\/\/api.w.org\/{rel}","templated":true}]}}