{"id":20268,"date":"2021-05-29T04:54:02","date_gmt":"2021-05-29T05:54:02","guid":{"rendered":"https:\/\/guidetotheazores.pt\/sobre-nos\/"},"modified":"2026-01-10T08:49:50","modified_gmt":"2026-01-10T09:49:50","slug":"sobre-nos-2-2","status":"publish","type":"page","link":"https:\/\/guidetotheazores.pt\/pt-pt\/sobre-nos-2-2\/","title":{"rendered":"Sobre n\u00f3s"},"content":{"rendered":"\t\t<div data-elementor-type=\"wp-page\" data-elementor-id=\"20268\" class=\"elementor elementor-20268 elementor-5233\" data-elementor-post-type=\"page\">\n\t\t\t\t\t\t<section class=\"wd-negative-gap elementor-section elementor-top-section elementor-element elementor-element-85347ea elementor-section-boxed elementor-section-height-default elementor-section-height-default\" data-id=\"85347ea\" data-element_type=\"section\" data-e-type=\"section\">\n\t\t\t\t\t\t<div class=\"elementor-container elementor-column-gap-default\">\n\t\t\t\t\t<div class=\"elementor-column elementor-col-50 elementor-top-column elementor-element elementor-element-c049de2\" data-id=\"c049de2\" data-element_type=\"column\" data-e-type=\"column\">\n\t\t\t<div class=\"elementor-widget-wrap elementor-element-populated\">\n\t\t\t\t\t\t<div class=\"elementor-element elementor-element-3efad71 elementor-widget elementor-widget-image\" data-id=\"3efad71\" data-element_type=\"widget\" data-e-type=\"widget\" data-widget_type=\"image.default\">\n\t\t\t\t<div class=\"elementor-widget-container\">\n\t\t\t\t\t\t\t\t\t\t\t\t\t\t\t<img decoding=\"async\" width=\"640\" height=\"240\" src=\"https:\/\/guidetotheazores.pt\/wp-content\/themes\/woodmart\/images\/lazy.svg\" data-src=\"https:\/\/guidetotheazores.pt\/wp-content\/uploads\/2022\/02\/GttA-Banner-for-Emails-1.jpg\" class=\" wd-lazy-fade attachment-large size-large wp-image-8577\" alt=\"\" srcset=\"\" data-srcset=\"https:\/\/guidetotheazores.pt\/wp-content\/uploads\/2022\/02\/GttA-Banner-for-Emails-1.jpg 640w, https:\/\/guidetotheazores.pt\/wp-content\/uploads\/2022\/02\/GttA-Banner-for-Emails-1-300x113.jpg 300w, https:\/\/guidetotheazores.pt\/wp-content\/uploads\/2022\/02\/GttA-Banner-for-Emails-1-561x210.jpg 561w, https:\/\/guidetotheazores.pt\/wp-content\/uploads\/2022\/02\/GttA-Banner-for-Emails-1-265x99.jpg 265w, https:\/\/guidetotheazores.pt\/wp-content\/uploads\/2022\/02\/GttA-Banner-for-Emails-1-531x199.jpg 531w, https:\/\/guidetotheazores.pt\/wp-content\/uploads\/2022\/02\/GttA-Banner-for-Emails-1-364x137.jpg 364w, https:\/\/guidetotheazores.pt\/wp-content\/uploads\/2022\/02\/GttA-Banner-for-Emails-1-608x228.jpg 608w, https:\/\/guidetotheazores.pt\/wp-content\/uploads\/2022\/02\/GttA-Banner-for-Emails-1-313x117.jpg 313w, https:\/\/guidetotheazores.pt\/wp-content\/uploads\/2022\/02\/GttA-Banner-for-Emails-1-600x225.jpg 600w\" sizes=\"(max-width: 640px) 100vw, 640px\">\t\t\t\t\t\t\t\t\t\t\t\t\t\t\t<\/div>\n\t\t\t\t<\/div>\n\t\t\t\t\t<\/div>\n\t\t<\/div>\n\t\t\t\t<div class=\"elementor-column elementor-col-50 elementor-top-column elementor-element elementor-element-2033f7d\" data-id=\"2033f7d\" data-element_type=\"column\" data-e-type=\"column\">\n\t\t\t<div class=\"elementor-widget-wrap elementor-element-populated\">\n\t\t\t\t\t\t<div class=\"elementor-element elementor-element-ddc073b elementor-widget elementor-widget-heading\" data-id=\"ddc073b\" data-element_type=\"widget\" data-e-type=\"widget\" data-widget_type=\"heading.default\">\n\t\t\t\t<div class=\"elementor-widget-container\">\n\t\t\t\t\t<h2 class=\"elementor-heading-title elementor-size-default\">O Guide to the Azores convida-te a <br>juntar-te a um novo projeto online inovador e entusiasmante <br><\/h2>\t\t\t\t<\/div>\n\t\t\t\t<\/div>\n\t\t\t\t\t<\/div>\n\t\t<\/div>\n\t\t\t\t\t<\/div>\n\t\t<\/section>\n\t\t\t\t<section class=\"wd-negative-gap elementor-section elementor-top-section elementor-element elementor-element-e9e5806 elementor-section-boxed elementor-section-height-default elementor-section-height-default\" data-id=\"e9e5806\" data-element_type=\"section\" data-e-type=\"section\">\n\t\t\t\t\t\t<div class=\"elementor-container elementor-column-gap-default\">\n\t\t\t\t\t<div class=\"elementor-column elementor-col-100 elementor-top-column elementor-element elementor-element-8a99958\" data-id=\"8a99958\" data-element_type=\"column\" data-e-type=\"column\">\n\t\t\t<div class=\"elementor-widget-wrap elementor-element-populated\">\n\t\t\t\t\t\t<div class=\"elementor-element elementor-element-fda3132 elementor-widget-divider--view-line elementor-widget elementor-widget-divider\" data-id=\"fda3132\" data-element_type=\"widget\" data-e-type=\"widget\" data-widget_type=\"divider.default\">\n\t\t\t\t<div class=\"elementor-widget-container\">\n\t\t\t\t\t\t\t<div class=\"elementor-divider\">\n\t\t\t<span class=\"elementor-divider-separator\">\n\t\t\t\t\t\t<\/span>\n\t\t<\/div>\n\t\t\t\t\t\t<\/div>\n\t\t\t\t<\/div>\n\t\t\t\t\t<\/div>\n\t\t<\/div>\n\t\t\t\t\t<\/div>\n\t\t<\/section>\n\t\t\t\t<section class=\"wd-negative-gap elementor-section elementor-top-section elementor-element elementor-element-f777ac6 elementor-section-boxed elementor-section-height-default elementor-section-height-default\" data-id=\"f777ac6\" data-element_type=\"section\" data-e-type=\"section\">\n\t\t\t\t\t\t<div class=\"elementor-container elementor-column-gap-default\">\n\t\t\t\t\t<div class=\"elementor-column elementor-col-100 elementor-top-column elementor-element elementor-element-41fd06b\" data-id=\"41fd06b\" data-element_type=\"column\" data-e-type=\"column\">\n\t\t\t<div class=\"elementor-widget-wrap elementor-element-populated\">\n\t\t\t\t\t\t<div class=\"elementor-element elementor-element-4f405ff elementor-widget elementor-widget-heading\" data-id=\"4f405ff\" data-element_type=\"widget\" data-e-type=\"widget\" data-widget_type=\"heading.default\">\n\t\t\t\t<div class=\"elementor-widget-container\">\n\t\t\t\t\t<h2 class=\"elementor-heading-title elementor-size-default\">Torna-te pioneiro no primeiro mercado online de turismo e alojamento 100% local <br>.<\/h2>\t\t\t\t<\/div>\n\t\t\t\t<\/div>\n\t\t\t\t\t<\/div>\n\t\t<\/div>\n\t\t\t\t\t<\/div>\n\t\t<\/section>\n\t\t\t\t<section class=\"wd-negative-gap elementor-section elementor-top-section elementor-element elementor-element-4c7ea2a2 elementor-section-boxed elementor-section-height-default elementor-section-height-default\" data-id=\"4c7ea2a2\" data-element_type=\"section\" data-e-type=\"section\">\n\t\t\t\t\t\t<div class=\"elementor-container elementor-column-gap-default\">\n\t\t\t\t\t<div class=\"elementor-column elementor-col-100 elementor-top-column elementor-element elementor-element-70cc74e6\" data-id=\"70cc74e6\" data-element_type=\"column\" data-e-type=\"column\">\n\t\t\t<div class=\"elementor-widget-wrap elementor-element-populated\">\n\t\t\t\t\t\t<div class=\"elementor-element elementor-element-8ccb7f1 color-scheme-inherit text-left elementor-widget elementor-widget-text-editor\" data-id=\"8ccb7f1\" data-element_type=\"widget\" data-e-type=\"widget\" data-widget_type=\"text-editor.default\">\n\t\t\t\t<div class=\"elementor-widget-container\">\n\t\t\t\t\t\t\t\t\t<h3><b>O crescimento do sector do turismo deve beneficiar em primeiro lugar as empresas locais e a popula\u00e7\u00e3o local<\/b><\/h3><p>Os A\u00e7ores est\u00e3o a tornar-se rapidamente num enorme local de f\u00e9rias. Nos \u00faltimos anos, o n\u00famero de turistas e entusiastas da natureza que visitam a ilha est\u00e1 a crescer constantemente, a um ritmo de 11% de ano para ano, e 54,8% nos \u00faltimos 5 anos (fonte SREA).  <\/p><p>O crescimento do turismo nos A\u00e7ores nos \u00faltimos anos abriu muitas oportunidades de desenvolvimento para as ilhas. Para al\u00e9m da riqueza gerada, que tem um peso crescente no PIB a\u00e7oriano, o turismo sustent\u00e1vel pode tamb\u00e9m impulsionar o desenvolvimento humano, a educa\u00e7\u00e3o e a forma\u00e7\u00e3o profissional, as infra-estruturas e os transportes. Muito importante, o desenvolvimento do sector do turismo sustent\u00e1vel pode tamb\u00e9m criar uma maior consci\u00eancia ambiental nas autoridades locais e na popula\u00e7\u00e3o local. Afinal, a nossa natureza \u00fanica e intocada \u00e9 o produto que os nossos clientes procuram. Mas para que estas perspectivas de desenvolvimento positivas se tornem realidade, as receitas devem beneficiar a economia local.  <\/p><p>Este crescimento, que se espera venha a aumentar, atrair\u00e1 necessariamente grandes empresas externas, com grandes or\u00e7amentos de marketing que deixar\u00e3o muito pouco espa\u00e7o para as empresas locais. Al\u00e9m disso, os grandes portais de turismo mundiais cobram taxas e comiss\u00f5es elevadas, fazendo com que uma parte substancial do dinheiro gasto pelo turista v\u00e1 para fora dos A\u00e7ores, em vez de beneficiar a economia local.  <\/p><p>Esta \u00e9 a grande quest\u00e3o: quem ir\u00e1 beneficiar deste crescimento no turismo? Acreditamos que o Guide to the Azores pode fazer a diferen\u00e7a.  <\/p><h3><b>Um Mercado de Turismo Sustent\u00e1vel para as empresas locais  <\/b><\/h3><p><b>As pequenas empresas t\u00eam um tempo e dinheiro limitados para gastar em marketing, enquanto os grandes operadores tur\u00edsticos t\u00eam muitos de ambos.<\/b>  \u00c9 um facto que os potenciais clientes confiam na Internet para encontrar e escolher onde dormir, o que fazer e como circular, uma vez escolhido um local para passar as suas f\u00e9rias.  <strong>A hip\u00f3tese do seu neg\u00f3cio ser escolhido depende de estar nos 5 primeiros lugares nos motores de busca como o Google.<\/strong>  Se n\u00e3o for, as hip\u00f3teses de ser colhido s\u00e3o pr\u00f3ximas de zero. Para aparecer em grandes s\u00edtios Web em linha, como as grandes empresas de reservas bem conhecidas, ter\u00e1 de pagar comiss\u00f5es pesadas em troca de visibilidade.  <\/p><p><strong>A nossa proposta \u00e9 ter um website no qual todas as pequenas empresas locais possam apresentar diretamente as suas listas,<\/strong> como alojamentos, passeios, actividades, servi\u00e7os e at\u00e9 pacotes preparados. <strong>Cada parceiro ter\u00e1 a sua pr\u00f3pria loja online e todos eles ser\u00e3o promovidos por uma campanha de marketing persistente e de grande alcance<\/strong> atrav\u00e9s de motores de busca, redes sociais e publicidade online paga. Vamos crescer juntos!<\/p><p>Mais do que mais um site de informa\u00e7\u00e3o tur\u00edstica dos <strong>A\u00e7ores, o Guide to the Azores \u00e9 uma verdadeira loja online que te oferece a possibilidade de venderes o teu produto diretamente ao cliente, aumentando a tua exposi\u00e7\u00e3o online e gerando mais neg\u00f3cio. <\/strong> <\/p><h3><b>Comiss\u00f5es baixas<\/b><\/h3><p>Guide to the Azores cobra <strong>comiss\u00f5es baixas<\/strong>: 12%. Comprometemo-nos<span style=\"font-size: 16px; color: #646464; text-align: start; -webkit-text-stroke-color: #646464; background-color: var(--wd-main-bgcolor);\">a mant\u00ea-las significativamente mais baixas do que as de outros operadores como Booking, AirBNB, Viator, Getyouguide, etc.<\/span> <\/p><p><b>N\u00e3o h\u00e1 taxas ocultas, nem taxas mensais, nada.  <\/b><\/p><p>Assim, <b>com risco zero e custos mais baixos, pode obter um maior acesso aos clientes que procura<\/b> num website moderno, din\u00e2mico, bem apresentado e gerido profissionalmente, multiplicando o alcance dos seus produtos.  <\/p><h3><b>Como \u00e9 que funciona?  <\/b><\/h3><p><b>Cada parceiro recebe a sua pr\u00f3pria loja online para colocar os seus produtos, alojamentos, actividades, servi\u00e7os e ofertas.<\/b>  Todos os produtos ser\u00e3o catalogados e pesquis\u00e1veis.  <\/p><p><strong style=\"font-size: 18px; background-color: var(--wd-main-bgcolor);\">Receber\u00e1s apoio t\u00e9cnico direto e pessoal para criares a tua loja<\/strong><span style=\"font-size: 18px; background-color: var(--wd-main-bgcolor);\">cria ofertas, carrega conte\u00fados, obt\u00e9m relat\u00f3rios peri\u00f3dicos sobre as vendas e a visibilidade. <\/span> <\/p><p><strong style=\"font-size: 18px; background-color: var(--wd-main-bgcolor);\">Os pagamentos dos clientes ser\u00e3o processados pela Plataforma GttA utilizando canais 100% seguros como Stripe e Paypal, suportando todos os principais cart\u00f5es, incluindo obviamente Visa e Mastercard.<\/strong> <span style=\"color: #646464; font-family: 'Exo 2'; font-size: 16px; font-style: normal; font-variant-ligatures: normal; font-variant-caps: normal; font-weight: 400; text-align: start; -webkit-text-stroke-color: #646464; background-color: var(--wd-main-bgcolor); font-kerning: none;\">No final de cada m\u00eas, ser-te-\u00e1 concedido, por transfer\u00eancia banc\u00e1ria, o montante total menos as comiss\u00f5es para a GTTA (e taxas de cart\u00f5es, se existirem) dos servi\u00e7os\/alojamentos conclu\u00eddos. OCEANETWORK <\/span><span style=\"color: #646464; font-size: 16px; font-style: normal; font-variant: normal; font-weight: normal; text-align: start; -webkit-text-stroke-color: #646464; background-color: var(--wd-main-bgcolor); font-optical-sizing: auto; font-feature-settings: normal; font-variation-settings: normal; font-stretch: normal; line-height: normal; font-family: Helvetica; font-kerning: none;\">emite para  <\/span><span style=\"color: #646464; font-family: 'Exo 2'; font-size: 16px; font-style: normal; font-variant-ligatures: normal; font-variant-caps: normal; font-weight: 400; text-align: start; -webkit-text-stroke-color: #646464; background-color: var(--wd-main-bgcolor); font-kerning: none;\">PARCEIRO uma fatura com as comiss\u00f5es GTTA acordadas (e taxas de cart\u00e3o se existirem) utilizando um software de fatura\u00e7\u00e3o portugu\u00eas autorizado. O montante dos pagamentos pendentes \u00e9 mostrado na sec\u00e7\u00e3o &#8220;Levantamento&#8221; na LOJA PARCEIRA, dentro da \u00e1rea reservada do GTTA.  <\/span><\/p><p><strong>Crescemos juntos<\/strong>: A maior visibilidade, vendas e clientes satisfeitos que obter\u00e1 da sua loja beneficiar\u00e3o todo o website e todos os parceiros.  <\/p><p><strong>O GTTA \u00e9 detido pela OceaNetwork LDA, uma empresa detida a 100% por residentes que escolheram os A\u00e7ores (Faial) como a sua nova casa.<\/strong>  Os lucros ser\u00e3o reinvestidos exclusivamente em projectos locais<\/p><p><a style=\"background-color: initial;\" href=\"https:\/\/guidetotheazores.pt\/pt-pt\/contacte-nos\/\" target=\"_blank\" rel=\"noopener\">Contacte-nos<\/a> e ajude-nos a construir um mercado tur\u00edstico sustent\u00e1vel de sucesso, justo e baseado nos A\u00e7ores, ou:<\/p>\t\t\t\t\t\t\t\t<\/div>\n\t\t\t\t<\/div>\n\t\t\t\t\t<\/div>\n\t\t<\/div>\n\t\t\t\t\t<\/div>\n\t\t<\/section>\n\t\t\t\t<section class=\"wd-negative-gap elementor-section elementor-top-section elementor-element elementor-element-23a759b elementor-section-boxed elementor-section-height-default elementor-section-height-default\" data-id=\"23a759b\" data-element_type=\"section\" data-e-type=\"section\">\n\t\t\t\t\t\t<div class=\"elementor-container elementor-column-gap-default\">\n\t\t\t\t\t<div class=\"elementor-column elementor-col-100 elementor-top-column elementor-element elementor-element-c77f26a\" data-id=\"c77f26a\" data-element_type=\"column\" data-e-type=\"column\">\n\t\t\t<div class=\"elementor-widget-wrap elementor-element-populated\">\n\t\t\t\t\t\t<div class=\"elementor-element elementor-element-ec1a935 elementor-widget elementor-widget-heading\" data-id=\"ec1a935\" data-element_type=\"widget\" data-e-type=\"widget\" data-widget_type=\"heading.default\">\n\t\t\t\t<div class=\"elementor-widget-container\">\n\t\t\t\t\t<h2 class=\"elementor-heading-title elementor-size-default\"><a href=\"https:\/\/guidetotheazores.pt\/my-account\/?action=register\">Junte-se a n\u00f3s agora! Regista-te como parceiro e ajuda-nos a <br>construir um mercado de turismo sustent\u00e1vel de sucesso!<\/a><\/h2>\t\t\t\t<\/div>\n\t\t\t\t<\/div>\n\t\t\t\t\t<\/div>\n\t\t<\/div>\n\t\t\t\t\t<\/div>\n\t\t<\/section>\n\t\t\t\t<\/div>\n\t\t","protected":false},"excerpt":{"rendered":"<p>O Guide to the Azores convida-te a juntar-te a um novo projeto online inovador e entusiasmante Torna-te pioneiro no primeiro<\/p>\n","protected":false},"author":1,"featured_media":0,"parent":0,"menu_order":0,"comment_status":"closed","ping_status":"closed","template":"","meta":{"_acf_changed":false,"footnotes":""},"class_list":["post-20268","page","type-page","status-publish","hentry"],"acf":[],"_links":{"self":[{"href":"https:\/\/guidetotheazores.pt\/pt-pt\/wp-json\/wp\/v2\/pages\/20268","targetHints":{"allow":["GET"]}}],"collection":[{"href":"https:\/\/guidetotheazores.pt\/pt-pt\/wp-json\/wp\/v2\/pages"}],"about":[{"href":"https:\/\/guidetotheazores.pt\/pt-pt\/wp-json\/wp\/v2\/types\/page"}],"author":[{"embeddable":true,"href":"https:\/\/guidetotheazores.pt\/pt-pt\/wp-json\/wp\/v2\/users\/1"}],"replies":[{"embeddable":true,"href":"https:\/\/guidetotheazores.pt\/pt-pt\/wp-json\/wp\/v2\/comments?post=20268"}],"version-history":[{"count":2,"href":"https:\/\/guidetotheazores.pt\/pt-pt\/wp-json\/wp\/v2\/pages\/20268\/revisions"}],"predecessor-version":[{"id":20270,"href":"https:\/\/guidetotheazores.pt\/pt-pt\/wp-json\/wp\/v2\/pages\/20268\/revisions\/20270"}],"wp:attachment":[{"href":"https:\/\/guidetotheazores.pt\/pt-pt\/wp-json\/wp\/v2\/media?parent=20268"}],"curies":[{"name":"wp","href":"https:\/\/api.w.org\/{rel}","templated":true}]}}