{"id":10578,"date":"2023-05-15T07:37:48","date_gmt":"2023-05-15T08:37:48","guid":{"rendered":"https:\/\/guidetotheazores.pt\/?post_type=product&#038;p=10578"},"modified":"2026-02-01T09:28:42","modified_gmt":"2026-02-01T10:28:42","slug":"passeio-de-observacao-de-baleias-e-golfinhos-ilha-do-pico","status":"publish","type":"product","link":"https:\/\/guidetotheazores.pt\/pt-pt\/produto\/passeio-de-observacao-de-baleias-e-golfinhos-ilha-do-pico\/","title":{"rendered":"Passeio de Observa\u00e7\u00e3o de Baleias e Golfinhos Ilha do Pico"},"content":{"rendered":"<p>Lajes do Pico um dos melhores locais do mundo no meio do Oceano Atl\u00e2ntico para observar v\u00e1rias esp\u00e9cies de baleias e golfinhos.<\/p>\n<p>Aviste os maiores animais marinhos do mundo nesta viagem de observa\u00e7\u00e3o de baleias na Ilha do Pico.<\/p>\n<p>Trazendo a natureza para a vida, os A\u00e7ores s\u00e3o considerados um dos melhores locais do mundo para avistar gigantes oce\u00e2nicos como cachalotes e baleias azuis.<\/p>\n<p>Uma reserva marinha com popula\u00e7\u00f5es crescentes de cet\u00e1ceos residentes e migrantes, explore o horizonte para ver as brechas deslumbrantes e o comportamento de botos da ilha do Pico nos A\u00e7ores!<\/p>\n<p>Os passeios s\u00e3o organizados de acordo com o clima e a \u00e9poca do ano, os barcos sair\u00e3o do porto com um bi\u00f3logo marinho dedicado.<\/p>\n<p>Durante a excurs\u00e3o de tr\u00eas horas, o skipper estar\u00e1 em contato com um \u2018Vigia\u2019 ou mirante que o guiar\u00e1 em dire\u00e7\u00e3o \u00e0s baleias para garantir que se veja o maior n\u00famero poss\u00edvel de esp\u00e9cies.<\/p>\n<p>Ap\u00f3s ter completado um circuito da \u00e1rea marinha protegida, o barco retorna ao porto.<\/p>\n<div class=\"eltd-hotel-room-description-label eltd-hotel-room-label-style\">\n<h4>Incluido<\/h4>\n<\/div>\n<div class=\"eltd-hotel-room-description-items eltd-hotel-room-items-style clearfix\">\n<p>Sa\u00eddas para o mar, diariamente, \u00e0s 09:00 \u2013 14:00<\/p>\n<ul>\n<li>Guia e Skipper<\/li>\n<li>Seguro (assist\u00eancia, doen\u00e7a, acidente, custos de opera\u00e7\u00e3o de salvamento, \u2026).<\/li>\n<li>Expedi\u00e7\u00f5es de cerca de 3 horas no mar, dependendo das condi\u00e7\u00f5es meteorol\u00f3gicas.<\/li>\n<li>Inclui taxas governamentais para licen\u00e7a de observa\u00e7\u00e3o de cet\u00e1ceos.<\/li>\n<\/ul>\n<div class=\"eltd-hotel-room-description-label eltd-hotel-room-label-style\">\n<h4>Itiner\u00e1rio<\/h4>\n<\/div>\n<div class=\"eltd-hotel-room-description-items eltd-hotel-room-items-style clearfix\">\n<p>Vari\u00e1vel<\/p>\n<ul>\n<li>Comparecer com 30 minutos de anteced\u00eancia<\/li>\n<li>Localiza\u00e7\u00e3o dos animais atrav\u00e9s de vigias em terra<\/li>\n<li>A dura\u00e7\u00e3o do passeio \u00e9 de aproximadamente 3 horas<\/li>\n<\/ul>\n<div class=\"eltd-hotel-room-description-label eltd-hotel-room-label-style\">\n<h4>Sobre Cancelamento<\/h4>\n<\/div>\n<div class=\"eltd-hotel-room-description-items eltd-hotel-room-items-style clearfix\">\n<p><strong>Pol\u00edtica de cancelamento flex\u00edvel<\/strong><\/p>\n<ul>\n<li>Asseguramos o reembolso total da sua reserva se cancelar com pelo menos 48 horas de anteced\u00eancia<\/li>\n<\/ul>\n<\/div>\n<\/div>\n<\/div>\n","protected":false},"excerpt":{"rendered":"<p>Passeio de Observa\u00e7\u00e3o de Baleias e Golfinhos Ilha do Pico<\/p>\n","protected":false},"featured_media":10522,"comment_status":"open","ping_status":"closed","template":"","meta":{"_acf_changed":false},"product_brand":[],"product_cat":[552,19262,539,556],"product_tag":[19327],"class_list":{"0":"post-10578","1":"product","2":"type-product","3":"status-publish","4":"has-post-thumbnail","6":"product_cat-observacao-de-baleias","7":"product_cat-pico-pt-pt","8":"product_cat-atividades-pt-pt","9":"product_cat-todas-as-ilhas","10":"product_tag-ilhadopico","12":"first","13":"instock","14":"virtual","15":"sold-individually","16":"taxable","17":"purchasable","18":"product-type-phive_booking"},"acf":[],"_links":{"self":[{"href":"https:\/\/guidetotheazores.pt\/pt-pt\/wp-json\/wp\/v2\/product\/10578","targetHints":{"allow":["GET"]}}],"collection":[{"href":"https:\/\/guidetotheazores.pt\/pt-pt\/wp-json\/wp\/v2\/product"}],"about":[{"href":"https:\/\/guidetotheazores.pt\/pt-pt\/wp-json\/wp\/v2\/types\/product"}],"replies":[{"embeddable":true,"href":"https:\/\/guidetotheazores.pt\/pt-pt\/wp-json\/wp\/v2\/comments?post=10578"}],"wp:featuredmedia":[{"embeddable":true,"href":"https:\/\/guidetotheazores.pt\/pt-pt\/wp-json\/wp\/v2\/media\/10522"}],"wp:attachment":[{"href":"https:\/\/guidetotheazores.pt\/pt-pt\/wp-json\/wp\/v2\/media?parent=10578"}],"wp:term":[{"taxonomy":"product_brand","embeddable":true,"href":"https:\/\/guidetotheazores.pt\/pt-pt\/wp-json\/wp\/v2\/product_brand?post=10578"},{"taxonomy":"product_cat","embeddable":true,"href":"https:\/\/guidetotheazores.pt\/pt-pt\/wp-json\/wp\/v2\/product_cat?post=10578"},{"taxonomy":"product_tag","embeddable":true,"href":"https:\/\/guidetotheazores.pt\/pt-pt\/wp-json\/wp\/v2\/product_tag?post=10578"}],"curies":[{"name":"wp","href":"https:\/\/api.w.org\/{rel}","templated":true}]}}