{"id":10736,"date":"2023-10-28T10:12:56","date_gmt":"2023-10-28T11:12:56","guid":{"rendered":"https:\/\/guidetotheazores.pt\/?post_type=product&#038;p=10736"},"modified":"2025-05-31T08:06:05","modified_gmt":"2025-05-31T09:06:05","slug":"casa-aguaplano-suite","status":"publish","type":"product","link":"https:\/\/guidetotheazores.pt\/pt-pt\/produto\/casa-aguaplano-suite\/","title":{"rendered":"Casa Aguaplano Suite (Dispon\u00edvel em breve)"},"content":{"rendered":"<p>Dispon\u00edvel em breve!<\/p>\n<p>Adequada para uma fam\u00edlia ou um grupo de amigos, esta suite de 90 m\u00b2 \u00e9 espa\u00e7osa, com uma grande cozinha, uma acolhedora sala de estar com um fog\u00e3o a lenha e um escrit\u00f3rio com um sof\u00e1 que tamb\u00e9m pode ser utilizado como cama extra. O deck na frente oferece a oportunidade de desfrutar de um p\u00f4r do sol incompar\u00e1vel.<\/p>\n<p>Valeria e Sigfrido d\u00e3o-lhe as boas-vindas ao seu esconderijo a\u00e7oriano.<\/p>\n<p>O Vulc\u00e3o dos Capelinhos e as piscinas naturais do Varadouro ficam a poucos minutos de dist\u00e2ncia, existe um bom restaurante (Bela Vista), bem como uma loja e 2 snack-bares a uma curta dist\u00e2ncia a p\u00e9. O aeroporto pode ser alcan\u00e7ado em 10 minutos de carro. A Horta fica apenas a 20 minutos de dist\u00e2ncia.<\/p>\n","protected":false},"excerpt":{"rendered":"<p>Dispon\u00edvel em breve!<\/p>\n<p>Adequada para uma fam\u00edlia ou um grupo de amigos, esta suite de 90 m\u00b2 \u00e9 espa\u00e7osa, com uma grande cozinha, uma acolhedora sala de estar com um fog\u00e3o a lenha e um escrit\u00f3rio com um sof\u00e1 que tamb\u00e9m pode ser utilizado como cama extra. O deck em frente oferece a oportunidade de desfrutar de um p\u00f4r do sol incompar\u00e1vel<\/p>\n<p>Venha desfrutar do sossego do campo numa das zonas mais verdejantes do Faial, acordando com a vista deslumbrante do oceano e dos in\u00fameros melros cantores.<\/p>\n","protected":false},"featured_media":10739,"comment_status":"open","ping_status":"closed","template":"","meta":{"_acf_changed":false},"product_brand":[],"product_cat":[536,533,535,556],"product_tag":[19333],"class_list":{"0":"post-10736","1":"product","2":"type-product","3":"status-publish","4":"has-post-thumbnail","6":"product_cat-alojamento","7":"product_cat-alojamento-local-pt-pt","8":"product_cat-faial-pt-pt","9":"product_cat-todas-as-ilhas","10":"product_tag-ilhadofaial","12":"first","13":"instock","14":"virtual","15":"sold-individually","16":"taxable","17":"purchasable","18":"product-type-phive_booking"},"acf":[],"_links":{"self":[{"href":"https:\/\/guidetotheazores.pt\/pt-pt\/wp-json\/wp\/v2\/product\/10736","targetHints":{"allow":["GET"]}}],"collection":[{"href":"https:\/\/guidetotheazores.pt\/pt-pt\/wp-json\/wp\/v2\/product"}],"about":[{"href":"https:\/\/guidetotheazores.pt\/pt-pt\/wp-json\/wp\/v2\/types\/product"}],"replies":[{"embeddable":true,"href":"https:\/\/guidetotheazores.pt\/pt-pt\/wp-json\/wp\/v2\/comments?post=10736"}],"wp:featuredmedia":[{"embeddable":true,"href":"https:\/\/guidetotheazores.pt\/pt-pt\/wp-json\/wp\/v2\/media\/10739"}],"wp:attachment":[{"href":"https:\/\/guidetotheazores.pt\/pt-pt\/wp-json\/wp\/v2\/media?parent=10736"}],"wp:term":[{"taxonomy":"product_brand","embeddable":true,"href":"https:\/\/guidetotheazores.pt\/pt-pt\/wp-json\/wp\/v2\/product_brand?post=10736"},{"taxonomy":"product_cat","embeddable":true,"href":"https:\/\/guidetotheazores.pt\/pt-pt\/wp-json\/wp\/v2\/product_cat?post=10736"},{"taxonomy":"product_tag","embeddable":true,"href":"https:\/\/guidetotheazores.pt\/pt-pt\/wp-json\/wp\/v2\/product_tag?post=10736"}],"curies":[{"name":"wp","href":"https:\/\/api.w.org\/{rel}","templated":true}]}}