{"id":11384,"date":"2023-06-02T13:29:04","date_gmt":"2023-06-02T14:29:04","guid":{"rendered":"https:\/\/guidetotheazores.pt\/product\/quarto-individual-bela-vista-travel\/"},"modified":"2026-03-17T20:49:42","modified_gmt":"2026-03-17T21:49:42","slug":"quarto-individual-bela-vista-travel","status":"publish","type":"product","link":"https:\/\/guidetotheazores.pt\/pt-pt\/produto\/quarto-individual-bela-vista-travel\/","title":{"rendered":"Quarto Individual &#8211; Bela Vista Travel"},"content":{"rendered":"<p>O Bela Vista Accomodation disp\u00f5e de uma localiza\u00e7\u00e3o \u00e0 beira-mar nas Lajes do Pico, na Ilha do Pico, nos A\u00e7ores<\/p>\n<p>Comodidades:<\/p>\n<div class=\"eltd-tag-item\">\n<ul>\n<li class=\"eltd-hr-amenity-title\">1 cama individual<\/li>\n<li class=\"eltd-hr-amenity-title\">Ar condicionado<\/li>\n<li class=\"eltd-hr-amenity-title\">Varanda<\/li>\n<li class=\"eltd-hr-amenity-title\">Pequeno-almo\u00e7o inclu\u00eddo<\/li>\n<li class=\"eltd-hr-amenity-title\">Arm\u00e1rio<\/li>\n<li class=\"eltd-hr-amenity-title\">WI-Fi gratuito<\/li>\n<li class=\"eltd-hr-amenity-title\">Secador de cabelo<\/li>\n<li class=\"eltd-hr-amenity-title\">Vista do p\u00e1tio interior<\/li>\n<li class=\"eltd-hr-amenity-title\">Vista da montanha<\/li>\n<li class=\"eltd-hr-amenity-title\">Casa de banho privativa<\/li>\n<li class=\"eltd-hr-amenity-title\">Quarto privado 16 m\u00b2<\/li>\n<li class=\"eltd-hr-amenity-title\">Vista para o mar<\/li>\n<li class=\"eltd-hr-amenity-title\">Terra\u00e7o<\/li>\n<\/ul>\n<\/div>\n","protected":false},"excerpt":{"rendered":"<p>O Bela Vista Accomodation oferece uma localiza\u00e7\u00e3o \u00e0 beira-mar nas Lajes do Pico, Ilha do Pico, A\u00e7ores<\/p>\n<p>Quarto Individual<\/p>\n","protected":false},"featured_media":10674,"comment_status":"open","ping_status":"closed","template":"","meta":{"_acf_changed":false},"product_brand":[],"product_cat":[536],"product_tag":[],"class_list":{"0":"post-11384","1":"product","2":"type-product","3":"status-publish","4":"has-post-thumbnail","6":"product_cat-alojamento","8":"first","9":"instock","10":"virtual","11":"sold-individually","12":"taxable","13":"purchasable","14":"product-type-phive_booking"},"acf":[],"_links":{"self":[{"href":"https:\/\/guidetotheazores.pt\/pt-pt\/wp-json\/wp\/v2\/product\/11384","targetHints":{"allow":["GET"]}}],"collection":[{"href":"https:\/\/guidetotheazores.pt\/pt-pt\/wp-json\/wp\/v2\/product"}],"about":[{"href":"https:\/\/guidetotheazores.pt\/pt-pt\/wp-json\/wp\/v2\/types\/product"}],"replies":[{"embeddable":true,"href":"https:\/\/guidetotheazores.pt\/pt-pt\/wp-json\/wp\/v2\/comments?post=11384"}],"wp:featuredmedia":[{"embeddable":true,"href":"https:\/\/guidetotheazores.pt\/pt-pt\/wp-json\/wp\/v2\/media\/10674"}],"wp:attachment":[{"href":"https:\/\/guidetotheazores.pt\/pt-pt\/wp-json\/wp\/v2\/media?parent=11384"}],"wp:term":[{"taxonomy":"product_brand","embeddable":true,"href":"https:\/\/guidetotheazores.pt\/pt-pt\/wp-json\/wp\/v2\/product_brand?post=11384"},{"taxonomy":"product_cat","embeddable":true,"href":"https:\/\/guidetotheazores.pt\/pt-pt\/wp-json\/wp\/v2\/product_cat?post=11384"},{"taxonomy":"product_tag","embeddable":true,"href":"https:\/\/guidetotheazores.pt\/pt-pt\/wp-json\/wp\/v2\/product_tag?post=11384"}],"curies":[{"name":"wp","href":"https:\/\/api.w.org\/{rel}","templated":true}]}}