{"id":11387,"date":"2023-06-02T12:58:24","date_gmt":"2023-06-02T13:58:24","guid":{"rendered":"https:\/\/guidetotheazores.pt\/product\/colina-de-haven\/"},"modified":"2026-02-01T10:01:59","modified_gmt":"2026-02-01T11:01:59","slug":"colina-de-haven","status":"publish","type":"product","link":"https:\/\/guidetotheazores.pt\/pt-pt\/produto\/colina-de-haven\/","title":{"rendered":"Moradia Haven Hill"},"content":{"rendered":"<p>Haven Hill \u00e9 uma moradia modernamente renovada pela Azores Properties. Situado na Horta, numa propriedade privada de 23.000 m2. O terreno tem 5 cavalos, por isso, para pessoas com alergias a cavalos, isto pode ser um problema. Tem v\u00e1rios quartos, uma piscina, ar condicionado, privacidade e dois terra\u00e7os com uma vista \u00fanica sobre a ba\u00eda da Horta e em dire\u00e7\u00e3o \u00e0 ilha do Pico e S\u00e3o Jorge. A casa tem uma sala de estar espa\u00e7osa com uma cozinha aberta. H\u00e1 uma mesa no exterior para jantar que acomoda 8 pessoas, bem como na casa para 8 convidados para jantar. Existem duas casas de banho, uma com sanita e bid\u00e9, outra com sanita e uma casa de banho extra no corredor. Viajar para a cidade da Horta ser\u00e1 certamente mais agrad\u00e1vel do que nunca. Este alojamento \u00e9 ideal para quem viaja com a fam\u00edlia ou gosta de mais espa\u00e7o e sossego sozinho ou em casal. A casa est\u00e1 totalmente mobilada e equipada com tudo o que \u00e9 necess\u00e1rio para umas f\u00e9rias exclusivas na ilha do Faial.<\/p>\n","protected":false},"excerpt":{"rendered":"<p>Haven Hill \u00e9 uma moradia modernamente renovada pela Azores Properties. Situado na Horta, numa propriedade privada de 23.000 m2. Tem v\u00e1rios quartos, piscina, ar condicionado, privacidade e dois terra\u00e7os com uma vista \u00fanica sobre a ba\u00eda da Horta e para a ilha do Pico e S\u00e3o Jorge.<\/p>\n<p>Acomoda at\u00e9 7 pessoas<\/p>\n","protected":false},"featured_media":10659,"comment_status":"open","ping_status":"closed","template":"","meta":{"_acf_changed":false},"product_brand":[],"product_cat":[536,533,535,556],"product_tag":[19333],"class_list":{"0":"post-11387","1":"product","2":"type-product","3":"status-publish","4":"has-post-thumbnail","6":"product_cat-alojamento","7":"product_cat-alojamento-local-pt-pt","8":"product_cat-faial-pt-pt","9":"product_cat-todas-as-ilhas","10":"product_tag-ilhadofaial","12":"first","13":"instock","14":"virtual","15":"sold-individually","16":"taxable","17":"purchasable","18":"product-type-phive_booking"},"acf":[],"_links":{"self":[{"href":"https:\/\/guidetotheazores.pt\/pt-pt\/wp-json\/wp\/v2\/product\/11387","targetHints":{"allow":["GET"]}}],"collection":[{"href":"https:\/\/guidetotheazores.pt\/pt-pt\/wp-json\/wp\/v2\/product"}],"about":[{"href":"https:\/\/guidetotheazores.pt\/pt-pt\/wp-json\/wp\/v2\/types\/product"}],"replies":[{"embeddable":true,"href":"https:\/\/guidetotheazores.pt\/pt-pt\/wp-json\/wp\/v2\/comments?post=11387"}],"wp:featuredmedia":[{"embeddable":true,"href":"https:\/\/guidetotheazores.pt\/pt-pt\/wp-json\/wp\/v2\/media\/10659"}],"wp:attachment":[{"href":"https:\/\/guidetotheazores.pt\/pt-pt\/wp-json\/wp\/v2\/media?parent=11387"}],"wp:term":[{"taxonomy":"product_brand","embeddable":true,"href":"https:\/\/guidetotheazores.pt\/pt-pt\/wp-json\/wp\/v2\/product_brand?post=11387"},{"taxonomy":"product_cat","embeddable":true,"href":"https:\/\/guidetotheazores.pt\/pt-pt\/wp-json\/wp\/v2\/product_cat?post=11387"},{"taxonomy":"product_tag","embeddable":true,"href":"https:\/\/guidetotheazores.pt\/pt-pt\/wp-json\/wp\/v2\/product_tag?post=11387"}],"curies":[{"name":"wp","href":"https:\/\/api.w.org\/{rel}","templated":true}]}}