{"id":11389,"date":"2023-02-28T21:19:38","date_gmt":"2023-02-28T22:19:38","guid":{"rendered":"https:\/\/guidetotheazores.pt\/product\/passeio-pedestre-privado-de-meio-dia-a-volta-da-caldeira\/"},"modified":"2026-02-01T10:00:10","modified_gmt":"2026-02-01T11:00:10","slug":"passeio-pedestre-privado-de-meio-dia-a-volta-da-caldeira","status":"publish","type":"product","link":"https:\/\/guidetotheazores.pt\/pt-pt\/produto\/passeio-pedestre-privado-de-meio-dia-a-volta-da-caldeira\/","title":{"rendered":"Passeio pedestre privado de meio dia \u00e0 volta da Caldeira"},"content":{"rendered":"<p><strong>Destaques da visita:<\/strong><\/p>\n<ul>\n<li>Vistas deslumbrantes do Faial e das ilhas vizinhas<\/li>\n<li>Caldeira do Faial<\/li>\n<li>Cabe\u00e7o Gordo<\/li>\n<\/ul>\n<p><strong>Ponto de encontro \/ recolha:<\/strong><\/p>\n<p>Esta excurs\u00e3o de meio dia come\u00e7a \u00e0s 9:00 ou \u00e0s 14:00, por favor informe-nos da hora que mais lhe conv\u00e9m. Vamos busc\u00e1-lo diretamente ao seu local de alojamento ou a qualquer local \u00e0 sua escolha no Faial. Em alternativa, podemos encontrar-nos na cidade da Horta, no Largo Dr. Manuel de Arriaga, no largo em frente ao Hotel do Canal. Diga-nos qual \u00e9 a sua prefer\u00eancia!<\/p>\n<p><strong>Informa\u00e7\u00e3o importante:<\/strong><\/p>\n<ul>\n<li>N\u00e3o se esque\u00e7a da sua c\u00e2mara e carregue-a completamente<\/li>\n<li>Usar vestu\u00e1rio adequado, pois o tempo pode mudar rapidamente<\/li>\n<li>Usar sapatos confort\u00e1veis e de boa qualidade<\/li>\n<li>Os viajantes devem ter um n\u00edvel de aptid\u00e3o f\u00edsica moderado<\/li>\n<li>N\u00e3o recomendado para viajantes gr\u00e1vidas<\/li>\n<li>N\u00e3o recomendado para viajantes com problemas card\u00edacos ou outras condi\u00e7\u00f5es m\u00e9dicas graves<\/li>\n<li>Apenas recomendado em condi\u00e7\u00f5es climat\u00e9ricas favor\u00e1veis<\/li>\n<li>Visita guiada privada para um m\u00e1ximo de 6 participantes<\/li>\n<li>Por favor, contacte-nos diretamente para grupos maiores e para tarifas para crian\u00e7as<\/li>\n<\/ul>\n<p><strong>Inclu\u00eddo no passeio:<\/strong><\/p>\n<ul>\n<li>Muitas hist\u00f3rias<\/li>\n<li>Snacks e bebidas<\/li>\n<li>Seguro de acidentes pessoais<\/li>\n<li>Seguro de responsabilidade civil<\/li>\n<\/ul>\n","protected":false},"excerpt":{"rendered":"<p>Caminhar pela Caldeira \u00e9 uma experi\u00eancia que n\u00e3o deve perder se visitar o Faial. Este cone vulc\u00e2nico desmoronado \u00e9 um dos principais pontos de refer\u00eancia do Faial. Com 2 km de di\u00e2metro, \u00e9 uma lembran\u00e7a impressionante da for\u00e7a da natureza. O percurso \u00e0 volta do per\u00edmetro tem cerca de 7 km e pode ser feito em duas a tr\u00eas horas. A caminhada \u00e0 volta da Caldeira \u00e9 fisicamente f\u00e1cil, mas quem sofre de vertigens pode achar que algumas passagens bem seguras s\u00e3o um pouco desafiantes. Esta caminhada s\u00f3 vale a pena ser feita se o tempo estiver limpo e o vento n\u00e3o for muito forte. Ser\u00e1 recompensado com vistas deslumbrantes sobre as ilhas vizinhas e a natureza intocada.<\/p>\n","protected":false},"featured_media":10410,"comment_status":"open","ping_status":"closed","template":"","meta":{"_acf_changed":false},"product_brand":[],"product_cat":[535,539,556,547],"product_tag":[19333],"class_list":{"0":"post-11389","1":"product","2":"type-product","3":"status-publish","4":"has-post-thumbnail","6":"product_cat-faial-pt-pt","7":"product_cat-atividades-pt-pt","8":"product_cat-todas-as-ilhas","9":"product_cat-visitas-guiadas","10":"product_tag-ilhadofaial","12":"first","13":"instock","14":"virtual","15":"sold-individually","16":"taxable","17":"purchasable","18":"product-type-phive_booking"},"acf":[],"_links":{"self":[{"href":"https:\/\/guidetotheazores.pt\/pt-pt\/wp-json\/wp\/v2\/product\/11389","targetHints":{"allow":["GET"]}}],"collection":[{"href":"https:\/\/guidetotheazores.pt\/pt-pt\/wp-json\/wp\/v2\/product"}],"about":[{"href":"https:\/\/guidetotheazores.pt\/pt-pt\/wp-json\/wp\/v2\/types\/product"}],"replies":[{"embeddable":true,"href":"https:\/\/guidetotheazores.pt\/pt-pt\/wp-json\/wp\/v2\/comments?post=11389"}],"wp:featuredmedia":[{"embeddable":true,"href":"https:\/\/guidetotheazores.pt\/pt-pt\/wp-json\/wp\/v2\/media\/10410"}],"wp:attachment":[{"href":"https:\/\/guidetotheazores.pt\/pt-pt\/wp-json\/wp\/v2\/media?parent=11389"}],"wp:term":[{"taxonomy":"product_brand","embeddable":true,"href":"https:\/\/guidetotheazores.pt\/pt-pt\/wp-json\/wp\/v2\/product_brand?post=11389"},{"taxonomy":"product_cat","embeddable":true,"href":"https:\/\/guidetotheazores.pt\/pt-pt\/wp-json\/wp\/v2\/product_cat?post=11389"},{"taxonomy":"product_tag","embeddable":true,"href":"https:\/\/guidetotheazores.pt\/pt-pt\/wp-json\/wp\/v2\/product_tag?post=11389"}],"curies":[{"name":"wp","href":"https:\/\/api.w.org\/{rel}","templated":true}]}}