{"id":11390,"date":"2023-02-28T20:56:37","date_gmt":"2023-02-28T21:56:37","guid":{"rendered":"https:\/\/guidetotheazores.pt\/product\/meio-dia-privado-faial-uma-primeira-impressao\/"},"modified":"2026-02-01T10:00:00","modified_gmt":"2026-02-01T11:00:00","slug":"meio-dia-privado-faial-uma-primeira-impressao","status":"publish","type":"product","link":"https:\/\/guidetotheazores.pt\/pt-pt\/produto\/meio-dia-privado-faial-uma-primeira-impressao\/","title":{"rendered":"Meio dia privado Faial, uma primeira impress\u00e3o"},"content":{"rendered":"<p><strong>Destaques da visita:<\/strong><\/p>\n<ul>\n<li>Monte da Guia<\/li>\n<li>Miradouro da Lajinha<\/li>\n<li>Varadouro<\/li>\n<li>Capelinhos<\/li>\n<li>Caldeira<\/li>\n<li>Miradouro da Nossa Senhora da Concei\u00e7\u00e3o<\/li>\n<\/ul>\n<p><strong>Ponto de encontro \/ recolha:<\/strong><\/p>\n<p>Esta excurs\u00e3o de meio dia come\u00e7a \u00e0s 9:00 ou \u00e0s 14:00, por favor informe-nos da hora que mais lhe conv\u00e9m. Vamos busc\u00e1-lo diretamente ao seu local de alojamento ou a qualquer local \u00e0 sua escolha no Faial. Em alternativa, podemos encontrar-nos na cidade da Horta, no Largo Dr. Manuel de Arriaga, no largo em frente ao Hotel do Canal. Diga-nos qual \u00e9 a sua prefer\u00eancia!<\/p>\n<p><strong>Informa\u00e7\u00e3o importante:<\/strong><\/p>\n<ul>\n<li>N\u00e3o se esque\u00e7a da sua c\u00e2mara e carregue-a completamente<\/li>\n<li>Usar vestu\u00e1rio adequado, pois o tempo pode mudar rapidamente<\/li>\n<li>Usar sapatos confort\u00e1veis e de boa qualidade<\/li>\n<li>N\u00e3o acess\u00edvel a cadeiras de rodas<\/li>\n<li>Acess\u00edvel a carrinhos de beb\u00e9<\/li>\n<li>Animais de servi\u00e7o permitidos<\/li>\n<li>Visita guiada privada para um m\u00e1ximo de 6 participantes<\/li>\n<li>Por favor, contacte-nos diretamente para grupos maiores e para tarifas para crian\u00e7as<\/li>\n<\/ul>\n<p><strong>Inclu\u00eddo no passeio:<\/strong><\/p>\n<ul>\n<li>Muitas hist\u00f3rias<\/li>\n<li>Snacks e bebidas<\/li>\n<li>Seguro de acidentes pessoais<\/li>\n<li>Seguro de responsabilidade civil<\/li>\n<\/ul>\n","protected":false},"excerpt":{"rendered":"<p>Esta excurs\u00e3o de meio dia, de cerca de 3-4 horas, d\u00e1-lhe uma primeira impress\u00e3o dos principais pontos de interesse da ilha. O passeio \u00e9 perfeito para quem fica pouco tempo no Faial e n\u00e3o quer perder nada, pois percorre a costa sul desde a Horta at\u00e9 ao vulc\u00e3o dos Capelinhos com v\u00e1rias paragens pelo meio. No regresso, seguimos por uma estrada secund\u00e1ria, acima das aldeias. Dependendo das condi\u00e7\u00f5es climat\u00e9ricas, visitar\u00e1 a Caldeira ou alguns miradouros sobre a Horta.<\/p>\n","protected":false},"featured_media":10390,"comment_status":"open","ping_status":"closed","template":"","meta":{"_acf_changed":false},"product_brand":[],"product_cat":[535,539,556,547],"product_tag":[19333],"class_list":{"0":"post-11390","1":"product","2":"type-product","3":"status-publish","4":"has-post-thumbnail","6":"product_cat-faial-pt-pt","7":"product_cat-atividades-pt-pt","8":"product_cat-todas-as-ilhas","9":"product_cat-visitas-guiadas","10":"product_tag-ilhadofaial","12":"first","13":"instock","14":"virtual","15":"sold-individually","16":"taxable","17":"purchasable","18":"product-type-phive_booking"},"acf":[],"_links":{"self":[{"href":"https:\/\/guidetotheazores.pt\/pt-pt\/wp-json\/wp\/v2\/product\/11390","targetHints":{"allow":["GET"]}}],"collection":[{"href":"https:\/\/guidetotheazores.pt\/pt-pt\/wp-json\/wp\/v2\/product"}],"about":[{"href":"https:\/\/guidetotheazores.pt\/pt-pt\/wp-json\/wp\/v2\/types\/product"}],"replies":[{"embeddable":true,"href":"https:\/\/guidetotheazores.pt\/pt-pt\/wp-json\/wp\/v2\/comments?post=11390"}],"wp:featuredmedia":[{"embeddable":true,"href":"https:\/\/guidetotheazores.pt\/pt-pt\/wp-json\/wp\/v2\/media\/10390"}],"wp:attachment":[{"href":"https:\/\/guidetotheazores.pt\/pt-pt\/wp-json\/wp\/v2\/media?parent=11390"}],"wp:term":[{"taxonomy":"product_brand","embeddable":true,"href":"https:\/\/guidetotheazores.pt\/pt-pt\/wp-json\/wp\/v2\/product_brand?post=11390"},{"taxonomy":"product_cat","embeddable":true,"href":"https:\/\/guidetotheazores.pt\/pt-pt\/wp-json\/wp\/v2\/product_cat?post=11390"},{"taxonomy":"product_tag","embeddable":true,"href":"https:\/\/guidetotheazores.pt\/pt-pt\/wp-json\/wp\/v2\/product_tag?post=11390"}],"curies":[{"name":"wp","href":"https:\/\/api.w.org\/{rel}","templated":true}]}}