{"id":11392,"date":"2023-02-28T19:37:46","date_gmt":"2023-02-28T20:37:46","guid":{"rendered":"https:\/\/guidetotheazores.pt\/product\/visita-privada-de-dia-inteiro-ao-pico\/"},"modified":"2026-02-01T10:00:07","modified_gmt":"2026-02-01T11:00:07","slug":"visita-privada-de-dia-inteiro-ao-pico","status":"publish","type":"product","link":"https:\/\/guidetotheazores.pt\/pt-pt\/produto\/visita-privada-de-dia-inteiro-ao-pico\/","title":{"rendered":"Visita privada de dia inteiro ao Pico"},"content":{"rendered":"<p class=\"MsoNormal\" style=\"line-height: normal;\"><b><span style=\"font-size: 12.0pt; font-family: 'Georgia',serif; color: #333333;\">Destaques da visita:<\/span><\/b><\/p>\n<ul type=\"disc\">\n<li class=\"MsoNormal\" style=\"line-height: normal;\"><span style=\"font-family: Georgia, serif;\">Passagem de ferry para Madalena do Pico<\/span><\/li>\n<li>Cria\u00e7\u00e3o Velha<\/li>\n<li>Porto do Calhau<\/li>\n<li>Farol de S\u00e3o Mateus<\/li>\n<li>Lajes do Pico<\/li>\n<li>Vigia da Queimada<\/li>\n<li>Calheta de Nesquim<\/li>\n<li>Ponta da Ilha<\/li>\n<li>Miradouro da Terr&#8217;Alta<\/li>\n<li>Parque Florestal da Prainha<\/li>\n<li>S\u00e3o Roque do Pico<\/li>\n<li>Madalena do Pico<\/li>\n<\/ul>\n<p class=\"MsoNormal\" style=\"line-height: normal;\"><b><span lang=\"EN-GB\" style=\"font-size: 12.0pt; font-family: 'Georgia',serif; color: #333333;\">Ponto de encontro \/ recolha:<\/span><\/b><\/p>\n<p class=\"MsoNormal\" style=\"line-height: normal;\"><span lang=\"EN-GB\" style=\"font-size: 12.0pt; font-family: 'Georgia',serif; color: #333333;\">Vamos busc\u00e1-lo diretamente ao seu local de alojamento ou a qualquer local \u00e0 sua escolha no Faial. Em alternativa, podemos encontrar-nos diretamente no terminal do ferry.  <\/span><span style=\"font-size: 12.0pt; font-family: 'Georgia',serif; color: #333333;\">Diga-nos qual \u00e9 a sua prefer\u00eancia!<\/span><\/p>\n<p class=\"MsoNormal\" style=\"line-height: normal;\"><b><span style=\"font-size: 12.0pt; font-family: 'Georgia',serif; color: #333333;\">Informa\u00e7\u00e3o importante:<\/span><\/b><\/p>\n<ul type=\"disc\">\n<li>Por favor, leve o seu BI \/ Passaporte para a passagem do ferry<\/li>\n<li class=\"MsoNormal\" style=\"color: #333333; line-height: normal;\"><span lang=\"EN-GB\" style=\"font-size: 12.0pt; font-family: 'Georgia',serif;\">N\u00e3o se esque\u00e7a da sua c\u00e2mara e carregue-a completamente<\/span><\/li>\n<li class=\"MsoNormal\" style=\"color: #333333; line-height: normal;\"><span lang=\"EN-GB\" style=\"font-size: 12.0pt; font-family: 'Georgia',serif;\">Usar vestu\u00e1rio adequado, pois o tempo pode mudar rapidamente<\/span><\/li>\n<li class=\"MsoNormal\" style=\"color: #333333; line-height: normal;\"><span style=\"font-size: 12.0pt; font-family: 'Georgia',serif;\">Usar sapatos confort\u00e1veis e de boa qualidade<\/span><\/li>\n<li class=\"MsoNormal\" style=\"color: #333333; line-height: normal;\"><span style=\"font-size: 12.0pt; font-family: 'Georgia',serif;\">N\u00e3o acess\u00edvel a cadeiras de rodas<\/span><\/li>\n<li class=\"MsoNormal\" style=\"color: #333333; line-height: normal;\"><span style=\"font-size: 12.0pt; font-family: 'Georgia',serif;\">Acess\u00edvel a carrinhos de beb\u00e9<\/span><\/li>\n<li class=\"MsoNormal\" style=\"color: #333333; line-height: normal;\"><span style=\"font-size: 12.0pt; font-family: 'Georgia',serif;\">Animais de servi\u00e7o permitidos<\/span><\/li>\n<li class=\"MsoNormal\" style=\"color: #333333; line-height: normal;\"><span lang=\"EN-GB\" style=\"font-size: 12.0pt; font-family: 'Georgia',serif;\">Visita guiada privada para um m\u00e1ximo de 6 participantes<\/span><\/li>\n<li class=\"MsoNormal\" style=\"color: #333333; line-height: normal;\"><span lang=\"EN-GB\" style=\"font-size: 12.0pt; font-family: 'Georgia',serif;\">Por favor, contacte-nos diretamente para grupos maiores e para tarifas para crian\u00e7as<\/span><\/li>\n<\/ul>\n<p class=\"MsoNormal\" style=\"line-height: normal;\"><b><span style=\"font-size: 12.0pt; font-family: 'Georgia',serif; color: #333333;\">Inclu\u00eddo no passeio:<\/span><\/b><\/p>\n<ul type=\"disc\">\n<li class=\"MsoNormal\" style=\"color: #333333; line-height: normal;\"><span style=\"font-size: 12.0pt; font-family: 'Georgia',serif;\">Muitas hist\u00f3rias<\/span><\/li>\n<li class=\"MsoNormal\" style=\"color: #333333; line-height: normal;\"><span style=\"font-size: 12.0pt; font-family: 'Georgia',serif;\">Piquenique rico em almo\u00e7o com bebidas<\/span><\/li>\n<li>Jantar ligeiro de piquenique com bebidas<\/li>\n<li class=\"MsoNormal\" style=\"color: #333333; line-height: normal;\"><span style=\"font-size: 12.0pt; font-family: 'Georgia',serif;\">Snacks e bebidas<\/span><\/li>\n<li class=\"MsoNormal\" style=\"color: #333333; line-height: normal;\"><span style=\"font-size: 12.0pt; font-family: 'Georgia',serif;\">Seguro de acidentes pessoais<\/span><\/li>\n<li class=\"MsoNormal\" style=\"color: #333333; line-height: normal;\"><span style=\"font-size: 12.0pt; font-family: 'Georgia',serif;\">Seguro de responsabilidade civil<\/span><\/li>\n<\/ul>\n<p>&nbsp;<\/p>\n","protected":false},"excerpt":{"rendered":"<p>Esta excurs\u00e3o de dia inteiro ao Pico demora cerca de 8-9 horas, durante as quais ver\u00e1s, num dia muito longo, todos os destaques da vizinha ilha do Pico. A excurs\u00e3o \u00e9 perfeita para os visitantes do Faial que querem ter uma imagem completa do Pico. O Pico, tudo o que precisa de ver \u00e9 uma viagem com tudo inclu\u00eddo a partir do seu alojamento no Faial, incluindo os transferes de ferry, para os principais pontos de refer\u00eancia do Pico. Devido ao tamanho da ilha, o Pico tem mais de 60 km de comprimento, vai passar muito tempo no carro, mas como recompensa vamos lev\u00e1-lo a toda a ilha do Pico. Consoante os hor\u00e1rios do ferry, partir\u00e1s do Faial entre as 7 e as 9 horas da manh\u00e3 e regressar\u00e1s ao fim da tarde, por volta das 16 e das 18 horas. \u00c0 hora do almo\u00e7o faremos um rico piquenique num dos parques recreativos do Pico.<\/p>\n","protected":false},"featured_media":10431,"comment_status":"open","ping_status":"closed","template":"","meta":{"_acf_changed":false},"product_brand":[],"product_cat":[19262,539,556,547],"product_tag":[19327],"class_list":{"0":"post-11392","1":"product","2":"type-product","3":"status-publish","4":"has-post-thumbnail","6":"product_cat-pico-pt-pt","7":"product_cat-atividades-pt-pt","8":"product_cat-todas-as-ilhas","9":"product_cat-visitas-guiadas","10":"product_tag-ilhadopico","12":"first","13":"instock","14":"virtual","15":"sold-individually","16":"taxable","17":"purchasable","18":"product-type-phive_booking"},"acf":[],"_links":{"self":[{"href":"https:\/\/guidetotheazores.pt\/pt-pt\/wp-json\/wp\/v2\/product\/11392","targetHints":{"allow":["GET"]}}],"collection":[{"href":"https:\/\/guidetotheazores.pt\/pt-pt\/wp-json\/wp\/v2\/product"}],"about":[{"href":"https:\/\/guidetotheazores.pt\/pt-pt\/wp-json\/wp\/v2\/types\/product"}],"replies":[{"embeddable":true,"href":"https:\/\/guidetotheazores.pt\/pt-pt\/wp-json\/wp\/v2\/comments?post=11392"}],"wp:featuredmedia":[{"embeddable":true,"href":"https:\/\/guidetotheazores.pt\/pt-pt\/wp-json\/wp\/v2\/media\/10431"}],"wp:attachment":[{"href":"https:\/\/guidetotheazores.pt\/pt-pt\/wp-json\/wp\/v2\/media?parent=11392"}],"wp:term":[{"taxonomy":"product_brand","embeddable":true,"href":"https:\/\/guidetotheazores.pt\/pt-pt\/wp-json\/wp\/v2\/product_brand?post=11392"},{"taxonomy":"product_cat","embeddable":true,"href":"https:\/\/guidetotheazores.pt\/pt-pt\/wp-json\/wp\/v2\/product_cat?post=11392"},{"taxonomy":"product_tag","embeddable":true,"href":"https:\/\/guidetotheazores.pt\/pt-pt\/wp-json\/wp\/v2\/product_tag?post=11392"}],"curies":[{"name":"wp","href":"https:\/\/api.w.org\/{rel}","templated":true}]}}