{"id":11394,"date":"2023-02-27T10:11:58","date_gmt":"2023-02-27T11:11:58","guid":{"rendered":"https:\/\/guidetotheazores.pt\/product\/cupula-de-criptomeria\/"},"modified":"2026-02-02T14:45:38","modified_gmt":"2026-02-02T15:45:38","slug":"cupula-de-criptomeria","status":"publish","type":"product","link":"https:\/\/guidetotheazores.pt\/pt-pt\/produto\/cupula-de-criptomeria\/","title":{"rendered":"C\u00fapula de criptom\u00e9ria"},"content":{"rendered":"<p><span style=\"vertical-align: inherit\"><span style=\"vertical-align: inherit\"><span style=\"vertical-align: inherit\"><span style=\"vertical-align: inherit\">\u00c9 uma tenda geod\u00e9sica, com cama de casal (cama de baloi\u00e7o), com possibilidade de colocar uma cama extra (35\u20ac por cama extra). Tem casa de banho (com sanita e lavat\u00f3rio, sem duche), o duche fica nos balne\u00e1rios de apoio que ficam mesmo em frente (foto em anexo). \u00c9 uma forma de acampar com conforto.  <\/span><\/span><\/span><\/span><\/p>\n","protected":false},"excerpt":{"rendered":"<p>Uma tenda confort\u00e1vel em forma de c\u00fapula geod\u00e9sica com uma cama de casal e casa de banho.<\/p>\n","protected":false},"featured_media":10144,"comment_status":"open","ping_status":"closed","template":"","meta":{"_acf_changed":false},"product_brand":[],"product_cat":[536,538,19279,556],"product_tag":[19340],"class_list":{"0":"post-11394","1":"product","2":"type-product","3":"status-publish","4":"has-post-thumbnail","6":"product_cat-alojamento","7":"product_cat-camping-glamping-pt-pt","8":"product_cat-terceira-pt-pt","9":"product_cat-todas-as-ilhas","10":"product_tag-ilhaterceira","12":"first","13":"instock","14":"virtual","15":"sold-individually","16":"taxable","17":"purchasable","18":"product-type-phive_booking"},"acf":[],"_links":{"self":[{"href":"https:\/\/guidetotheazores.pt\/pt-pt\/wp-json\/wp\/v2\/product\/11394","targetHints":{"allow":["GET"]}}],"collection":[{"href":"https:\/\/guidetotheazores.pt\/pt-pt\/wp-json\/wp\/v2\/product"}],"about":[{"href":"https:\/\/guidetotheazores.pt\/pt-pt\/wp-json\/wp\/v2\/types\/product"}],"replies":[{"embeddable":true,"href":"https:\/\/guidetotheazores.pt\/pt-pt\/wp-json\/wp\/v2\/comments?post=11394"}],"wp:featuredmedia":[{"embeddable":true,"href":"https:\/\/guidetotheazores.pt\/pt-pt\/wp-json\/wp\/v2\/media\/10144"}],"wp:attachment":[{"href":"https:\/\/guidetotheazores.pt\/pt-pt\/wp-json\/wp\/v2\/media?parent=11394"}],"wp:term":[{"taxonomy":"product_brand","embeddable":true,"href":"https:\/\/guidetotheazores.pt\/pt-pt\/wp-json\/wp\/v2\/product_brand?post=11394"},{"taxonomy":"product_cat","embeddable":true,"href":"https:\/\/guidetotheazores.pt\/pt-pt\/wp-json\/wp\/v2\/product_cat?post=11394"},{"taxonomy":"product_tag","embeddable":true,"href":"https:\/\/guidetotheazores.pt\/pt-pt\/wp-json\/wp\/v2\/product_tag?post=11394"}],"curies":[{"name":"wp","href":"https:\/\/api.w.org\/{rel}","templated":true}]}}