{"id":11397,"date":"2023-02-23T11:42:58","date_gmt":"2023-02-23T12:42:58","guid":{"rendered":"https:\/\/guidetotheazores.pt\/product\/casulo\/"},"modified":"2026-01-04T13:49:05","modified_gmt":"2026-01-04T14:49:05","slug":"casulo","status":"publish","type":"product","link":"https:\/\/guidetotheazores.pt\/pt-pt\/produto\/casulo\/","title":{"rendered":"Casulo"},"content":{"rendered":"<p><span style=\"vertical-align: inherit\"><span style=\"vertical-align: inherit\"><span style=\"vertical-align: inherit\"><span style=\"vertical-align: inherit\">Tenda suspensa a 3 m de altura. A parte da frente e o topo s\u00e3o transparentes permitindo ver o c\u00e9u estrelado.   <\/span><\/span><\/span><\/span><br \/>\n<span style=\"vertical-align: inherit\"><span style=\"vertical-align: inherit\"><span style=\"vertical-align: inherit\"><span style=\"vertical-align: inherit\">Para chegar \u00e0 tenda \u00e9 preciso atravessar uma pequena ponte. Dentro h\u00e1 apenas uma cama, luz e wi-fi. <\/span><\/span><\/span><\/span><\/p>\n<p><span style=\"vertical-align: inherit\"><span style=\"vertical-align: inherit\"><span style=\"vertical-align: inherit\"><span style=\"vertical-align: inherit\">N\u00e3o h\u00e1 banheiro anexo. Os lavat\u00f3rios e wc ficam a apenas alguns metros de dist\u00e2ncia. <\/span><\/span><\/span><\/span><\/p>\n","protected":false},"excerpt":{"rendered":"<p><span style=\"vertical-align: inherit\"><span style=\"vertical-align: inherit\"><span style=\"vertical-align: inherit\"><span style=\"vertical-align: inherit\">Tenda suspensa a 3 m de altura. A parte frontal e superior s\u00e3o transparentes permitindo ver o c\u00e9u estrelado. <\/span><\/span><\/span><\/span><\/p>\n","protected":false},"featured_media":10162,"comment_status":"open","ping_status":"closed","template":"","meta":{"_acf_changed":false},"product_brand":[],"product_cat":[538,536,19279,556],"product_tag":[19321,19319],"class_list":{"0":"post-11397","1":"product","2":"type-product","3":"status-publish","4":"has-post-thumbnail","6":"product_cat-camping-glamping-pt-pt","7":"product_cat-alojamento","8":"product_cat-terceira-pt-pt","9":"product_cat-todas-as-ilhas","10":"product_tag-ilha-terceira","11":"product_tag-terceiraisland","13":"first","14":"instock","15":"virtual","16":"sold-individually","17":"taxable","18":"purchasable","19":"product-type-phive_booking"},"acf":[],"_links":{"self":[{"href":"https:\/\/guidetotheazores.pt\/pt-pt\/wp-json\/wp\/v2\/product\/11397","targetHints":{"allow":["GET"]}}],"collection":[{"href":"https:\/\/guidetotheazores.pt\/pt-pt\/wp-json\/wp\/v2\/product"}],"about":[{"href":"https:\/\/guidetotheazores.pt\/pt-pt\/wp-json\/wp\/v2\/types\/product"}],"replies":[{"embeddable":true,"href":"https:\/\/guidetotheazores.pt\/pt-pt\/wp-json\/wp\/v2\/comments?post=11397"}],"wp:featuredmedia":[{"embeddable":true,"href":"https:\/\/guidetotheazores.pt\/pt-pt\/wp-json\/wp\/v2\/media\/10162"}],"wp:attachment":[{"href":"https:\/\/guidetotheazores.pt\/pt-pt\/wp-json\/wp\/v2\/media?parent=11397"}],"wp:term":[{"taxonomy":"product_brand","embeddable":true,"href":"https:\/\/guidetotheazores.pt\/pt-pt\/wp-json\/wp\/v2\/product_brand?post=11397"},{"taxonomy":"product_cat","embeddable":true,"href":"https:\/\/guidetotheazores.pt\/pt-pt\/wp-json\/wp\/v2\/product_cat?post=11397"},{"taxonomy":"product_tag","embeddable":true,"href":"https:\/\/guidetotheazores.pt\/pt-pt\/wp-json\/wp\/v2\/product_tag?post=11397"}],"curies":[{"name":"wp","href":"https:\/\/api.w.org\/{rel}","templated":true}]}}