{"id":11500,"date":"2024-01-07T14:17:40","date_gmt":"2024-01-07T15:17:40","guid":{"rendered":"https:\/\/guidetotheazores.pt\/product\/visita-guiada-de-dia-inteiro-a-ilha-do-faial\/"},"modified":"2026-02-01T10:00:11","modified_gmt":"2026-02-01T11:00:11","slug":"visita-guiada-de-dia-inteiro-a-ilha-do-faial","status":"publish","type":"product","link":"https:\/\/guidetotheazores.pt\/pt-pt\/produto\/visita-guiada-de-dia-inteiro-a-ilha-do-faial\/","title":{"rendered":"Visita guiada de dia inteiro \u00e0 ilha do Faial"},"content":{"rendered":"<p>Descobre a ilha do Faial de uma ponta \u00e0 outra! Com a excurs\u00e3o de dia inteiro, podes ver todos os principais pontos tur\u00edsticos da ilha, e at\u00e9 podes escolher algumas paragens extra \u00e0 tua escolha! Por exemplo, podes visitar um museu, bem como tomar banho numa das nossas maravilhosas praias. Se quiseres saber mais sobre a nossa natureza, podes optar por visitar miradouros panor\u00e2micos mais remotos!<\/p>\n<p>A dura\u00e7\u00e3o \u00e9 de cerca de 7-8 horas, e inclui seguro, guia local, almo\u00e7o e ainda snacks e bebidas a bordo&#8230; N\u00e3o percas tempo e reserva j\u00e1 a tua excurs\u00e3o!<\/p>\n","protected":false},"excerpt":{"rendered":"<p>Excurs\u00e3o de dia inteiro \u00e0 ilha do Faial (almo\u00e7o inclu\u00eddo)<\/p>\n","protected":false},"featured_media":11497,"comment_status":"open","ping_status":"closed","template":"","meta":{"_acf_changed":false},"product_brand":[],"product_cat":[539],"product_tag":[],"class_list":{"0":"post-11500","1":"product","2":"type-product","3":"status-publish","4":"has-post-thumbnail","6":"product_cat-atividades-pt-pt","8":"first","9":"instock","10":"virtual","11":"sold-individually","12":"taxable","13":"purchasable","14":"product-type-phive_booking"},"acf":[],"_links":{"self":[{"href":"https:\/\/guidetotheazores.pt\/pt-pt\/wp-json\/wp\/v2\/product\/11500","targetHints":{"allow":["GET"]}}],"collection":[{"href":"https:\/\/guidetotheazores.pt\/pt-pt\/wp-json\/wp\/v2\/product"}],"about":[{"href":"https:\/\/guidetotheazores.pt\/pt-pt\/wp-json\/wp\/v2\/types\/product"}],"replies":[{"embeddable":true,"href":"https:\/\/guidetotheazores.pt\/pt-pt\/wp-json\/wp\/v2\/comments?post=11500"}],"wp:featuredmedia":[{"embeddable":true,"href":"https:\/\/guidetotheazores.pt\/pt-pt\/wp-json\/wp\/v2\/media\/11497"}],"wp:attachment":[{"href":"https:\/\/guidetotheazores.pt\/pt-pt\/wp-json\/wp\/v2\/media?parent=11500"}],"wp:term":[{"taxonomy":"product_brand","embeddable":true,"href":"https:\/\/guidetotheazores.pt\/pt-pt\/wp-json\/wp\/v2\/product_brand?post=11500"},{"taxonomy":"product_cat","embeddable":true,"href":"https:\/\/guidetotheazores.pt\/pt-pt\/wp-json\/wp\/v2\/product_cat?post=11500"},{"taxonomy":"product_tag","embeddable":true,"href":"https:\/\/guidetotheazores.pt\/pt-pt\/wp-json\/wp\/v2\/product_tag?post=11500"}],"curies":[{"name":"wp","href":"https:\/\/api.w.org\/{rel}","templated":true}]}}