{"id":11909,"date":"2024-01-25T14:20:51","date_gmt":"2024-01-25T15:20:51","guid":{"rendered":"https:\/\/guidetotheazores.pt\/product\/observacao-de-baleias\/"},"modified":"2026-03-11T09:54:26","modified_gmt":"2026-03-11T10:54:26","slug":"observacao-de-baleias","status":"publish","type":"product","link":"https:\/\/guidetotheazores.pt\/pt-pt\/produto\/observacao-de-baleias\/","title":{"rendered":"Observa\u00e7\u00e3o de baleias no Faial"},"content":{"rendered":"<p>Durante esta atividade ter\u00e1s a oportunidade de observar baleias e golfinhos (cet\u00e1ceos) no seu habitat natural. A principal \u00e9poca de observa\u00e7\u00e3o de cet\u00e1ceos na ilha do Faial decorre de abril a outubro. Podes fazer uma excurs\u00e3o de observa\u00e7\u00e3o de baleias independentemente da idade e do estado f\u00edsico, todos s\u00e3o bem-vindos! Se tiveres alguma condi\u00e7\u00e3o que exija assist\u00eancia especial, \u00e9 necess\u00e1rio um aviso pr\u00e9vio. Trabalhamos com as vigias tradicionais (que remontam \u00e0 \u00e9poca da ca\u00e7a \u00e0 baleia) localizadas nas ilhas do Faial e do Pico. Todos os dias, procuram baleias para garantir que podes observar com sucesso os cet\u00e1ceos em cada viagem. A \u00fanica coisa que n\u00e3o podemos garantir s\u00e3o as condi\u00e7\u00f5es climat\u00e9ricas que por vezes nos impedem de ir para o mar, por isso \u00e9 melhor reservares a tua viagem com anteced\u00eancia para podermos escolher o melhor dia.<\/p>\n","protected":false},"excerpt":{"rendered":"<p>Durante esta atividade ter\u00e1s a oportunidade de observar baleias e golfinhos (cet\u00e1ceos) no seu habitat natural. A principal \u00e9poca de observa\u00e7\u00e3o de cet\u00e1ceos na ilha do Faial decorre de abril a outubro. Podes fazer uma excurs\u00e3o de observa\u00e7\u00e3o de baleias independentemente da idade e do estado f\u00edsico, todos s\u00e3o bem-vindos!<\/p>\n<p><em>* A viagem \u00e9 partilhada com outros participantes e requer um m\u00ednimo de 6 pessoas<\/em><\/p>\n","protected":false},"featured_media":11890,"comment_status":"open","ping_status":"closed","template":"","meta":{"_acf_changed":false},"product_brand":[],"product_cat":[535,539,552,556],"product_tag":[19333],"class_list":{"0":"post-11909","1":"product","2":"type-product","3":"status-publish","4":"has-post-thumbnail","6":"product_cat-faial-pt-pt","7":"product_cat-atividades-pt-pt","8":"product_cat-observacao-de-baleias","9":"product_cat-todas-as-ilhas","10":"product_tag-ilhadofaial","12":"first","13":"instock","14":"virtual","15":"sold-individually","16":"taxable","17":"purchasable","18":"product-type-phive_booking"},"acf":[],"_links":{"self":[{"href":"https:\/\/guidetotheazores.pt\/pt-pt\/wp-json\/wp\/v2\/product\/11909","targetHints":{"allow":["GET"]}}],"collection":[{"href":"https:\/\/guidetotheazores.pt\/pt-pt\/wp-json\/wp\/v2\/product"}],"about":[{"href":"https:\/\/guidetotheazores.pt\/pt-pt\/wp-json\/wp\/v2\/types\/product"}],"replies":[{"embeddable":true,"href":"https:\/\/guidetotheazores.pt\/pt-pt\/wp-json\/wp\/v2\/comments?post=11909"}],"wp:featuredmedia":[{"embeddable":true,"href":"https:\/\/guidetotheazores.pt\/pt-pt\/wp-json\/wp\/v2\/media\/11890"}],"wp:attachment":[{"href":"https:\/\/guidetotheazores.pt\/pt-pt\/wp-json\/wp\/v2\/media?parent=11909"}],"wp:term":[{"taxonomy":"product_brand","embeddable":true,"href":"https:\/\/guidetotheazores.pt\/pt-pt\/wp-json\/wp\/v2\/product_brand?post=11909"},{"taxonomy":"product_cat","embeddable":true,"href":"https:\/\/guidetotheazores.pt\/pt-pt\/wp-json\/wp\/v2\/product_cat?post=11909"},{"taxonomy":"product_tag","embeddable":true,"href":"https:\/\/guidetotheazores.pt\/pt-pt\/wp-json\/wp\/v2\/product_tag?post=11909"}],"curies":[{"name":"wp","href":"https:\/\/api.w.org\/{rel}","templated":true}]}}