{"id":12193,"date":"2024-01-31T07:48:27","date_gmt":"2024-01-31T08:48:27","guid":{"rendered":"https:\/\/guidetotheazores.pt\/product\/banco-princesa-alice-mergulho-com-mantas\/"},"modified":"2026-05-07T10:27:23","modified_gmt":"2026-05-07T11:27:23","slug":"banco-princesa-alice-mergulho-com-mantas","status":"publish","type":"product","link":"https:\/\/guidetotheazores.pt\/pt-pt\/produto\/banco-princesa-alice-mergulho-com-mantas\/","title":{"rendered":"Banco Princesa Alice (Mergulho com Mantas)"},"content":{"rendered":"<p>O mergulho com jamantas (Mobula tarapacana) \u00e9 considerado um dos melhores mergulhos nos A\u00e7ores. Realiza-o num banco submarino conhecido como &#8220;Princesa Alice&#8221;, a cerca de 45 milhas n\u00e1uticas a sul da ilha do Faial. Neste mergulho, ter\u00e1s a oportunidade de mergulhar no cora\u00e7\u00e3o do oceano com estas majestosas criaturas. Ocasionalmente, poder\u00e1s tamb\u00e9m avistar grandes cardumes de atum gaiado (Katsuwonus pelamis), barracudas (Sphyraena viridensis) e bicudas (Seriola rivoliana).   <\/p>\n<p>Estas viagens realizam-se de julho a setembro, normalmente das 7h30 \u00e0s 19h00. A dura\u00e7\u00e3o da viagem \u00e9 de 3 horas em cada sentido; \u00e0 chegada, efectuamos o primeiro mergulho, regressamos ao barco para um intervalo de superf\u00edcie de uma hora, com um almo\u00e7o ligeiro, e depois fazemos o segundo mergulho. <\/p>\n<p>O mergulho com jamantas \u00e9 tamb\u00e9m uma excelente oportunidade para mergulhadores n\u00e3o certificados, uma vez que as jamantas e outras esp\u00e9cies pel\u00e1gicas v\u00eam \u00e0 superf\u00edcie. O barco \u00e9 ancorado e os mergulhadores e os freedivers ficam perto do barco; as linhas de seguran\u00e7a ser\u00e3o presas ao barco para os dias com correntes fortes e para os mergulhadores menos experientes. <\/p>\n<p>Inclui<\/p>\n<p>Explica\u00e7\u00e3o da atividade e regras de seguran\u00e7a<br \/>\nBarco com skipper<br \/>\nGuia de mergulho<br \/>\nTanques e cinto de pesos<br \/>\nLanche entre mergulhos (sandu\u00edches, \u00e1gua, ch\u00e1, caf\u00e9, fruta e biscoitos)<br \/>\nExclui<\/p>\n<p>O equipamento n\u00e3o est\u00e1 inclu\u00eddo no pre\u00e7o. O aluguer de um conjunto completo de equipamento est\u00e1 sujeito a uma taxa de 20 euros por dia. <\/p>\n<p>&nbsp;<\/p>\n","protected":false},"excerpt":{"rendered":"<p>O mergulho com as Mantas (Mobula tarapacana) \u00e9 considerado um dos melhores mergulhos dos A\u00e7ores. Situa-se num banco submarino denominado &#8220;Princesa Alice&#8221;, a cerca de 45 milhas n\u00e1uticas a sul da ilha do Faial, a uma profundidade de 35 metros. Nesta experi\u00eancia, ter\u00e1s a oportunidade de mergulhar no cora\u00e7\u00e3o do oceano com estes majestosos animais. Ocasionalmente, ter\u00e1s tamb\u00e9m a oportunidade de ver atuns (Katsuwonus pelamis), barracudas (Sphyraena viridensis) e l\u00edrios (Seriola rivoliana).   <\/p>\n<p><script src=\"https:\/\/fareharbor.com\/embeds\/script\/calendar\/norbertodiver\/items\/189726\/?asn=fhdn-eur&amp;asn-ref=guidetotheazores&amp;ref=guidetotheazores&amp;bookable-only=yes&amp;full-items=yes&amp;marketplace=yes&amp;flow=no&amp;branding=no\"><\/script><\/p>\n<p>Dura\u00e7\u00e3o &#8211; 12 horas<\/p>\n","protected":false},"featured_media":12206,"comment_status":"closed","ping_status":"closed","template":"","meta":{"_acf_changed":false},"product_brand":[],"product_cat":[539,535,544,556],"product_tag":[19333],"class_list":{"0":"post-12193","1":"product","2":"type-product","3":"status-publish","4":"has-post-thumbnail","6":"product_cat-atividades-pt-pt","7":"product_cat-faial-pt-pt","8":"product_cat-mergulhar","9":"product_cat-todas-as-ilhas","10":"product_tag-ilhadofaial","12":"first","13":"instock","14":"taxable","15":"shipping-taxable","16":"product-type-external"},"acf":[],"_links":{"self":[{"href":"https:\/\/guidetotheazores.pt\/pt-pt\/wp-json\/wp\/v2\/product\/12193","targetHints":{"allow":["GET"]}}],"collection":[{"href":"https:\/\/guidetotheazores.pt\/pt-pt\/wp-json\/wp\/v2\/product"}],"about":[{"href":"https:\/\/guidetotheazores.pt\/pt-pt\/wp-json\/wp\/v2\/types\/product"}],"replies":[{"embeddable":true,"href":"https:\/\/guidetotheazores.pt\/pt-pt\/wp-json\/wp\/v2\/comments?post=12193"}],"wp:featuredmedia":[{"embeddable":true,"href":"https:\/\/guidetotheazores.pt\/pt-pt\/wp-json\/wp\/v2\/media\/12206"}],"wp:attachment":[{"href":"https:\/\/guidetotheazores.pt\/pt-pt\/wp-json\/wp\/v2\/media?parent=12193"}],"wp:term":[{"taxonomy":"product_brand","embeddable":true,"href":"https:\/\/guidetotheazores.pt\/pt-pt\/wp-json\/wp\/v2\/product_brand?post=12193"},{"taxonomy":"product_cat","embeddable":true,"href":"https:\/\/guidetotheazores.pt\/pt-pt\/wp-json\/wp\/v2\/product_cat?post=12193"},{"taxonomy":"product_tag","embeddable":true,"href":"https:\/\/guidetotheazores.pt\/pt-pt\/wp-json\/wp\/v2\/product_tag?post=12193"}],"curies":[{"name":"wp","href":"https:\/\/api.w.org\/{rel}","templated":true}]}}