{"id":12195,"date":"2024-01-31T07:14:46","date_gmt":"2024-01-31T08:14:46","guid":{"rendered":"https:\/\/guidetotheazores.pt\/product\/mergulha-com-tubaroes\/"},"modified":"2026-03-11T12:22:05","modified_gmt":"2026-03-11T13:22:05","slug":"mergulha-com-tubaroes","status":"publish","type":"product","link":"https:\/\/guidetotheazores.pt\/pt-pt\/produto\/mergulha-com-tubaroes\/","title":{"rendered":"Mergulha com tubar\u00f5es"},"content":{"rendered":"<p>Junta-te a n\u00f3s nesta excurs\u00e3o muito emocionante! Estas viagens realizam-se de julho a setembro, e vamos para o local de mergulho em barcos semi-r\u00edgidos, por isso \u00e9 uma viagem de meio dia. Nesta viagem, ter\u00e1s a oportunidade de ver um dos peixes mais r\u00e1pidos do oceano, o tubar\u00e3o azul (Prionace glauca). \u00c9 uma experi\u00eancia \u00fanica na vida, onde tens a oportunidade de estar no mundo deste incr\u00edvel predador.<\/p>\n<p>Este mergulho n\u00e3o \u00e9 considerado um mergulho profundo. Os mergulhadores ficam entre a superf\u00edcie e os 10 metros de profundidade, onde \u00e9 colocada a caixa de isco. O barco estar\u00e1 \u00e0 deriva e os mergulhadores e os praticantes de snorkeling estar\u00e3o perto do barco. H\u00e1 um cabo de seguran\u00e7a amarrado ao barco para o caso de haver uma corrente forte e para os mergulhadores menos experientes.<\/p>\n<p>Se quiseres fazer este mergulho, aconselhamos-te a ter v\u00e1rios dias dispon\u00edveis, pois esta atividade s\u00f3 \u00e9 confirmada com um ou dois dias de anteced\u00eancia, pois estamos sempre dependentes das condi\u00e7\u00f5es climat\u00e9ricas e do n\u00famero m\u00ednimo de clientes necess\u00e1rios.<\/p>\n<p>O nosso objetivo \u00e9 promover a seguran\u00e7a e a sustentabilidade desta atividade, pelo que dever\u00e1s seguir algumas regras e um c\u00f3digo de conduta quando mergulhares com tubar\u00f5es nos A\u00e7ores:<\/p>\n<p>1.- Verifica\u00e7\u00e3o da validade do teu certificado de mergulho, do exame m\u00e9dico e do n\u00famero de mergulhos registados.<\/p>\n<p>2 &#8211; Esta atividade requer um &#8220;mergulho de controlo&#8221; antes de mergulhares com tubar\u00f5es. Trata-se de um mergulho costeiro normal com o objetivo de verificar a experi\u00eancia e o conforto do mergulhador na \u00e1gua.<\/p>\n<p>Preenche um documento de assun\u00e7\u00e3o de riscos<\/p>\n","protected":false},"excerpt":{"rendered":"<p>Junta-te a n\u00f3s nesta excurs\u00e3o muito emocionante! Estas viagens realizam-se de julho a setembro, e vamos para o local de mergulho em barcos semi-r\u00edgidos, por isso \u00e9 uma viagem de meio dia. Nesta viagem, ter\u00e1s a oportunidade de ver um dos peixes mais r\u00e1pidos do oceano, o tubar\u00e3o azul (Prionace glauca). \u00c9 uma experi\u00eancia \u00fanica na vida, onde tens a oportunidade de estar no mundo deste incr\u00edvel predador.<\/p>\n<p><em>* A viagem \u00e9 partilhada com outros participantes e requer um m\u00ednimo de 4 pessoas<\/em><\/p>\n","protected":false},"featured_media":12184,"comment_status":"open","ping_status":"closed","template":"","meta":{"_acf_changed":false},"product_brand":[],"product_cat":[535,539,544,556],"product_tag":[19333],"class_list":{"0":"post-12195","1":"product","2":"type-product","3":"status-publish","4":"has-post-thumbnail","6":"product_cat-faial-pt-pt","7":"product_cat-atividades-pt-pt","8":"product_cat-mergulhar","9":"product_cat-todas-as-ilhas","10":"product_tag-ilhadofaial","12":"first","13":"instock","14":"virtual","15":"sold-individually","16":"taxable","17":"purchasable","18":"product-type-phive_booking"},"acf":[],"_links":{"self":[{"href":"https:\/\/guidetotheazores.pt\/pt-pt\/wp-json\/wp\/v2\/product\/12195","targetHints":{"allow":["GET"]}}],"collection":[{"href":"https:\/\/guidetotheazores.pt\/pt-pt\/wp-json\/wp\/v2\/product"}],"about":[{"href":"https:\/\/guidetotheazores.pt\/pt-pt\/wp-json\/wp\/v2\/types\/product"}],"replies":[{"embeddable":true,"href":"https:\/\/guidetotheazores.pt\/pt-pt\/wp-json\/wp\/v2\/comments?post=12195"}],"wp:featuredmedia":[{"embeddable":true,"href":"https:\/\/guidetotheazores.pt\/pt-pt\/wp-json\/wp\/v2\/media\/12184"}],"wp:attachment":[{"href":"https:\/\/guidetotheazores.pt\/pt-pt\/wp-json\/wp\/v2\/media?parent=12195"}],"wp:term":[{"taxonomy":"product_brand","embeddable":true,"href":"https:\/\/guidetotheazores.pt\/pt-pt\/wp-json\/wp\/v2\/product_brand?post=12195"},{"taxonomy":"product_cat","embeddable":true,"href":"https:\/\/guidetotheazores.pt\/pt-pt\/wp-json\/wp\/v2\/product_cat?post=12195"},{"taxonomy":"product_tag","embeddable":true,"href":"https:\/\/guidetotheazores.pt\/pt-pt\/wp-json\/wp\/v2\/product_tag?post=12195"}],"curies":[{"name":"wp","href":"https:\/\/api.w.org\/{rel}","templated":true}]}}