{"id":12197,"date":"2024-01-31T06:50:03","date_gmt":"2024-01-31T07:50:03","guid":{"rendered":"https:\/\/guidetotheazores.pt\/product\/mergulho-costeiro\/"},"modified":"2026-02-01T10:00:47","modified_gmt":"2026-02-01T11:00:47","slug":"mergulho-costeiro","status":"publish","type":"product","link":"https:\/\/guidetotheazores.pt\/pt-pt\/produto\/mergulho-costeiro\/","title":{"rendered":"Mergulho costeiro"},"content":{"rendered":"<p>Os A\u00e7ores s\u00e3o, sem d\u00favida, um dos melhores destinos de mergulho do Atl\u00e2ntico. A nossa \u00e9poca de mergulho decorre de abril a outubro. Os nossos locais de mergulho s\u00e3o muito diversificados e podem satisfazer todas as prefer\u00eancias e n\u00edveis de experi\u00eancia, com mais de 20 locais de mergulho entre as ilhas do Faial e do Pico.<\/p>\n<p>Os locais de mergulho mais comuns situam-se na reserva marinha do &#8220;Monte da Guia&#8221;, na ilha do Faial. Para chegar ao local de mergulho usamos sempre um barco semirr\u00edgido, pois fica a cerca de 5 minutos da nossa base. A temperatura das nossas \u00e1guas varia entre os 20-24\u00baC nos meses de ver\u00e3o, pelo que um fato de mergulho de 5mm ou 7mm \u00e9 normalmente suficiente.<\/p>\n<p>A vida marinha nas ilhas do Faial e do Pico \u00e9 fant\u00e1stica! Entre as rochas, poder\u00e1s observar curiosos peixes-c\u00e3o (Balistes carolinensis), garoupas (Epinephelus marginatus), focas (Sparisoma cretense), polvos e moreias, bem como pequenas esp\u00e9cies como coloridos nudibr\u00e2nquios, entre outros.<\/p>\n<p>Se n\u00e3o tens um certificado de mergulho, tamb\u00e9m oferecemos passeios de snorkeling nos locais de mergulho, ou um batismo de mergulho, onde \u00e9s sempre acompanhado por um instrutor qualificado que cuidar\u00e1 de ti debaixo de \u00e1gua.<\/p>\n","protected":false},"excerpt":{"rendered":"<p>Os A\u00e7ores s\u00e3o, sem d\u00favida, um dos melhores destinos de mergulho do Atl\u00e2ntico. A nossa \u00e9poca de mergulho decorre de abril a outubro. Os nossos locais de mergulho s\u00e3o muito diversificados e podem satisfazer todas as prefer\u00eancias e n\u00edveis de experi\u00eancia, com mais de 20 locais de mergulho entre as ilhas do Faial e do Pico.<\/p>\n<p><em>* A viagem \u00e9 partilhada com outros participantes e requer um m\u00ednimo de 3 pessoas<\/em><\/p>\n","protected":false},"featured_media":12180,"comment_status":"open","ping_status":"closed","template":"","meta":{"_acf_changed":false},"product_brand":[],"product_cat":[535,539,544,556],"product_tag":[19333],"class_list":{"0":"post-12197","1":"product","2":"type-product","3":"status-publish","4":"has-post-thumbnail","6":"product_cat-faial-pt-pt","7":"product_cat-atividades-pt-pt","8":"product_cat-mergulhar","9":"product_cat-todas-as-ilhas","10":"product_tag-ilhadofaial","12":"first","13":"instock","14":"virtual","15":"sold-individually","16":"taxable","17":"purchasable","18":"product-type-phive_booking"},"acf":[],"_links":{"self":[{"href":"https:\/\/guidetotheazores.pt\/pt-pt\/wp-json\/wp\/v2\/product\/12197","targetHints":{"allow":["GET"]}}],"collection":[{"href":"https:\/\/guidetotheazores.pt\/pt-pt\/wp-json\/wp\/v2\/product"}],"about":[{"href":"https:\/\/guidetotheazores.pt\/pt-pt\/wp-json\/wp\/v2\/types\/product"}],"replies":[{"embeddable":true,"href":"https:\/\/guidetotheazores.pt\/pt-pt\/wp-json\/wp\/v2\/comments?post=12197"}],"wp:featuredmedia":[{"embeddable":true,"href":"https:\/\/guidetotheazores.pt\/pt-pt\/wp-json\/wp\/v2\/media\/12180"}],"wp:attachment":[{"href":"https:\/\/guidetotheazores.pt\/pt-pt\/wp-json\/wp\/v2\/media?parent=12197"}],"wp:term":[{"taxonomy":"product_brand","embeddable":true,"href":"https:\/\/guidetotheazores.pt\/pt-pt\/wp-json\/wp\/v2\/product_brand?post=12197"},{"taxonomy":"product_cat","embeddable":true,"href":"https:\/\/guidetotheazores.pt\/pt-pt\/wp-json\/wp\/v2\/product_cat?post=12197"},{"taxonomy":"product_tag","embeddable":true,"href":"https:\/\/guidetotheazores.pt\/pt-pt\/wp-json\/wp\/v2\/product_tag?post=12197"}],"curies":[{"name":"wp","href":"https:\/\/api.w.org\/{rel}","templated":true}]}}