{"id":12209,"date":"2024-01-30T15:45:52","date_gmt":"2024-01-30T16:45:52","guid":{"rendered":"https:\/\/guidetotheazores.pt\/product\/observacao-de-baleias-e-golfinhos\/"},"modified":"2026-03-11T11:09:16","modified_gmt":"2026-03-11T12:09:16","slug":"observacao-de-baleias-e-golfinhos","status":"publish","type":"product","link":"https:\/\/guidetotheazores.pt\/pt-pt\/produto\/observacao-de-baleias-e-golfinhos\/","title":{"rendered":"Observa\u00e7\u00e3o de baleias e golfinhos"},"content":{"rendered":"<p><span class=\"wixui-rich-text__text\">O nosso m\u00e9todo integra as compet\u00eancias do Vi<\/span><span class=\"wixui-rich-text__text\">gia, pessoa que procura baleias e golfinhos, com as nossas equipas de especialistas, assegurando uma abordagem segura e n\u00e3o intrusiva, em compromisso<\/span><span class=\"wixui-rich-text__text\">ntempla o c\u00f3digo de conduta a\u00e7oriano para a intera\u00e7\u00e3o com cet\u00e1ceos. Estas pr\u00e1ticas permitem-nos atingir taxas de sucesso pr\u00f3ximas dos 99% nos nossos avistamentos durante todo o ano.<\/span><\/p>\n","protected":false},"excerpt":{"rendered":"<p><span class=\"wixui-rich-text__text\">A<\/span><span class=\"wixui-rich-text__text\">zores<\/span><span class=\"wixui-rich-text__text\"> st<\/span><span class=\"wixui-rich-text__text\">e<\/span><span class=\"wixui-rich-text__text\">s<\/span><span class=\"wixui-rich-text__text\"> out as <\/span> <span class=\"wixui-rich-text__text\">um dos principais destinos para a observa\u00e7\u00e3o de baleias a n\u00edvel mundial. Com uma presen\u00e7a registada de 28 esp\u00e9cies de baleias e golfinhos, c<\/span><span class=\"wixui-rich-text__text\">Representa cerca de 33% das esp\u00e9cies de cet\u00e1ceos reconhecidas a n\u00edvel mundial. <\/span><\/p>\n<p>Ponto de encontro: Marina de Angra, escrit\u00f3rio da OceanEmotion<\/p>\n<p>Hora da reuni\u00e3o: De junho a setembro: 8.15 &#8211; De outubro a maio: 8.30<\/p>\n<p>Dura\u00e7\u00e3o ca. 3-3.30h<\/p>\n<p class=\"p1\"><span class=\"s1\"><i>* A viagem \u00e9 partilhada com outros participantes e requer um m\u00ednimo de 1 pessoa e um m\u00e1ximo de 10<\/i><\/span><\/p>\n","protected":false},"featured_media":12230,"comment_status":"open","ping_status":"closed","template":"","meta":{"_acf_changed":false},"product_brand":[],"product_cat":[539,552,19279,556],"product_tag":[19340],"class_list":{"0":"post-12209","1":"product","2":"type-product","3":"status-publish","4":"has-post-thumbnail","6":"product_cat-atividades-pt-pt","7":"product_cat-observacao-de-baleias","8":"product_cat-terceira-pt-pt","9":"product_cat-todas-as-ilhas","10":"product_tag-ilhaterceira","12":"first","13":"instock","14":"virtual","15":"sold-individually","16":"taxable","17":"purchasable","18":"product-type-phive_booking"},"acf":[],"_links":{"self":[{"href":"https:\/\/guidetotheazores.pt\/pt-pt\/wp-json\/wp\/v2\/product\/12209","targetHints":{"allow":["GET"]}}],"collection":[{"href":"https:\/\/guidetotheazores.pt\/pt-pt\/wp-json\/wp\/v2\/product"}],"about":[{"href":"https:\/\/guidetotheazores.pt\/pt-pt\/wp-json\/wp\/v2\/types\/product"}],"replies":[{"embeddable":true,"href":"https:\/\/guidetotheazores.pt\/pt-pt\/wp-json\/wp\/v2\/comments?post=12209"}],"wp:featuredmedia":[{"embeddable":true,"href":"https:\/\/guidetotheazores.pt\/pt-pt\/wp-json\/wp\/v2\/media\/12230"}],"wp:attachment":[{"href":"https:\/\/guidetotheazores.pt\/pt-pt\/wp-json\/wp\/v2\/media?parent=12209"}],"wp:term":[{"taxonomy":"product_brand","embeddable":true,"href":"https:\/\/guidetotheazores.pt\/pt-pt\/wp-json\/wp\/v2\/product_brand?post=12209"},{"taxonomy":"product_cat","embeddable":true,"href":"https:\/\/guidetotheazores.pt\/pt-pt\/wp-json\/wp\/v2\/product_cat?post=12209"},{"taxonomy":"product_tag","embeddable":true,"href":"https:\/\/guidetotheazores.pt\/pt-pt\/wp-json\/wp\/v2\/product_tag?post=12209"}],"curies":[{"name":"wp","href":"https:\/\/api.w.org\/{rel}","templated":true}]}}