{"id":12235,"date":"2024-01-30T16:13:40","date_gmt":"2024-01-30T17:13:40","guid":{"rendered":"https:\/\/guidetotheazores.pt\/product\/ilheus-de-cabra\/"},"modified":"2026-03-11T11:10:21","modified_gmt":"2026-03-11T12:10:21","slug":"ilheus-de-cabra","status":"publish","type":"product","link":"https:\/\/guidetotheazores.pt\/pt-pt\/produto\/ilheus-de-cabra\/","title":{"rendered":"Ilh\u00e9us de Cabra"},"content":{"rendered":"<p><span class=\"wixui-rich-text__text\">Quando nos aproximarmos, partilharemos informa\u00e7\u00f5es sobre a hist\u00f3ria, a geologia e as aves marinhas, mostrando a<\/span><span class=\"wixui-rich-text__text\"> mostrando a variedade de estruturas vulc\u00e2nicas, fissuras e grutas que formam os ilh\u00e9us.<\/span><\/p>\n","protected":false},"excerpt":{"rendered":"<p><span class=\"wixui-rich-text__text\">Um antigo vulc\u00e3o, os maiores ilh\u00e9us dos A\u00e7ores, local de nidifica\u00e7\u00e3o de uma diversidade de aves marinhas e uma \u00c1rea Protegida, os Ilh\u00e9us das Cabras s\u00e3o uma excelente forma de conheceres um dos pontos altos das paisagens da ilha Terceira. <\/span><\/p>\n","protected":false},"featured_media":12099,"comment_status":"open","ping_status":"closed","template":"","meta":{"_acf_changed":false},"product_brand":[],"product_cat":[539,19279,556,550],"product_tag":[19340],"class_list":{"0":"post-12235","1":"product","2":"type-product","3":"status-publish","4":"has-post-thumbnail","6":"product_cat-atividades-pt-pt","7":"product_cat-terceira-pt-pt","8":"product_cat-todas-as-ilhas","9":"product_cat-velejar","10":"product_tag-ilhaterceira","12":"first","13":"instock","14":"virtual","15":"sold-individually","16":"taxable","17":"purchasable","18":"product-type-phive_booking"},"acf":[],"_links":{"self":[{"href":"https:\/\/guidetotheazores.pt\/pt-pt\/wp-json\/wp\/v2\/product\/12235","targetHints":{"allow":["GET"]}}],"collection":[{"href":"https:\/\/guidetotheazores.pt\/pt-pt\/wp-json\/wp\/v2\/product"}],"about":[{"href":"https:\/\/guidetotheazores.pt\/pt-pt\/wp-json\/wp\/v2\/types\/product"}],"replies":[{"embeddable":true,"href":"https:\/\/guidetotheazores.pt\/pt-pt\/wp-json\/wp\/v2\/comments?post=12235"}],"wp:featuredmedia":[{"embeddable":true,"href":"https:\/\/guidetotheazores.pt\/pt-pt\/wp-json\/wp\/v2\/media\/12099"}],"wp:attachment":[{"href":"https:\/\/guidetotheazores.pt\/pt-pt\/wp-json\/wp\/v2\/media?parent=12235"}],"wp:term":[{"taxonomy":"product_brand","embeddable":true,"href":"https:\/\/guidetotheazores.pt\/pt-pt\/wp-json\/wp\/v2\/product_brand?post=12235"},{"taxonomy":"product_cat","embeddable":true,"href":"https:\/\/guidetotheazores.pt\/pt-pt\/wp-json\/wp\/v2\/product_cat?post=12235"},{"taxonomy":"product_tag","embeddable":true,"href":"https:\/\/guidetotheazores.pt\/pt-pt\/wp-json\/wp\/v2\/product_tag?post=12235"}],"curies":[{"name":"wp","href":"https:\/\/api.w.org\/{rel}","templated":true}]}}