{"id":12282,"date":"2024-01-31T15:43:28","date_gmt":"2024-01-31T16:43:28","guid":{"rendered":"https:\/\/guidetotheazores.pt\/product\/passeio-de-barco-unico-ao-vulcao-dos-capelinhos\/"},"modified":"2026-02-01T10:02:42","modified_gmt":"2026-02-01T11:02:42","slug":"passeio-de-barco-unico-ao-vulcao-dos-capelinhos","status":"publish","type":"product","link":"https:\/\/guidetotheazores.pt\/pt-pt\/produto\/passeio-de-barco-unico-ao-vulcao-dos-capelinhos\/","title":{"rendered":"Passeio de barco \u00fanico ao Vulc\u00e3o dos Capelinhos"},"content":{"rendered":"<p><span style=\"color: #000000; font-family: 'Helvetica Neue', Helvetica, Roboto, Arial, sans-serif; font-size: medium;\">Somos a \u00fanica empresa na ilha do Faial que oferece os passeios de barco originais, chamados &#8220;Capelinhos Ocean Tours&#8221;. Sendo parceiros do Parque Natural dos A\u00e7ores e do Geoparque A\u00e7ores queremos partilhar contigo a beleza \u00fanica da nossa ilha e do monumento natural vulc\u00e3o dos Capelinhos.<\/span><br style=\"color: #000000; font-family: 'Helvetica Neue', Helvetica, Roboto, Arial, sans-serif;\"><span style=\"color: #000000; font-family: 'Helvetica Neue', Helvetica, Roboto, Arial, sans-serif; font-size: medium;\">Durante o cruzeiro, podes apreciar a ilha a partir do Oceano Atl\u00e2ntico, com um pouco de sorte encontrar os animais marinhos e, acima de tudo, ver como \u00e9 belo e impressionante o vulc\u00e3o dos Capelinhos. O vulc\u00e3o tem um aspeto fant\u00e1stico e totalmente diferente do lado do oceano.<\/span><\/p>\n<p><br style=\"color: #000000; font-family: 'Helvetica Neue', Helvetica, Roboto, Arial, sans-serif;\"><span style=\"color: #000000; font-family: 'Helvetica Neue', Helvetica, Roboto, Arial, sans-serif; font-size: medium;\">Oferecemos cruzeiros de um dia [com bom tempo] \u00e0 tarde.<\/span><br style=\"color: #000000; font-family: 'Helvetica Neue', Helvetica, Roboto, Arial, sans-serif;\"><span style=\"color: #000000; font-family: 'Helvetica Neue', Helvetica, Roboto, Arial, sans-serif; font-size: medium;\">O cruzeiro demora 2,5-3 horas a partir da marina da Horta [dependendo do estado do mar].<\/span><br style=\"color: #000000; font-family: 'Helvetica Neue', Helvetica, Roboto, Arial, sans-serif;\"><span style=\"color: #000000; font-family: 'Helvetica Neue', Helvetica, Roboto, Arial, sans-serif; font-size: medium;\">N\u00famero m\u00e1ximo de passageiros: 20<\/span><br style=\"color: #000000; font-family: 'Helvetica Neue', Helvetica, Roboto, Arial, sans-serif;\"><span style=\"color: #000000; font-family: 'Helvetica Neue', Helvetica, Roboto, Arial, sans-serif; font-size: medium;\">N\u00famero m\u00ednimo de passageiros: 6<\/span><\/p>\n<p>&nbsp;<\/p>\n<p><span style=\"color: #000000; font-family: 'Helvetica Neue', Helvetica, Roboto, Arial, sans-serif; font-size: medium;\">No Oceano Atl\u00e2ntico, o tempo pode ser vari\u00e1vel e imprevis\u00edvel. Por isso, sugerimos que n\u00e3o adies a decis\u00e3o de fazer um passeio de barco para os \u00faltimos dias da tua estadia nos A\u00e7ores, pois pode n\u00e3o se realizar devido a condi\u00e7\u00f5es climat\u00e9ricas desfavor\u00e1veis.<\/span><\/p>\n","protected":false},"excerpt":{"rendered":"<p>Somos a \u00fanica empresa na ilha do Faial que oferece os passeios de barco originais, chamados &#8220;Capelinhos Ocean Tours&#8221;. Sendo parceiros do Parque Natural dos A\u00e7ores e do Geoparque A\u00e7ores queremos partilhar contigo a beleza \u00fanica da nossa ilha e o monumento natural vulc\u00e3o dos Capelinhos.<br \/>\nA viagem \u00e9 partilhada com outros participantes e requer um m\u00ednimo de 6 pessoas<\/p>\n<p>A partida \u00e9 entre as 16h00 e as 17h00 nos meses de abril, maio, setembro e outubro, e entre as 17h00 e as 18h00 nos meses de junho, julho e agosto, no novo edif\u00edcio, UNIDADE B-4, perto do pont\u00e3o &#8220;F&#8221;<\/p>\n","protected":false},"featured_media":12269,"comment_status":"open","ping_status":"closed","template":"","meta":{"_acf_changed":false},"product_brand":[],"product_cat":[535,539,556,550],"product_tag":[],"class_list":{"0":"post-12282","1":"product","2":"type-product","3":"status-publish","4":"has-post-thumbnail","6":"product_cat-faial-pt-pt","7":"product_cat-atividades-pt-pt","8":"product_cat-todas-as-ilhas","9":"product_cat-velejar","11":"first","12":"instock","13":"virtual","14":"sold-individually","15":"taxable","16":"purchasable","17":"product-type-phive_booking"},"acf":[],"_links":{"self":[{"href":"https:\/\/guidetotheazores.pt\/pt-pt\/wp-json\/wp\/v2\/product\/12282","targetHints":{"allow":["GET"]}}],"collection":[{"href":"https:\/\/guidetotheazores.pt\/pt-pt\/wp-json\/wp\/v2\/product"}],"about":[{"href":"https:\/\/guidetotheazores.pt\/pt-pt\/wp-json\/wp\/v2\/types\/product"}],"replies":[{"embeddable":true,"href":"https:\/\/guidetotheazores.pt\/pt-pt\/wp-json\/wp\/v2\/comments?post=12282"}],"wp:featuredmedia":[{"embeddable":true,"href":"https:\/\/guidetotheazores.pt\/pt-pt\/wp-json\/wp\/v2\/media\/12269"}],"wp:attachment":[{"href":"https:\/\/guidetotheazores.pt\/pt-pt\/wp-json\/wp\/v2\/media?parent=12282"}],"wp:term":[{"taxonomy":"product_brand","embeddable":true,"href":"https:\/\/guidetotheazores.pt\/pt-pt\/wp-json\/wp\/v2\/product_brand?post=12282"},{"taxonomy":"product_cat","embeddable":true,"href":"https:\/\/guidetotheazores.pt\/pt-pt\/wp-json\/wp\/v2\/product_cat?post=12282"},{"taxonomy":"product_tag","embeddable":true,"href":"https:\/\/guidetotheazores.pt\/pt-pt\/wp-json\/wp\/v2\/product_tag?post=12282"}],"curies":[{"name":"wp","href":"https:\/\/api.w.org\/{rel}","templated":true}]}}