{"id":12351,"date":"2024-01-31T18:47:36","date_gmt":"2024-01-31T19:47:36","guid":{"rendered":"https:\/\/guidetotheazores.pt\/product\/maravilha-verde-dia-inteiro-na-ilha-das-flores\/"},"modified":"2026-02-23T09:42:02","modified_gmt":"2026-02-23T10:42:02","slug":"maravilha-verde-dia-inteiro-na-ilha-das-flores","status":"publish","type":"product","link":"https:\/\/guidetotheazores.pt\/pt-pt\/produto\/maravilha-verde-dia-inteiro-na-ilha-das-flores\/","title":{"rendered":"Maravilha Verde &#8211; Dia inteiro na Ilha das Flores"},"content":{"rendered":"<p>A Maravilha Verde Tour oferece-te uma viagem exclusiva pela beleza natural da ilha das Flores.<\/p>\n<p>Com uma dura\u00e7\u00e3o de 7 horas, esta excurs\u00e3o \u00e9 perfeita para quem fica pouco tempo na ilha. Os nossos guias s\u00e3o locais e certificados pela Experience OC, e partilhar\u00e3o todo o seu conhecimento sobre as esp\u00e9cies end\u00e9micas da ilha, gastronomia e factos hist\u00f3ricos.<\/p>\n<p>Acompanhamos-te desde o teu alojamento at\u00e9 ao in\u00edcio do trilho e de volta. Oferecemos-te tamb\u00e9m v\u00e1rios percursos personaliz\u00e1veis.<\/p>\n<p>Ponto de encontro \/ recolha:<\/p>\n<p>Esta excurs\u00e3o come\u00e7a \u00e0s 9:00 horas<\/p>\n<p>Acompanhamos-te desde o teu alojamento at\u00e9 ao in\u00edcio do trilho e no regresso.<\/p>\n<p><strong>Itiner\u00e1rio<\/strong><\/p>\n<p>Miradouro da Alagoa Ponta Ru\u00edva (museu + miradouro do Ilh\u00e9u Furado)<\/p>\n<p>Ponto de vista de Ponta Delgada<\/p>\n<p>7 Lagoas<\/p>\n<p>Rocha dos Bord\u00f5es<\/p>\n<p>Ponto de vista do portal<\/p>\n<p>Miradouro Craveiro Lopes<\/p>\n<p>Vila das Lajes<\/p>\n<p>Igreja das Lajes<\/p>\n<p>Po\u00e7o da Ribeira do Ferreiro<\/p>\n<p>Faj\u00e3 Grande<\/p>\n<p>Po\u00e7o do Bacalhau<\/p>\n<p><strong>Dura\u00e7\u00e3o: 7h<\/strong><\/p>\n<p>Categoria da excurs\u00e3o: Visita guiada<\/p>\n<p><strong>Inclui<\/strong><\/p>\n<p>Seguros<\/p>\n<p>Transfer do local de estadia e regresso<\/p>\n<p>Os nossos guias nativos e certificados<\/p>\n<p>Impostos<\/p>\n<p><strong>Recomendado<\/strong><\/p>\n<p>Cal\u00e7ado adequado para caminhadas (botas), roupa confort\u00e1vel, casaco leve, t-shirt ou camisola extra, refor\u00e7o alimentar, \u00e1gua, fato de banho, toalha, mochila, protetor solar e chap\u00e9u.<\/p>\n<p>&nbsp;<\/p>\n","protected":false},"excerpt":{"rendered":"<p>A Maravilha Verde Tour oferece-te uma viagem exclusiva pela beleza natural da ilha das Flores.<\/p>\n<p>Com uma dura\u00e7\u00e3o de 7 horas, esta excurs\u00e3o \u00e9 perfeita para quem fica pouco tempo na ilha. Os nossos guias s\u00e3o locais e certificados pela Experience OC, e partilhar\u00e3o todo o seu conhecimento sobre as esp\u00e9cies end\u00e9micas da ilha, gastronomia e factos hist\u00f3ricos.<\/p>\n<p>Acompanhamos-te desde o teu alojamento at\u00e9 ao in\u00edcio do trilho e de volta. Oferecemos-te tamb\u00e9m v\u00e1rios percursos personaliz\u00e1veis.<\/p>\n<p><strong>Ponto de encontro e recolha: Faj\u00e3 Grande : 9h00<\/strong><\/p>\n<p><strong>Ponto de encontro e recolha: Santa Cruz : 9h30<\/strong><\/p>\n","protected":false},"featured_media":12655,"comment_status":"open","ping_status":"closed","template":"","meta":{"_acf_changed":false},"product_brand":[],"product_cat":[19293,539,556,547],"product_tag":[19329],"class_list":{"0":"post-12351","1":"product","2":"type-product","3":"status-publish","4":"has-post-thumbnail","6":"product_cat-flores-pt-pt","7":"product_cat-atividades-pt-pt","8":"product_cat-todas-as-ilhas","9":"product_cat-visitas-guiadas","10":"product_tag-ilhadaflores","12":"first","13":"instock","14":"virtual","15":"sold-individually","16":"taxable","17":"purchasable","18":"product-type-phive_booking"},"acf":[],"_links":{"self":[{"href":"https:\/\/guidetotheazores.pt\/pt-pt\/wp-json\/wp\/v2\/product\/12351","targetHints":{"allow":["GET"]}}],"collection":[{"href":"https:\/\/guidetotheazores.pt\/pt-pt\/wp-json\/wp\/v2\/product"}],"about":[{"href":"https:\/\/guidetotheazores.pt\/pt-pt\/wp-json\/wp\/v2\/types\/product"}],"replies":[{"embeddable":true,"href":"https:\/\/guidetotheazores.pt\/pt-pt\/wp-json\/wp\/v2\/comments?post=12351"}],"wp:featuredmedia":[{"embeddable":true,"href":"https:\/\/guidetotheazores.pt\/pt-pt\/wp-json\/wp\/v2\/media\/12655"}],"wp:attachment":[{"href":"https:\/\/guidetotheazores.pt\/pt-pt\/wp-json\/wp\/v2\/media?parent=12351"}],"wp:term":[{"taxonomy":"product_brand","embeddable":true,"href":"https:\/\/guidetotheazores.pt\/pt-pt\/wp-json\/wp\/v2\/product_brand?post=12351"},{"taxonomy":"product_cat","embeddable":true,"href":"https:\/\/guidetotheazores.pt\/pt-pt\/wp-json\/wp\/v2\/product_cat?post=12351"},{"taxonomy":"product_tag","embeddable":true,"href":"https:\/\/guidetotheazores.pt\/pt-pt\/wp-json\/wp\/v2\/product_tag?post=12351"}],"curies":[{"name":"wp","href":"https:\/\/api.w.org\/{rel}","templated":true}]}}