{"id":12574,"date":"2024-02-01T18:29:36","date_gmt":"2024-02-01T19:29:36","guid":{"rendered":"https:\/\/guidetotheazores.pt\/product\/casa-de-campo-acolhedora-com-2-quartos-wi-fi-e-vista-para-o-mar\/"},"modified":"2024-12-29T09:26:57","modified_gmt":"2024-12-29T10:26:57","slug":"casa-de-campo-acolhedora-com-2-quartos-wi-fi-e-vista-para-o-mar","status":"publish","type":"product","link":"https:\/\/guidetotheazores.pt\/pt-pt\/produto\/casa-de-campo-acolhedora-com-2-quartos-wi-fi-e-vista-para-o-mar\/","title":{"rendered":"Casa de campo acolhedora com 2 quartos, WI-FI e vista para o mar"},"content":{"rendered":"<p><span style=\"color: #000000; font-family: 'Helvetica Neue', Helvetica, Roboto, Arial, sans-serif; font-size: medium;\">A casa de campo fica a 20 minutos a p\u00e9 do cora\u00e7\u00e3o da id\u00edlica aldeia de Santa B\u00e1rbara. Aqui podes comprar mantimentos na loja local ou descontrair com uma cerveja fresca depois de um dia de caminhadas. A partir da porta da frente da casa, tens acesso a v\u00e1rios trilhos para caminhadas &#8211; Norte, Santa B\u00e1rbara, S\u00e3o Louren\u00e7o e Pico Alto, para citar alguns. Adjacente \u00e0 casa de campo est\u00e1 o teu jardim privado onde podes relaxar na nossa cadeira de p\u00f4r do sol e apreciar as vistas do Pico Alto e da ilha vizinha de S\u00e2o Miguel. Oferecemos tamb\u00e9m aos nossos h\u00f3spedes a possibilidade de alugar uma scooter 125cc e\/ou bicicletas de montanha para explorar a ilha \u00e0 vontade.<\/span><\/p>\n<p>Comodidades:<\/p>\n<p>Estacionamento privado gratuito<\/p>\n<p>Jardim grande<\/p>\n<p>Jardim de ervas org\u00e2nicas<\/p>\n<p>Churrasco<\/p>\n<p>Terra\u00e7o para banhos de sol e de jantar<\/p>\n<p>Wi-Fi gratuito em toda a casa de campo<\/p>\n<p>Televis\u00e3o por cabo de ecr\u00e3 plano<\/p>\n<p>Biblioteca de livros e jogos<\/p>\n<p>M\u00e1quina de lavar roupa<\/p>\n<p>e muito mais&#8230;.<\/p>\n","protected":false},"excerpt":{"rendered":"<p><span style=\"color: #000000; font-family: 'Helvetica Neue', Helvetica, Roboto, Arial, sans-serif; font-size: medium;\">A Casinha do Barreiro \u00e9 uma casa de campo encantadora e moderna, situada na pitoresca freguesia de Santa B\u00e1rbara, na pitoresca ilha de Santa Maria, nos A\u00e7ores. Este retiro acolhedor oferece um ambiente privado e tranquilo combinado com conforto e beleza, tornando-o no ref\u00fagio perfeito.<\/span><\/p>\n","protected":false},"featured_media":12563,"comment_status":"open","ping_status":"closed","template":"","meta":{"_acf_changed":false},"product_brand":[],"product_cat":[],"product_tag":[],"class_list":{"0":"post-12574","1":"product","2":"type-product","3":"status-publish","4":"has-post-thumbnail","7":"first","8":"instock","9":"virtual","10":"sold-individually","11":"taxable","12":"purchasable","13":"product-type-phive_booking"},"acf":[],"_links":{"self":[{"href":"https:\/\/guidetotheazores.pt\/pt-pt\/wp-json\/wp\/v2\/product\/12574","targetHints":{"allow":["GET"]}}],"collection":[{"href":"https:\/\/guidetotheazores.pt\/pt-pt\/wp-json\/wp\/v2\/product"}],"about":[{"href":"https:\/\/guidetotheazores.pt\/pt-pt\/wp-json\/wp\/v2\/types\/product"}],"replies":[{"embeddable":true,"href":"https:\/\/guidetotheazores.pt\/pt-pt\/wp-json\/wp\/v2\/comments?post=12574"}],"wp:featuredmedia":[{"embeddable":true,"href":"https:\/\/guidetotheazores.pt\/pt-pt\/wp-json\/wp\/v2\/media\/12563"}],"wp:attachment":[{"href":"https:\/\/guidetotheazores.pt\/pt-pt\/wp-json\/wp\/v2\/media?parent=12574"}],"wp:term":[{"taxonomy":"product_brand","embeddable":true,"href":"https:\/\/guidetotheazores.pt\/pt-pt\/wp-json\/wp\/v2\/product_brand?post=12574"},{"taxonomy":"product_cat","embeddable":true,"href":"https:\/\/guidetotheazores.pt\/pt-pt\/wp-json\/wp\/v2\/product_cat?post=12574"},{"taxonomy":"product_tag","embeddable":true,"href":"https:\/\/guidetotheazores.pt\/pt-pt\/wp-json\/wp\/v2\/product_tag?post=12574"}],"curies":[{"name":"wp","href":"https:\/\/api.w.org\/{rel}","templated":true}]}}