{"id":12615,"date":"2024-02-01T20:44:52","date_gmt":"2024-02-01T21:44:52","guid":{"rendered":"https:\/\/guidetotheazores.pt\/product\/van-tour-ilha-dia-inteiro\/"},"modified":"2026-02-01T10:02:46","modified_gmt":"2026-02-01T11:02:46","slug":"van-tour-ilha-dia-inteiro","status":"publish","type":"product","link":"https:\/\/guidetotheazores.pt\/pt-pt\/produto\/van-tour-ilha-dia-inteiro\/","title":{"rendered":"Van Tour (Dia Inteiro) &#8211; Ilha Terceira"},"content":{"rendered":"<p>Passa pelos locais mais bonitos que a ilha tem para oferecer.<\/p>\n<p>Dura\u00e7\u00e3o: 7 horas<\/p>\n<p><strong>Sobre:<\/strong><\/p>\n<p>A Ilha Terceira, um verdadeiro para\u00edso no meio do Atl\u00e2ntico, \u00e9 composta por milh\u00f5es de s\u00edtios naturais fant\u00e1sticos prontos a serem visitados. Esta excurs\u00e3o percorre os locais mais bonitos que a ilha tem para oferecer.<\/p>\n<p><strong>Destaca:<\/strong><\/p>\n<p>Monte Brasil<\/p>\n<p>Ponto de vista sobre os ilh\u00e9us<\/p>\n<p>Praia da Vit\u00f3ria<\/p>\n<p>Serra do Cume<\/p>\n<p>Piscinas naturais dos Biscoitos<\/p>\n<p>Floresta da Serreta<\/p>\n<p>S\u00e3o Mateus<\/p>\n<p><strong>Inclui:<\/strong><\/p>\n<p>Guia tur\u00edstico<\/p>\n<p>Prova de queijos<\/p>\n<p>Seguro de acidentes pessoais<\/p>\n<p>Recolha e entrega em Angra do Hero\u00edsmo<\/p>\n<p><strong>N\u00e3o inclu\u00eddo<\/strong><\/p>\n<p>Almo\u00e7o<\/p>\n<p><strong>Ponto de encontro:<\/strong><\/p>\n<p>O nosso escrit\u00f3rio em Angra do Hero\u00edsmo<\/p>\n","protected":false},"excerpt":{"rendered":"<p>Passa pelos locais mais bonitos que esta ilha tem para oferecer!<\/p>\n<p>Dura\u00e7\u00e3o: 7 horas<\/p>\n<p>A Ilha Terceira, um verdadeiro para\u00edso no meio do Atl\u00e2ntico, \u00e9 composta por milh\u00f5es de s\u00edtios naturais fant\u00e1sticos prontos a serem visitados. Esta excurs\u00e3o percorre os locais mais bonitos que a ilha tem para oferecer.<\/p>\n<p>Ponto de encontro: O nosso escrit\u00f3rio em Angra do Hero\u00edsmo<\/p>\n","protected":false},"featured_media":12602,"comment_status":"open","ping_status":"closed","template":"","meta":{"_acf_changed":false},"product_brand":[],"product_cat":[539,19279,556,547],"product_tag":[19340],"class_list":{"0":"post-12615","1":"product","2":"type-product","3":"status-publish","4":"has-post-thumbnail","6":"product_cat-atividades-pt-pt","7":"product_cat-terceira-pt-pt","8":"product_cat-todas-as-ilhas","9":"product_cat-visitas-guiadas","10":"product_tag-ilhaterceira","12":"first","13":"instock","14":"virtual","15":"sold-individually","16":"taxable","17":"purchasable","18":"product-type-phive_booking"},"acf":[],"_links":{"self":[{"href":"https:\/\/guidetotheazores.pt\/pt-pt\/wp-json\/wp\/v2\/product\/12615","targetHints":{"allow":["GET"]}}],"collection":[{"href":"https:\/\/guidetotheazores.pt\/pt-pt\/wp-json\/wp\/v2\/product"}],"about":[{"href":"https:\/\/guidetotheazores.pt\/pt-pt\/wp-json\/wp\/v2\/types\/product"}],"replies":[{"embeddable":true,"href":"https:\/\/guidetotheazores.pt\/pt-pt\/wp-json\/wp\/v2\/comments?post=12615"}],"wp:featuredmedia":[{"embeddable":true,"href":"https:\/\/guidetotheazores.pt\/pt-pt\/wp-json\/wp\/v2\/media\/12602"}],"wp:attachment":[{"href":"https:\/\/guidetotheazores.pt\/pt-pt\/wp-json\/wp\/v2\/media?parent=12615"}],"wp:term":[{"taxonomy":"product_brand","embeddable":true,"href":"https:\/\/guidetotheazores.pt\/pt-pt\/wp-json\/wp\/v2\/product_brand?post=12615"},{"taxonomy":"product_cat","embeddable":true,"href":"https:\/\/guidetotheazores.pt\/pt-pt\/wp-json\/wp\/v2\/product_cat?post=12615"},{"taxonomy":"product_tag","embeddable":true,"href":"https:\/\/guidetotheazores.pt\/pt-pt\/wp-json\/wp\/v2\/product_tag?post=12615"}],"curies":[{"name":"wp","href":"https:\/\/api.w.org\/{rel}","templated":true}]}}