{"id":12658,"date":"2024-01-30T20:48:56","date_gmt":"2024-01-30T21:48:56","guid":{"rendered":"https:\/\/guidetotheazores.pt\/product\/visita-flores-e-corvo\/"},"modified":"2026-02-23T16:43:25","modified_gmt":"2026-02-23T17:43:25","slug":"visita-flores-e-corvo","status":"publish","type":"product","link":"https:\/\/guidetotheazores.pt\/pt-pt\/produto\/visita-flores-e-corvo\/","title":{"rendered":"Corvo Experience &#8211; Tour Guiado dia completo c\/ Almo\u00e7o"},"content":{"rendered":"<p style=\"border: 0px;margin: 0px 0px 1.1em;padding: 0px;color: #252528;font-family: Roboto, -apple-system, BlinkMacSystemFont, 'Segoe UI', Oxygen, Ubuntu, Cantarell, 'Fira Sans', 'Droid Sans', 'Helvetica Neue', sans-serif;letter-spacing: 0.13px\">O dia come\u00e7a na nossa loja, em frente ao Aeroporto de Santa Cruz das Flores, ou no porto de embarque.<\/p>\n<p style=\"border: 0px;margin: 0px 0px 1.1em;padding: 0px;color: #252528;font-family: Roboto, -apple-system, BlinkMacSystemFont, 'Segoe UI', Oxygen, Ubuntu, Cantarell, 'Fira Sans', 'Droid Sans', 'Helvetica Neue', sans-serif;letter-spacing: 0.13px\">\u00c0s 09h seguimos num semirr\u00edgido ao longo da costa norte da ilha, passando por grutas, cascatas e forma\u00e7\u00f5es rochosas. A travessia at\u00e9 ao Corvo dura cerca de 40 minutos e j\u00e1 \u00e9 uma experi\u00eancia \u00fanica, com paisagens marcantes, possibilidade de avistar golfinhos e baleias.<\/p>\n<p style=\"border: 0px;margin: 0px 0px 1.1em;padding: 0px;color: #252528;font-family: Roboto, -apple-system, BlinkMacSystemFont, 'Segoe UI', Oxygen, Ubuntu, Cantarell, 'Fira Sans', 'Droid Sans', 'Helvetica Neue', sans-serif;letter-spacing: 0.13px\">\u00c0 chegada, o guia leva o grupo num transfer em carrinhas at\u00e9 ao Caldeir\u00e3o. Existe a op\u00e7\u00e3o de fazer o trilho circular (~2h30), aproveitando o cen\u00e1rio amplo e silencioso da cratera.<\/p>\n<p style=\"border: 0px;margin: 0px 0px 1.1em;padding: 0px;color: #252528;font-family: Roboto, -apple-system, BlinkMacSystemFont, 'Segoe UI', Oxygen, Ubuntu, Cantarell, 'Fira Sans', 'Droid Sans', 'Helvetica Neue', sans-serif;letter-spacing: 0.13px\">Depois, regressamos \u00e0 vila para um tour hist\u00f3rico pelos principais pontos da ilha, conhecendo tradi\u00e7\u00f5es, hist\u00f3rias locais e o dia a dia da comunidade corvina.<\/p>\n<p style=\"border: 0px;margin: 0px 0px 1.1em;padding: 0px;color: #252528;font-family: Roboto, -apple-system, BlinkMacSystemFont, 'Segoe UI', Oxygen, Ubuntu, Cantarell, 'Fira Sans', 'Droid Sans', 'Helvetica Neue', sans-serif;letter-spacing: 0.13px\">O almo\u00e7o est\u00e1 inclu\u00eddo em regime self-service, com prato principal, bebida e caf\u00e9.<\/p>\n<p style=\"border: 0px;margin: 0px 0px 1.1em;padding: 0px;color: #252528;font-family: Roboto, -apple-system, BlinkMacSystemFont, 'Segoe UI', Oxygen, Ubuntu, Cantarell, 'Fira Sans', 'Droid Sans', 'Helvetica Neue', sans-serif;letter-spacing: 0.13px\">O regresso \u00e0s Flores depende das condi\u00e7\u00f5es do mar, com hor\u00e1rio de embarque previsto entre as 15h e as 17h.<\/p>\n<p style=\"border: 0px;margin: 0px;padding: 0px;color: #252528;font-family: Roboto, -apple-system, BlinkMacSystemFont, 'Segoe UI', Oxygen, Ubuntu, Cantarell, 'Fira Sans', 'Droid Sans', 'Helvetica Neue', sans-serif;letter-spacing: 0.13px\">Um dia completo, pensado para viver a natureza, cultura e ritmo \u00fanico do Corvo de forma tranquila e genu\u00edna.<\/p>\n<p>Inclui:<\/p>\n<p>Guia PT, Eng, Es e FR<br \/>\nSeguros<br \/>\nPasseio de barco\u00a0 pelas grutas da ilha das Flores<br \/>\nTransfer do barco para o Caldeir\u00e3o<\/p>\n<p>Taxas<br \/>\nAlmo\u00e7o (Buffet com sopa, prato e bebida)<\/p>\n<p>Recomenda\u00e7\u00f5es:<br \/>\nCal\u00e7ado adequado para caminhada (botas), roupa confort\u00e1vel, casaco leve, t-shirt ou sweatshirt extra, refor\u00e7o alimentar, \u00e1gua, mochila, protetor solar e chap\u00e9u.<\/p>\n","protected":false},"excerpt":{"rendered":"<p><span style=\"color: #1f2428;font-family: Roboto, -apple-system, BlinkMacSystemFont, 'Segoe UI', Oxygen, Ubuntu, Cantarell, 'Fira Sans', 'Droid Sans', 'Helvetica Neue', sans-serif;font-size: 14px;letter-spacing: 0.13px\">Tour de dia completo ao Corvo, com natureza, trilhos, cultura local e almo\u00e7o inclu\u00eddo. Sa\u00edda a partir das Flores<\/span><\/p>\n","protected":false},"featured_media":13577,"comment_status":"open","ping_status":"closed","template":"","meta":{"_acf_changed":false},"product_brand":[],"product_cat":[19297,556],"product_tag":[],"class_list":{"0":"post-12658","1":"product","2":"type-product","3":"status-publish","4":"has-post-thumbnail","6":"product_cat-corvo-pt-pt","7":"product_cat-todas-as-ilhas","9":"first","10":"instock","11":"virtual","12":"sold-individually","13":"taxable","14":"purchasable","15":"product-type-phive_booking"},"acf":[],"_links":{"self":[{"href":"https:\/\/guidetotheazores.pt\/pt-pt\/wp-json\/wp\/v2\/product\/12658","targetHints":{"allow":["GET"]}}],"collection":[{"href":"https:\/\/guidetotheazores.pt\/pt-pt\/wp-json\/wp\/v2\/product"}],"about":[{"href":"https:\/\/guidetotheazores.pt\/pt-pt\/wp-json\/wp\/v2\/types\/product"}],"replies":[{"embeddable":true,"href":"https:\/\/guidetotheazores.pt\/pt-pt\/wp-json\/wp\/v2\/comments?post=12658"}],"wp:featuredmedia":[{"embeddable":true,"href":"https:\/\/guidetotheazores.pt\/pt-pt\/wp-json\/wp\/v2\/media\/13577"}],"wp:attachment":[{"href":"https:\/\/guidetotheazores.pt\/pt-pt\/wp-json\/wp\/v2\/media?parent=12658"}],"wp:term":[{"taxonomy":"product_brand","embeddable":true,"href":"https:\/\/guidetotheazores.pt\/pt-pt\/wp-json\/wp\/v2\/product_brand?post=12658"},{"taxonomy":"product_cat","embeddable":true,"href":"https:\/\/guidetotheazores.pt\/pt-pt\/wp-json\/wp\/v2\/product_cat?post=12658"},{"taxonomy":"product_tag","embeddable":true,"href":"https:\/\/guidetotheazores.pt\/pt-pt\/wp-json\/wp\/v2\/product_tag?post=12658"}],"curies":[{"name":"wp","href":"https:\/\/api.w.org\/{rel}","templated":true}]}}