{"id":12781,"date":"2024-02-05T09:37:53","date_gmt":"2024-02-05T10:37:53","guid":{"rendered":"https:\/\/guidetotheazores.pt\/?post_type=product&#038;p=12781"},"modified":"2024-02-05T20:53:55","modified_gmt":"2024-02-05T21:53:55","slug":"terceira-island-full-day-van-tour","status":"publish","type":"product","link":"https:\/\/guidetotheazores.pt\/pt-pt\/produto\/terceira-island-full-day-van-tour\/","title":{"rendered":"Terceira Island &#8211; Full-Day Van Tour"},"content":{"rendered":"<p>Comece o passeio visitando o Monte Brasil, onde poder\u00e1 ver a Fortaleza de S\u00e3o Jo\u00e3o Batista, constru\u00edda pelos espanh\u00f3is ap\u00f3s a sua chegada em 1583. Aprecie as fant\u00e1sticas vistas da cidade de Angra do Hero\u00edsmo, Patrim\u00f3nio Mundial da UNESCO.<\/p>\n<p>Continue ao longo do sudeste da Ilha Terceira em dire\u00e7\u00e3o \u00e0s vilas da Ribeirinha, Feteira e S\u00e3o Sebasti\u00e3o. Veja belos marcos naturais como os Ilh\u00e9us das Cabras e a Ba\u00eda da Salga, culminando com uma visita \u00e0 igreja mais antiga da ilha.<\/p>\n<p>De seguida, paragem na Serra do Cume, um miradouro situado na maior caldeira da Terceira. Observe a vasta extens\u00e3o de campos agr\u00edcolas espalhados pela ilha. De seguida, aproveite o tempo livre para almo\u00e7ar na encantadora vila da Praia da Vit\u00f3ria.<\/p>\n<p>De tarde, continue pela costa norte da ilha e visite as Piscinas Naturais dos Biscoitos. Opcionalmente, poder\u00e1 visitar o Algar do Carv\u00e3o, uma chamin\u00e9 vulc\u00e2nica vazia, que dever\u00e1 demorar cerca de 30-40 minutos (bilhete n\u00e3o inclu\u00eddo). No regresso ao seu hotel, n\u00e3o perca mais uma das belezas da zona central da ilha. Entre outras coisas, poder\u00e1 ver os touros bravos no seu habitat natural.<\/p>\n","protected":false},"excerpt":{"rendered":"<p>Comece o passeio visitando o Monte Brasil, onde poder\u00e1 ver a Fortaleza de S\u00e3o Jo\u00e3o Batista, constru\u00edda pelos espanh\u00f3is ap\u00f3s a sua chegada em 1583. Aprecie as fant\u00e1sticas vistas da cidade de Angra do Hero\u00edsmo, Patrim\u00f3nio Mundial da UNESCO.<\/p>\n","protected":false},"featured_media":12785,"comment_status":"open","ping_status":"closed","template":"","meta":{"_acf_changed":false},"product_brand":[],"product_cat":[539,19279,556,547],"product_tag":[],"class_list":{"0":"post-12781","1":"product","2":"type-product","3":"status-publish","4":"has-post-thumbnail","6":"product_cat-atividades-pt-pt","7":"product_cat-terceira-pt-pt","8":"product_cat-todas-as-ilhas","9":"product_cat-visitas-guiadas","11":"first","12":"instock","13":"virtual","14":"sold-individually","15":"taxable","16":"purchasable","17":"product-type-phive_booking"},"acf":[],"_links":{"self":[{"href":"https:\/\/guidetotheazores.pt\/pt-pt\/wp-json\/wp\/v2\/product\/12781","targetHints":{"allow":["GET"]}}],"collection":[{"href":"https:\/\/guidetotheazores.pt\/pt-pt\/wp-json\/wp\/v2\/product"}],"about":[{"href":"https:\/\/guidetotheazores.pt\/pt-pt\/wp-json\/wp\/v2\/types\/product"}],"replies":[{"embeddable":true,"href":"https:\/\/guidetotheazores.pt\/pt-pt\/wp-json\/wp\/v2\/comments?post=12781"}],"wp:featuredmedia":[{"embeddable":true,"href":"https:\/\/guidetotheazores.pt\/pt-pt\/wp-json\/wp\/v2\/media\/12785"}],"wp:attachment":[{"href":"https:\/\/guidetotheazores.pt\/pt-pt\/wp-json\/wp\/v2\/media?parent=12781"}],"wp:term":[{"taxonomy":"product_brand","embeddable":true,"href":"https:\/\/guidetotheazores.pt\/pt-pt\/wp-json\/wp\/v2\/product_brand?post=12781"},{"taxonomy":"product_cat","embeddable":true,"href":"https:\/\/guidetotheazores.pt\/pt-pt\/wp-json\/wp\/v2\/product_cat?post=12781"},{"taxonomy":"product_tag","embeddable":true,"href":"https:\/\/guidetotheazores.pt\/pt-pt\/wp-json\/wp\/v2\/product_tag?post=12781"}],"curies":[{"name":"wp","href":"https:\/\/api.w.org\/{rel}","templated":true}]}}