{"id":12806,"date":"2024-02-05T10:15:56","date_gmt":"2024-02-05T11:15:56","guid":{"rendered":"https:\/\/guidetotheazores.pt\/?post_type=product&#038;p=12806"},"modified":"2024-02-05T21:40:15","modified_gmt":"2024-02-05T22:40:15","slug":"terceira-island-half-day-van-tour","status":"publish","type":"product","link":"https:\/\/guidetotheazores.pt\/pt-pt\/produto\/terceira-island-half-day-van-tour\/","title":{"rendered":"Terceira Island &#8211; Half-Day Van Tour"},"content":{"rendered":"<p>Desfrute da comodidade de um pickup na cidade de Angra do Hero\u00edsmo. Comece o passeio com uma visita ao Monte Brasil. Observe a cidade de Angra do Hero\u00edsmo, Patrim\u00f3nio Mundial da UNESCO, do alto. Desfrute de uma vista completa sobre a cidade, as montanhas e as aldeias circundantes.<\/p>\n<p>Depois de um curto passeio pela cidade, continue ao longo da costa sudeste da ilha. Passe pelas aldeias de Ribeirinha, Feteira, Porto Judeu e S\u00e3o Sebasti\u00e3o. Veja todas as atrac\u00e7\u00f5es principais ao longo do caminho, como os Ilh\u00e9us das Cabras e a igreja mais antiga da Terceira.<\/p>\n<p>Passe para a sua pr\u00f3xima paragem, a Serra do Cume. Admire a maior e mais antiga Caldeira da ilha e o colorido da paisagem. Este miradouro na Serra do Cume tem vista para a manta de retalhos de pastos verdes, formando &#8220;A Manta de Pontos&#8221;. Uma breve visita \u00e0 Praia da Vit\u00f3ria, o seu centro hist\u00f3rico.<br \/>\nNo final do passeio, ser\u00e1 deixado no seu alojamento, ou em qualquer outro local de Angra do Hero\u00edsmo.<\/p>\n","protected":false},"excerpt":{"rendered":"<p>Desfrute da comodidade de um pickup na cidade de Angra do Hero\u00edsmo. Comece o passeio com uma visita ao Monte Brasil. Observe a cidade de Angra do Hero\u00edsmo, Patrim\u00f3nio Mundial da UNESCO, do alto. Desfrute de uma vista completa sobre a cidade, as montanhas e as aldeias circundantes.<\/p>\n","protected":false},"featured_media":12794,"comment_status":"open","ping_status":"closed","template":"","meta":{"_acf_changed":false},"product_brand":[],"product_cat":[539,19279,556,547],"product_tag":[],"class_list":{"0":"post-12806","1":"product","2":"type-product","3":"status-publish","4":"has-post-thumbnail","6":"product_cat-atividades-pt-pt","7":"product_cat-terceira-pt-pt","8":"product_cat-todas-as-ilhas","9":"product_cat-visitas-guiadas","11":"first","12":"instock","13":"virtual","14":"sold-individually","15":"taxable","16":"purchasable","17":"product-type-phive_booking"},"acf":[],"_links":{"self":[{"href":"https:\/\/guidetotheazores.pt\/pt-pt\/wp-json\/wp\/v2\/product\/12806","targetHints":{"allow":["GET"]}}],"collection":[{"href":"https:\/\/guidetotheazores.pt\/pt-pt\/wp-json\/wp\/v2\/product"}],"about":[{"href":"https:\/\/guidetotheazores.pt\/pt-pt\/wp-json\/wp\/v2\/types\/product"}],"replies":[{"embeddable":true,"href":"https:\/\/guidetotheazores.pt\/pt-pt\/wp-json\/wp\/v2\/comments?post=12806"}],"wp:featuredmedia":[{"embeddable":true,"href":"https:\/\/guidetotheazores.pt\/pt-pt\/wp-json\/wp\/v2\/media\/12794"}],"wp:attachment":[{"href":"https:\/\/guidetotheazores.pt\/pt-pt\/wp-json\/wp\/v2\/media?parent=12806"}],"wp:term":[{"taxonomy":"product_brand","embeddable":true,"href":"https:\/\/guidetotheazores.pt\/pt-pt\/wp-json\/wp\/v2\/product_brand?post=12806"},{"taxonomy":"product_cat","embeddable":true,"href":"https:\/\/guidetotheazores.pt\/pt-pt\/wp-json\/wp\/v2\/product_cat?post=12806"},{"taxonomy":"product_tag","embeddable":true,"href":"https:\/\/guidetotheazores.pt\/pt-pt\/wp-json\/wp\/v2\/product_tag?post=12806"}],"curies":[{"name":"wp","href":"https:\/\/api.w.org\/{rel}","templated":true}]}}