{"id":12807,"date":"2024-02-05T10:27:44","date_gmt":"2024-02-05T11:27:44","guid":{"rendered":"https:\/\/guidetotheazores.pt\/?post_type=product&#038;p=12807"},"modified":"2024-02-05T21:39:59","modified_gmt":"2024-02-05T22:39:59","slug":"terceira-island-full-day-jeep-tour","status":"publish","type":"product","link":"https:\/\/guidetotheazores.pt\/pt-pt\/produto\/terceira-island-full-day-jeep-tour\/","title":{"rendered":"Terceira Island &#8211; Full-Day Jeep Tour"},"content":{"rendered":"<p>Descubra o melhor da Ilha Terceira numa viagem guiada de dia inteiro a partir de Angra do Hero\u00edsmo. O seu hotel em Angra \u00e9 o ponto de partida e chegada.<\/p>\n<p>A primeira paragem \u00e9 no Monte Brasil, onde se pode ver Angra do Hero\u00edsmo de cima. Fa\u00e7a um pequeno passeio de carro pela cidade, e depois ao longo da costa sudeste at\u00e9 \u00e0 aldeia de Ribeirinha, onde pode admirar vistas panor\u00e2micas.<\/p>\n<p>O percurso \u00e9 feito em todo-o-terreno, explorando as aldeias de Agualva e Biscoitos, onde se podem observar touros selvagens no seu habitat natural e uma grande diversidade de flora aut\u00f3ctone.<\/p>\n<p>Fa\u00e7a uma pequena pausa para o almo\u00e7o e depois continue para descobrir o vulc\u00e3o Algar do Carv\u00e3o, a maior atra\u00e7\u00e3o da ilha.<br \/>\nTermine o passeio com mais paisagens impressionantes da \u00e1rea natural intacta na parte central da ilha, antes de ser deixado de volta no seu hotel.<\/p>\n","protected":false},"excerpt":{"rendered":"<p>Descubra o melhor da Ilha Terceira numa viagem guiada de dia inteiro a partir de Angra do Hero\u00edsmo. O seu hotel em Angra \u00e9 o ponto de partida e chegada.<\/p>\n","protected":false},"featured_media":12814,"comment_status":"open","ping_status":"closed","template":"","meta":{"_acf_changed":false},"product_brand":[],"product_cat":[539,19279,556,547],"product_tag":[],"class_list":{"0":"post-12807","1":"product","2":"type-product","3":"status-publish","4":"has-post-thumbnail","6":"product_cat-atividades-pt-pt","7":"product_cat-terceira-pt-pt","8":"product_cat-todas-as-ilhas","9":"product_cat-visitas-guiadas","11":"first","12":"instock","13":"virtual","14":"sold-individually","15":"taxable","16":"purchasable","17":"product-type-phive_booking"},"acf":[],"_links":{"self":[{"href":"https:\/\/guidetotheazores.pt\/pt-pt\/wp-json\/wp\/v2\/product\/12807","targetHints":{"allow":["GET"]}}],"collection":[{"href":"https:\/\/guidetotheazores.pt\/pt-pt\/wp-json\/wp\/v2\/product"}],"about":[{"href":"https:\/\/guidetotheazores.pt\/pt-pt\/wp-json\/wp\/v2\/types\/product"}],"replies":[{"embeddable":true,"href":"https:\/\/guidetotheazores.pt\/pt-pt\/wp-json\/wp\/v2\/comments?post=12807"}],"wp:featuredmedia":[{"embeddable":true,"href":"https:\/\/guidetotheazores.pt\/pt-pt\/wp-json\/wp\/v2\/media\/12814"}],"wp:attachment":[{"href":"https:\/\/guidetotheazores.pt\/pt-pt\/wp-json\/wp\/v2\/media?parent=12807"}],"wp:term":[{"taxonomy":"product_brand","embeddable":true,"href":"https:\/\/guidetotheazores.pt\/pt-pt\/wp-json\/wp\/v2\/product_brand?post=12807"},{"taxonomy":"product_cat","embeddable":true,"href":"https:\/\/guidetotheazores.pt\/pt-pt\/wp-json\/wp\/v2\/product_cat?post=12807"},{"taxonomy":"product_tag","embeddable":true,"href":"https:\/\/guidetotheazores.pt\/pt-pt\/wp-json\/wp\/v2\/product_tag?post=12807"}],"curies":[{"name":"wp","href":"https:\/\/api.w.org\/{rel}","templated":true}]}}