{"id":12817,"date":"2024-02-05T10:32:15","date_gmt":"2024-02-05T11:32:15","guid":{"rendered":"https:\/\/guidetotheazores.pt\/?post_type=product&#038;p=12817"},"modified":"2024-02-05T21:39:37","modified_gmt":"2024-02-05T22:39:37","slug":"terceira-island-half-day-angra-do-heroismo-walking-city-tour","status":"publish","type":"product","link":"https:\/\/guidetotheazores.pt\/pt-pt\/produto\/terceira-island-half-day-angra-do-heroismo-walking-city-tour\/","title":{"rendered":"Terceira Island &#8211; Half-Day Angra do Hero\u00edsmo Walking City Tour"},"content":{"rendered":"<p>Comece o passeio com o pick-up no seu hotel e conduza ou caminhe at\u00e9 ao centro da cidade.<br \/>\nNo cora\u00e7\u00e3o da cidade, caminhe pelas ruas repletas de monumentos significativos para a hist\u00f3ria das ilhas dos A\u00e7ores. Veja a S\u00e9 Catedral de Angra do Hero\u00edsmo (entrada opcional), uma das mais controversas catedrais cat\u00f3licas, e o Pal\u00e1cio dos Capitaes Generais (entrada opcional), fundamental para o estabelecimento do primeiro governo geral dos A\u00e7ores. Passeio pelo belo Jardim P\u00fablico, o cora\u00e7\u00e3o da cidade<br \/>\nSiga para a C\u00e2mara Municipal e termine o passeio pela Rua Direita, a primeira rua principal que culmina no P\u00e1tio da Alf\u00e2ndega, o cais mais antigo de Angra do Hero\u00edsmo. Daqui avista-se a ba\u00eda de Angra, onde Vasco da Gama desembarcou em 1499, estabelecendo a ilha como ponto de paragem obrigat\u00f3ria para as rotas que atravessam o Atl\u00e2ntico.<\/p>\n","protected":false},"excerpt":{"rendered":"<p>Comece o passeio com o pick-up no seu hotel e conduza ou caminhe at\u00e9 ao centro da cidade.<br \/>\nNo cora\u00e7\u00e3o da cidade, caminhe pelas ruas repletas de monumentos significativos para a hist\u00f3ria das ilhas dos A\u00e7ores. Veja a S\u00e9 Catedral de Angra do Hero\u00edsmo (entrada opcional), uma das mais controversas catedrais cat\u00f3licas, e o Pal\u00e1cio dos Capitaes Generais (entrada opcional), fundamental para o estabelecimento do primeiro governo geral dos A\u00e7ores. Passeio pelo belo Jardim P\u00fablico, o cora\u00e7\u00e3o da cidade<\/p>\n","protected":false},"featured_media":12818,"comment_status":"open","ping_status":"closed","template":"","meta":{"_acf_changed":false},"product_brand":[],"product_cat":[556,539,19279,547],"product_tag":[],"class_list":{"0":"post-12817","1":"product","2":"type-product","3":"status-publish","4":"has-post-thumbnail","6":"product_cat-todas-as-ilhas","7":"product_cat-atividades-pt-pt","8":"product_cat-terceira-pt-pt","9":"product_cat-visitas-guiadas","11":"first","12":"instock","13":"virtual","14":"sold-individually","15":"taxable","16":"purchasable","17":"product-type-phive_booking"},"acf":[],"_links":{"self":[{"href":"https:\/\/guidetotheazores.pt\/pt-pt\/wp-json\/wp\/v2\/product\/12817","targetHints":{"allow":["GET"]}}],"collection":[{"href":"https:\/\/guidetotheazores.pt\/pt-pt\/wp-json\/wp\/v2\/product"}],"about":[{"href":"https:\/\/guidetotheazores.pt\/pt-pt\/wp-json\/wp\/v2\/types\/product"}],"replies":[{"embeddable":true,"href":"https:\/\/guidetotheazores.pt\/pt-pt\/wp-json\/wp\/v2\/comments?post=12817"}],"wp:featuredmedia":[{"embeddable":true,"href":"https:\/\/guidetotheazores.pt\/pt-pt\/wp-json\/wp\/v2\/media\/12818"}],"wp:attachment":[{"href":"https:\/\/guidetotheazores.pt\/pt-pt\/wp-json\/wp\/v2\/media?parent=12817"}],"wp:term":[{"taxonomy":"product_brand","embeddable":true,"href":"https:\/\/guidetotheazores.pt\/pt-pt\/wp-json\/wp\/v2\/product_brand?post=12817"},{"taxonomy":"product_cat","embeddable":true,"href":"https:\/\/guidetotheazores.pt\/pt-pt\/wp-json\/wp\/v2\/product_cat?post=12817"},{"taxonomy":"product_tag","embeddable":true,"href":"https:\/\/guidetotheazores.pt\/pt-pt\/wp-json\/wp\/v2\/product_tag?post=12817"}],"curies":[{"name":"wp","href":"https:\/\/api.w.org\/{rel}","templated":true}]}}