{"id":12827,"date":"2024-02-05T10:37:27","date_gmt":"2024-02-05T11:37:27","guid":{"rendered":"https:\/\/guidetotheazores.pt\/?post_type=product&#038;p=12827"},"modified":"2024-02-05T21:39:08","modified_gmt":"2024-02-05T22:39:08","slug":"terceira-island-half-day-hiking-trails","status":"publish","type":"product","link":"https:\/\/guidetotheazores.pt\/pt-pt\/produto\/terceira-island-half-day-hiking-trails\/","title":{"rendered":"Terceira Island &#8211; Half-Day Hiking Trails"},"content":{"rendered":"<p>O guia vai buscar todos os viajantes ao seu alojamento.<\/p>\n<p>Depois de deixar o alojamento, o guia leva todos os viajantes para o trilho desejado. Existem v\u00e1rias op\u00e7\u00f5es:<\/p>\n<p>1. Trilho Pedestre da Rocha do Chambre: Conhecer uma grande parte do interior da ilha, percorrendo um dos vulc\u00f5es mais importantes da Terceira. Est\u00e1 classificado como sendo de dificuldade m\u00e9dia, com uma extens\u00e3o de 8,8 km, com uma dura\u00e7\u00e3o m\u00e9dia de 3,5 horas.<\/p>\n<p>2. Trilho Pedestre dos Mist\u00e9rios Negros: Caminhar ao lado de v\u00e1rias esp\u00e9cies end\u00e9micas, visitar pequenas lagoas e caminhar sobre lava. Tudo isto \u00e9 poss\u00edvel no trilho dos Mist\u00e9rios Negros, classificado como dif\u00edcil, com uma extens\u00e3o de 4,9 km, com uma dura\u00e7\u00e3o de cerca de 3,5 horas.<\/p>\n<p>3. Ba\u00edas da Agualva: Trilho maioritariamente virado para o mar, percorre a costa da aldeia de Agualva, observando forma\u00e7\u00f5es vulc\u00e2nicas e esp\u00e9cies end\u00e9micas como a Erica Azorica. \u00c9 classificado como f\u00e1cil, com uma extens\u00e3o de 3,8 km, com uma dura\u00e7\u00e3o m\u00e9dia de 3 horas.<\/p>\n<p>4. Fortes de S\u00e3o Sebasti\u00e3o: Um percurso pedestre que passa por v\u00e1rias fortifica\u00e7\u00f5es anteriores \u00e0s invas\u00f5es espanholas na Ilha Terceira, um verdadeiro passeio pela hist\u00f3ria! \u00c9 classificado como f\u00e1cil, com uma extens\u00e3o de 5,7 km (3,54 milhas), com uma dura\u00e7\u00e3o m\u00e9dia de 3,5 horas.<\/p>\n<p>5. Serreta: Este \u00e9 um trilho circular com uma extens\u00e3o de 6,8 km, o tempo m\u00e9dio de conclus\u00e3o \u00e9 de cerca de 3,5 horas. Neste percurso \u00e9 poss\u00edvel observar vest\u00edgios de atividade vulc\u00e2nica e esp\u00e9cies end\u00e9micas.<\/p>\n<p>6. Bestas: \u00c9 um trilho circular com uma extens\u00e3o de 4 km, com um tempo m\u00e9dio de execu\u00e7\u00e3o de cerca de 3 horas. Neste trilho \u00e9 poss\u00edvel ver impressos no ch\u00e3o, os antigos caminhos de carros de bois conhecidos como Passagem das Bestas, bem como v\u00e1rias esp\u00e9cies end\u00e9micas.<\/p>\n<p>7. Monte Brasil: Este \u00e9 um trilho circular com uma extens\u00e3o de 7,4 km, o tempo m\u00e9dio de conclus\u00e3o \u00e9 de cerca de 3,5 horas. Neste trilho decorre no Monte Brasil, rodeado por uma fortaleza espanhola. \u00c9 poss\u00edvel observar v\u00e1rias esp\u00e9cies de plantas end\u00e9micas.<\/p>\n<p>O guia deixar\u00e1 todos os visitantes no alojamento escolhido ap\u00f3s o passeio.<\/p>\n","protected":false},"excerpt":{"rendered":"<p>O guia vai buscar todos os viajantes ao seu alojamento. Depois de deixar o alojamento, o guia leva todos os<\/p>\n","protected":false},"featured_media":12840,"comment_status":"open","ping_status":"closed","template":"","meta":{"_acf_changed":false},"product_brand":[],"product_cat":[539,548,19279,556],"product_tag":[],"class_list":{"0":"post-12827","1":"product","2":"type-product","3":"status-publish","4":"has-post-thumbnail","6":"product_cat-atividades-pt-pt","7":"product_cat-caminhadas","8":"product_cat-terceira-pt-pt","9":"product_cat-todas-as-ilhas","11":"first","12":"instock","13":"virtual","14":"sold-individually","15":"taxable","16":"purchasable","17":"product-type-phive_booking"},"acf":[],"_links":{"self":[{"href":"https:\/\/guidetotheazores.pt\/pt-pt\/wp-json\/wp\/v2\/product\/12827","targetHints":{"allow":["GET"]}}],"collection":[{"href":"https:\/\/guidetotheazores.pt\/pt-pt\/wp-json\/wp\/v2\/product"}],"about":[{"href":"https:\/\/guidetotheazores.pt\/pt-pt\/wp-json\/wp\/v2\/types\/product"}],"replies":[{"embeddable":true,"href":"https:\/\/guidetotheazores.pt\/pt-pt\/wp-json\/wp\/v2\/comments?post=12827"}],"wp:featuredmedia":[{"embeddable":true,"href":"https:\/\/guidetotheazores.pt\/pt-pt\/wp-json\/wp\/v2\/media\/12840"}],"wp:attachment":[{"href":"https:\/\/guidetotheazores.pt\/pt-pt\/wp-json\/wp\/v2\/media?parent=12827"}],"wp:term":[{"taxonomy":"product_brand","embeddable":true,"href":"https:\/\/guidetotheazores.pt\/pt-pt\/wp-json\/wp\/v2\/product_brand?post=12827"},{"taxonomy":"product_cat","embeddable":true,"href":"https:\/\/guidetotheazores.pt\/pt-pt\/wp-json\/wp\/v2\/product_cat?post=12827"},{"taxonomy":"product_tag","embeddable":true,"href":"https:\/\/guidetotheazores.pt\/pt-pt\/wp-json\/wp\/v2\/product_tag?post=12827"}],"curies":[{"name":"wp","href":"https:\/\/api.w.org\/{rel}","templated":true}]}}