{"id":12846,"date":"2024-02-05T10:43:48","date_gmt":"2024-02-05T11:43:48","guid":{"rendered":"https:\/\/guidetotheazores.pt\/?post_type=product&#038;p=12846"},"modified":"2026-04-05T08:13:22","modified_gmt":"2026-04-05T09:13:22","slug":"terceira-island-half-day-geo-tour","status":"publish","type":"product","link":"https:\/\/guidetotheazores.pt\/pt-pt\/produto\/terceira-island-half-day-geo-tour\/","title":{"rendered":"Terceira Island &#8211; Half-Day Geo Tour"},"content":{"rendered":"<p>Visita guiada. Visite o Algar do Carv\u00e3o, as Furnas do Enxofre e a Gruta do Natal com um guia especializado.<\/p>\n<p>Encontre-se com o seu guia e motorista para o recolher no seu hotel e dirija-se \u00e0 primeira paragem da excurs\u00e3o &#8211; o inativo Algar do Carv\u00e3o. Visite-o por dentro e descubra o seu pequeno lago e as suas fascinantes forma\u00e7\u00f5es geol\u00f3gicas.<\/p>\n<p>De seguida, dirija-se \u00e0s Furnas do Enxofre, uma pequena faixa de terra com 20 fumarolas que expelem vapor branco para o ar. Poder\u00e1 tamb\u00e9m observar a flora aut\u00f3ctone como o zimbro e o mirtilo dos A\u00e7ores.<\/p>\n<p>O passeio termina com uma visita \u00e0 Gruta do Natal, um sistema de grutas conhecido como tubo de lava, repleto de espectaculares forma\u00e7\u00f5es vulc\u00e2nicas.<\/p>\n","protected":false},"excerpt":{"rendered":"<p>Visita guiada. Visite o Algar do Carv\u00e3o, as Furnas do Enxofre e a Gruta do Natal com um guia especializado.<\/p>\n","protected":false},"featured_media":12856,"comment_status":"open","ping_status":"closed","template":"","meta":{"_acf_changed":false},"product_brand":[],"product_cat":[556,539,545,19279],"product_tag":[],"class_list":{"0":"post-12846","1":"product","2":"type-product","3":"status-publish","4":"has-post-thumbnail","6":"product_cat-todas-as-ilhas","7":"product_cat-atividades-pt-pt","8":"product_cat-geotourism-pt-pt","9":"product_cat-terceira-pt-pt","11":"first","12":"instock","13":"virtual","14":"sold-individually","15":"taxable","16":"purchasable","17":"product-type-phive_booking"},"acf":[],"_links":{"self":[{"href":"https:\/\/guidetotheazores.pt\/pt-pt\/wp-json\/wp\/v2\/product\/12846","targetHints":{"allow":["GET"]}}],"collection":[{"href":"https:\/\/guidetotheazores.pt\/pt-pt\/wp-json\/wp\/v2\/product"}],"about":[{"href":"https:\/\/guidetotheazores.pt\/pt-pt\/wp-json\/wp\/v2\/types\/product"}],"replies":[{"embeddable":true,"href":"https:\/\/guidetotheazores.pt\/pt-pt\/wp-json\/wp\/v2\/comments?post=12846"}],"wp:featuredmedia":[{"embeddable":true,"href":"https:\/\/guidetotheazores.pt\/pt-pt\/wp-json\/wp\/v2\/media\/12856"}],"wp:attachment":[{"href":"https:\/\/guidetotheazores.pt\/pt-pt\/wp-json\/wp\/v2\/media?parent=12846"}],"wp:term":[{"taxonomy":"product_brand","embeddable":true,"href":"https:\/\/guidetotheazores.pt\/pt-pt\/wp-json\/wp\/v2\/product_brand?post=12846"},{"taxonomy":"product_cat","embeddable":true,"href":"https:\/\/guidetotheazores.pt\/pt-pt\/wp-json\/wp\/v2\/product_cat?post=12846"},{"taxonomy":"product_tag","embeddable":true,"href":"https:\/\/guidetotheazores.pt\/pt-pt\/wp-json\/wp\/v2\/product_tag?post=12846"}],"curies":[{"name":"wp","href":"https:\/\/api.w.org\/{rel}","templated":true}]}}