{"id":12966,"date":"2024-02-05T13:13:27","date_gmt":"2024-02-05T14:13:27","guid":{"rendered":"https:\/\/guidetotheazores.pt\/?post_type=product&#038;p=12966"},"modified":"2024-12-29T08:04:18","modified_gmt":"2024-12-29T09:04:18","slug":"jeep-safari-tour-full-day","status":"publish","type":"product","link":"https:\/\/guidetotheazores.pt\/pt-pt\/produto\/jeep-safari-tour-full-day\/","title":{"rendered":"Jeep Safari Tour &#8211; Full Day"},"content":{"rendered":"<p>Escapadelas Selvagens: Aventura de dia inteiro num Jeep Safari na Ilha Terceira<\/p>\n<p>Liberte o seu explorador interior. Aperte o cinto e prepare-se para uma viagem cheia de adrenalina pelo cora\u00e7\u00e3o da Ilha Terceira.<\/p>\n<p>O nosso Jeep Safari de dia inteiro promete uma aventura todo-o-terreno como nenhuma outra. Deixe o comum.<\/p>\n<p>Conecte-se com o interior da flores da Laurissilva; com a sua flora e fauna \u00fanicas de uma forma completamente diferente e aventureira a bordo dos nossos ve\u00edculos 4&#215;4 descapot\u00e1veis preparados para aceder a lugares distintos. Para al\u00e9m disso conhe\u00e7a os pontos de maior interesse cultural e paisag\u00edstico da nossa ilha.<\/p>\n<ul>\n<li>Garantimos vista panor\u00e2mica durante todo o passeio\/We guarantee panoramic views throughout the tour<\/li>\n<li>Cobertura de veiculo sempre dispon\u00edvel\/Vehicle coverage always available<\/li>\n<li>N\u00e3o aconselh\u00e1vel a gr\u00e1vidas ou pessoas com baixa mobilidade ou condi\u00e7\u00f5es especiais\/Not advisable for pregnant women or people with low mobility or special conditions.<\/li>\n<li>Acess\u00edvel a todas as idades\/Accessible to all ages.<\/li>\n<li>Inclui: Seguro de Atividade, Kit SOS, Imperme\u00e1vel TU, Guia Profissional\/Certificado e Pick-up\/Drop-off de Alojamento<\/li>\n<li>Bilhete de entrada \u00e0 gruta n\u00e3o inclu\u00eddo no valor final. Se quiser acrescentar almo\u00e7o ao seu pacote, por favor mencionar aquando da reserva. \/ Entrance ticket to the cave is not included in the final price. If you would like to add lunch to your package, please mention it when booking.<\/li>\n<\/ul>\n<table class=\"t1\" style=\"height: 231px;\" width=\"441\" cellspacing=\"0\" cellpadding=\"0\">\n<tbody>\n<tr>\n<td class=\"td1\" valign=\"middle\">\n<p class=\"p1\"><span class=\"s1\">Individual Price<\/span><\/p>\n<\/td>\n<td class=\"td2\" colspan=\"2\" valign=\"middle\">\n<p class=\"p1\"><span class=\"s1\">305\u20ac<\/span><\/p>\n<\/td>\n<\/tr>\n<tr>\n<td class=\"td3\" valign=\"middle\">\n<p class=\"p1\"><span class=\"s1\">Price per person (2 to 3 pax)<\/span><\/p>\n<\/td>\n<td class=\"td4\" colspan=\"2\" valign=\"middle\">\n<p class=\"p1\"><span class=\"s1\">150\u20ac<\/span><\/p>\n<\/td>\n<\/tr>\n<tr>\n<td class=\"td1\" valign=\"middle\">\n<p class=\"p1\"><span class=\"s1\">Price per person (4 to 6 pax)<\/span><\/p>\n<\/td>\n<td class=\"td2\" colspan=\"2\" valign=\"middle\">\n<p class=\"p1\"><span class=\"s1\">95\u20ac<\/span><\/p>\n<\/td>\n<\/tr>\n<tr>\n<td class=\"td3\" valign=\"middle\">\n<p class=\"p1\"><span class=\"s1\">Price per person (&gt; 6 pax)<\/span><\/p>\n<\/td>\n<td class=\"td4\" colspan=\"2\" valign=\"middle\">\n<p class=\"p1\"><span class=\"s1\">85\u20ac<\/span><\/p>\n<\/td>\n<\/tr>\n<\/tbody>\n<\/table>\n<p>&nbsp;<\/p>\n","protected":false},"excerpt":{"rendered":"<p>Escapadelas Selvagens: Aventura de dia inteiro num Jeep Safari na Ilha Terceira<\/p>\n<p>Liberte o seu explorador interior. Aperte o cinto e prepare-se para uma viagem cheia de adrenalina pelo cora\u00e7\u00e3o da Ilha Terceira.<\/p>\n<p>O nosso Jeep Safari de dia inteiro promete uma aventura todo-o-terreno como nenhuma outra. Deixe o comum.<\/p>\n<p>Conecte-se com o interior da flores da Laurissilva; com a sua flora e fauna \u00fanicas de uma forma completamente diferente e aventureira a bordo dos nossos ve\u00edculos 4&#215;4 descapot\u00e1veis preparados para aceder a lugares distintos. Para al\u00e9m disso conhe\u00e7a os pontos de maior interesse cultural e paisag\u00edstico da nossa ilha.<\/p>\n<table class=\"t1\" style=\"height: 228px;\" width=\"461\" cellspacing=\"0\" cellpadding=\"0\">\n<tbody>\n<tr>\n<td class=\"td1\" valign=\"middle\">\n<p class=\"p1\"><span class=\"s1\">Individual Price<\/span><\/p>\n<\/td>\n<td class=\"td2\" colspan=\"2\" valign=\"middle\">\n<p class=\"p1\"><span class=\"s1\">305\u20ac<\/span><\/p>\n<\/td>\n<\/tr>\n<tr>\n<td class=\"td3\" valign=\"middle\">\n<p class=\"p1\"><span class=\"s1\">Price per person (2 to 3 pax)<\/span><\/p>\n<\/td>\n<td class=\"td4\" colspan=\"2\" valign=\"middle\">\n<p class=\"p1\"><span class=\"s1\">150\u20ac<\/span><\/p>\n<\/td>\n<\/tr>\n<tr>\n<td class=\"td1\" valign=\"middle\">\n<p class=\"p1\"><span class=\"s1\">Price per person (4 to 6 pax)<\/span><\/p>\n<\/td>\n<td class=\"td2\" colspan=\"2\" valign=\"middle\">\n<p class=\"p1\"><span class=\"s1\">95\u20ac<\/span><\/p>\n<\/td>\n<\/tr>\n<tr>\n<td class=\"td3\" valign=\"middle\">\n<p class=\"p1\"><span class=\"s1\">Price per person (&gt; 6 pax)<\/span><\/p>\n<\/td>\n<td class=\"td4\" colspan=\"2\" valign=\"middle\">\n<p class=\"p1\"><span class=\"s1\">85\u20ac<\/span><\/p>\n<\/td>\n<\/tr>\n<\/tbody>\n<\/table>\n","protected":false},"featured_media":12939,"comment_status":"open","ping_status":"closed","template":"","meta":{"_acf_changed":false},"product_brand":[],"product_cat":[539,548,545,19279,556,547],"product_tag":[],"class_list":{"0":"post-12966","1":"product","2":"type-product","3":"status-publish","4":"has-post-thumbnail","6":"product_cat-atividades-pt-pt","7":"product_cat-caminhadas","8":"product_cat-geotourism-pt-pt","9":"product_cat-terceira-pt-pt","10":"product_cat-todas-as-ilhas","11":"product_cat-visitas-guiadas","13":"first","14":"instock","15":"virtual","16":"sold-individually","17":"taxable","18":"purchasable","19":"product-type-phive_booking"},"acf":[],"_links":{"self":[{"href":"https:\/\/guidetotheazores.pt\/pt-pt\/wp-json\/wp\/v2\/product\/12966","targetHints":{"allow":["GET"]}}],"collection":[{"href":"https:\/\/guidetotheazores.pt\/pt-pt\/wp-json\/wp\/v2\/product"}],"about":[{"href":"https:\/\/guidetotheazores.pt\/pt-pt\/wp-json\/wp\/v2\/types\/product"}],"replies":[{"embeddable":true,"href":"https:\/\/guidetotheazores.pt\/pt-pt\/wp-json\/wp\/v2\/comments?post=12966"}],"wp:featuredmedia":[{"embeddable":true,"href":"https:\/\/guidetotheazores.pt\/pt-pt\/wp-json\/wp\/v2\/media\/12939"}],"wp:attachment":[{"href":"https:\/\/guidetotheazores.pt\/pt-pt\/wp-json\/wp\/v2\/media?parent=12966"}],"wp:term":[{"taxonomy":"product_brand","embeddable":true,"href":"https:\/\/guidetotheazores.pt\/pt-pt\/wp-json\/wp\/v2\/product_brand?post=12966"},{"taxonomy":"product_cat","embeddable":true,"href":"https:\/\/guidetotheazores.pt\/pt-pt\/wp-json\/wp\/v2\/product_cat?post=12966"},{"taxonomy":"product_tag","embeddable":true,"href":"https:\/\/guidetotheazores.pt\/pt-pt\/wp-json\/wp\/v2\/product_tag?post=12966"}],"curies":[{"name":"wp","href":"https:\/\/api.w.org\/{rel}","templated":true}]}}