{"id":13028,"date":"2024-02-05T16:34:38","date_gmt":"2024-02-05T17:34:38","guid":{"rendered":"https:\/\/guidetotheazores.pt\/?post_type=product&#038;p=13028"},"modified":"2025-12-28T11:12:10","modified_gmt":"2025-12-28T12:12:10","slug":"van-tour-underground-half-day","status":"publish","type":"product","link":"https:\/\/guidetotheazores.pt\/pt-pt\/produto\/van-tour-underground-half-day\/","title":{"rendered":"VAN TOUR &#8211; Underground (Half Day)"},"content":{"rendered":"<h2>As grutas subterr\u00e2neas s\u00e3o um dos s\u00edtios mais fant\u00e1sticos para visitar na Ilha Terceira!<\/h2>\n<p>Dura\u00e7\u00e3o:\u00a03H<\/p>\n<h3>Sobre as grutas<\/h3>\n<p>As grutas subterr\u00e2neas s\u00e3o um dos s\u00edtios mais fant\u00e1sticos para visitar na Ilha Terceira. Este passeio conta com a ida \u00e0 Gruta do Natal e ao Algar do Carv\u00e3o, bem como com a passagem pelas famosas Gases Sulfurosos \/ Furnas do Enxofre e pela zona de lazer da Lagoa dos Patos.<\/p>\n<h3>Destaques<\/h3>\n<p>Visita ao tubo de lava<br \/>\nVisita ao interior de um vulc\u00e3o<br \/>\nFumarolas<\/p>\n<h3>Inclui:<\/h3>\n<p>Guia tur\u00edstico<br \/>\nSeguro de Acidentes Pessoais<br \/>\nPick up e Drop off em Angra do Hero\u00edsmo<br \/>\nN\u00e3o inclui:<br \/>\nBilhetes para as grutas (15\u20ac)<\/p>\n<h3>Ponto de encontro:<\/h3>\n<p>O nosso escrit\u00f3rio em Angra do Hero\u00edsmo<\/p>\n","protected":false},"excerpt":{"rendered":"<p>As grutas subterr\u00e2neas s\u00e3o uma das coisas mais fant\u00e1sticas a visitar na Ilha Terceira. Este passeio conta com a ida \u00e0 Gruta do Natal e ao Algar do Carv\u00e3o, bem como com a passagem pelas famosas Gases Sulfurosos \/ Furnas do Enxofre e pela zona de lazer da Lagoa dos Patos.<\/p>\n","protected":false},"featured_media":13029,"comment_status":"open","ping_status":"closed","template":"","meta":{"_acf_changed":false},"product_brand":[],"product_cat":[539,545,19279,556,547],"product_tag":[],"class_list":{"0":"post-13028","1":"product","2":"type-product","3":"status-publish","4":"has-post-thumbnail","6":"product_cat-atividades-pt-pt","7":"product_cat-geotourism-pt-pt","8":"product_cat-terceira-pt-pt","9":"product_cat-todas-as-ilhas","10":"product_cat-visitas-guiadas","12":"first","13":"instock","14":"virtual","15":"sold-individually","16":"taxable","17":"purchasable","18":"product-type-phive_booking"},"acf":[],"_links":{"self":[{"href":"https:\/\/guidetotheazores.pt\/pt-pt\/wp-json\/wp\/v2\/product\/13028","targetHints":{"allow":["GET"]}}],"collection":[{"href":"https:\/\/guidetotheazores.pt\/pt-pt\/wp-json\/wp\/v2\/product"}],"about":[{"href":"https:\/\/guidetotheazores.pt\/pt-pt\/wp-json\/wp\/v2\/types\/product"}],"replies":[{"embeddable":true,"href":"https:\/\/guidetotheazores.pt\/pt-pt\/wp-json\/wp\/v2\/comments?post=13028"}],"wp:featuredmedia":[{"embeddable":true,"href":"https:\/\/guidetotheazores.pt\/pt-pt\/wp-json\/wp\/v2\/media\/13029"}],"wp:attachment":[{"href":"https:\/\/guidetotheazores.pt\/pt-pt\/wp-json\/wp\/v2\/media?parent=13028"}],"wp:term":[{"taxonomy":"product_brand","embeddable":true,"href":"https:\/\/guidetotheazores.pt\/pt-pt\/wp-json\/wp\/v2\/product_brand?post=13028"},{"taxonomy":"product_cat","embeddable":true,"href":"https:\/\/guidetotheazores.pt\/pt-pt\/wp-json\/wp\/v2\/product_cat?post=13028"},{"taxonomy":"product_tag","embeddable":true,"href":"https:\/\/guidetotheazores.pt\/pt-pt\/wp-json\/wp\/v2\/product_tag?post=13028"}],"curies":[{"name":"wp","href":"https:\/\/api.w.org\/{rel}","templated":true}]}}