{"id":13044,"date":"2024-02-05T16:52:33","date_gmt":"2024-02-05T17:52:33","guid":{"rendered":"https:\/\/guidetotheazores.pt\/?post_type=product&#038;p=13044"},"modified":"2024-02-06T05:13:37","modified_gmt":"2024-02-06T06:13:37","slug":"van-tour-east-coast-half-day","status":"publish","type":"product","link":"https:\/\/guidetotheazores.pt\/pt-pt\/produto\/van-tour-east-coast-half-day\/","title":{"rendered":"VAN TOUR &#8211; East Coast (Half Day)"},"content":{"rendered":"<h2>Conhe\u00e7a o lado mais hist\u00f3rico da ilha!<\/h2>\n<h3>Dura\u00e7\u00e3o:\u00a03H<\/h3>\n<h3>Sobre a Costa<\/h3>\n<p>A Costa Leste \u00e9 conhecida pelas suas extensas \u00e1reas verdes, ricas em Imp\u00e9rios, Hist\u00f3ria e Cultura A\u00e7oriana. Neste passeio, podemos entrar na alma da ilha e visitar miradouros e locais secretos que s\u00f3 s\u00e3o conhecidos pelos habitantes locais.<\/p>\n<h3>Destaques<\/h3>\n<p>Miradouro dos Ilh\u00e9us<\/p>\n<p>Piscinas Naturais do Porto Martins<\/p>\n<p>Miradouro do Facho<\/p>\n<p>Praia da Vit\u00f3ria<\/p>\n<p>Serra do Cume<\/p>\n<h3>Inclui:<\/h3>\n<p>Guia tur\u00edstico<\/p>\n<p>Seguro de Acidentes Pessoais<\/p>\n<p>Pick up e Drop off em Angra do Hero\u00edsmo<\/p>\n<h3>Ponto de encontro:<\/h3>\n<p>O nosso escrit\u00f3rio em Angra do Hero\u00edsmo<\/p>\n","protected":false},"excerpt":{"rendered":"<p>A Costa Leste \u00e9 conhecida pelas suas extensas \u00e1reas verdes, ricas em Imp\u00e9rios, Hist\u00f3ria e Cultura A\u00e7oriana. Neste passeio, podemos entrar na alma da ilha e visitar miradouros e locais secretos que s\u00f3 s\u00e3o conhecidos pelos habitantes locais.<\/p>\n","protected":false},"featured_media":13060,"comment_status":"open","ping_status":"closed","template":"","meta":{"_acf_changed":false},"product_brand":[],"product_cat":[539,19279,556,547],"product_tag":[],"class_list":{"0":"post-13044","1":"product","2":"type-product","3":"status-publish","4":"has-post-thumbnail","6":"product_cat-atividades-pt-pt","7":"product_cat-terceira-pt-pt","8":"product_cat-todas-as-ilhas","9":"product_cat-visitas-guiadas","11":"first","12":"instock","13":"virtual","14":"sold-individually","15":"taxable","16":"purchasable","17":"product-type-phive_booking"},"acf":[],"_links":{"self":[{"href":"https:\/\/guidetotheazores.pt\/pt-pt\/wp-json\/wp\/v2\/product\/13044","targetHints":{"allow":["GET"]}}],"collection":[{"href":"https:\/\/guidetotheazores.pt\/pt-pt\/wp-json\/wp\/v2\/product"}],"about":[{"href":"https:\/\/guidetotheazores.pt\/pt-pt\/wp-json\/wp\/v2\/types\/product"}],"replies":[{"embeddable":true,"href":"https:\/\/guidetotheazores.pt\/pt-pt\/wp-json\/wp\/v2\/comments?post=13044"}],"wp:featuredmedia":[{"embeddable":true,"href":"https:\/\/guidetotheazores.pt\/pt-pt\/wp-json\/wp\/v2\/media\/13060"}],"wp:attachment":[{"href":"https:\/\/guidetotheazores.pt\/pt-pt\/wp-json\/wp\/v2\/media?parent=13044"}],"wp:term":[{"taxonomy":"product_brand","embeddable":true,"href":"https:\/\/guidetotheazores.pt\/pt-pt\/wp-json\/wp\/v2\/product_brand?post=13044"},{"taxonomy":"product_cat","embeddable":true,"href":"https:\/\/guidetotheazores.pt\/pt-pt\/wp-json\/wp\/v2\/product_cat?post=13044"},{"taxonomy":"product_tag","embeddable":true,"href":"https:\/\/guidetotheazores.pt\/pt-pt\/wp-json\/wp\/v2\/product_tag?post=13044"}],"curies":[{"name":"wp","href":"https:\/\/api.w.org\/{rel}","templated":true}]}}